{"id":10002,"date":"2025-07-26T14:24:02","date_gmt":"2025-07-26T12:24:02","guid":{"rendered":"https:\/\/lumierediamonds.eu\/?page_id=10002"},"modified":"2025-12-09T12:53:23","modified_gmt":"2025-12-09T11:53:23","slug":"blog","status":"publish","type":"page","link":"https:\/\/lumierediamonds.eu\/de\/blog\/","title":{"rendered":"Blog"},"content":{"rendered":"<div data-elementor-type=\"wp-page\" data-elementor-id=\"10002\" class=\"elementor elementor-10002\" data-elementor-post-type=\"page\">\n\t\t\t\t<div class=\"elementor-element elementor-element-66a89ab e-flex e-con-boxed e-con e-parent\" data-id=\"66a89ab\" data-element_type=\"container\" data-settings=\"{&quot;background_background&quot;:&quot;classic&quot;}\">\n\t\t\t\t\t<div class=\"e-con-inner\">\n\t\t\t\t<div class=\"elementor-element elementor-element-0db6a45 elementor-widget elementor-widget-heading\" data-id=\"0db6a45\" data-element_type=\"widget\" data-widget_type=\"heading.default\">\n\t\t\t\t<div class=\"elementor-widget-container\">\n\t\t\t<h1 class=\"elementor-heading-title elementor-size-default\">Zeitschrift<\/h1>\t\t<\/div>\n\t\t\t\t<\/div>\n\t\t\t\t<div class=\"elementor-element elementor-element-c6b1879 elementor-widget__width-initial elementor-widget elementor-widget-text-editor\" data-id=\"c6b1879\" data-element_type=\"widget\" data-widget_type=\"text-editor.default\">\n\t\t\t\t<div class=\"elementor-widget-container\">\n\t\t\t\t\t\t\t<blockquote><p>Entdecken Sie unser kuratiertes Journal voller Inspiration, Einblicke und Innovationen.<b>.<\/b><\/p><\/blockquote><blockquote><p>Von fachkundiger Beratung zu Diamanten bis hin zu zeitlosen Ideen f\u00fcr Heiratsantr\u00e4ge \u2013 entdecken Sie, wie Lumi\u00e8re Brillanz in jeder Facette feiert.<\/p><\/blockquote>\t\t\t\t\t\t<\/div>\n\t\t\t\t<\/div>\n\t\t\t\t\t<\/div>\n\t\t\t\t<\/div>\n\t\t<div class=\"elementor-element elementor-element-2427bb2 e-flex e-con-boxed e-con e-parent\" data-id=\"2427bb2\" data-element_type=\"container\">\n\t\t\t\t\t<div class=\"e-con-inner\">\n\t\t\t\t<div class=\"elementor-element elementor-element-8976f60 elementor-grid-3 elementor-grid-tablet-2 elementor-grid-mobile-1 elementor-posts--thumbnail-top elementor-widget elementor-widget-posts\" data-id=\"8976f60\" data-element_type=\"widget\" data-settings=\"{&quot;classic_columns&quot;:&quot;3&quot;,&quot;classic_columns_tablet&quot;:&quot;2&quot;,&quot;classic_columns_mobile&quot;:&quot;1&quot;,&quot;classic_row_gap&quot;:{&quot;unit&quot;:&quot;px&quot;,&quot;size&quot;:35,&quot;sizes&quot;:[]},&quot;classic_row_gap_tablet&quot;:{&quot;unit&quot;:&quot;px&quot;,&quot;size&quot;:&quot;&quot;,&quot;sizes&quot;:[]},&quot;classic_row_gap_mobile&quot;:{&quot;unit&quot;:&quot;px&quot;,&quot;size&quot;:&quot;&quot;,&quot;sizes&quot;:[]}}\" data-widget_type=\"posts.classic\">\n\t\t\t\t<div class=\"elementor-widget-container\">\n\t\t\t\t\t<div class=\"elementor-posts-container elementor-posts elementor-posts--skin-classic elementor-grid\">\n\t\t\t\t<article class=\"elementor-post elementor-grid-item post-10069 post type-post status-publish format-standard has-post-thumbnail hentry category-innovation-sustainability tag-conscious-consumerism tag-eco-friendly-engagement-rings tag-ethical-diamond-alternatives tag-ethical-fine-jewelry tag-lab-diamond-innovation tag-lab-grown-diamonds tag-lumiere-diamonds tag-modern-luxury-jewelry tag-sustainable-jewelry-brands tag-sustainable-luxury-jewelry\">\n\t\t\t\t<a class=\"elementor-post__thumbnail__link\" href=\"https:\/\/lumierediamonds.eu\/de\/blog\/nachhaltiger-luxus-wie-im-labor-gezuchtete-diamanten-die-schmuckindustrie-verandern\/\" tabindex=\"-1\" >\n\t\t\t<div class=\"elementor-post__thumbnail\"><img fetchpriority=\"high\" decoding=\"async\" width=\"800\" height=\"800\" src=\"https:\/\/lumierediamonds.eu\/wp-content\/uploads\/2025\/07\/Lumiere-Daisy-Eternity-Hoop-Earrings_0300CT_Y_1_1600X1600-1024x1024.jpg\" class=\"attachment-large size-large wp-image-9590\" alt=\"\" srcset=\"https:\/\/lumierediamonds.eu\/wp-content\/uploads\/2025\/07\/Lumiere-Daisy-Eternity-Hoop-Earrings_0300CT_Y_1_1600X1600-1024x1024.jpg 1024w, https:\/\/lumierediamonds.eu\/wp-content\/uploads\/2025\/07\/Lumiere-Daisy-Eternity-Hoop-Earrings_0300CT_Y_1_1600X1600-300x300.jpg 300w, https:\/\/lumierediamonds.eu\/wp-content\/uploads\/2025\/07\/Lumiere-Daisy-Eternity-Hoop-Earrings_0300CT_Y_1_1600X1600-150x150.jpg 150w, https:\/\/lumierediamonds.eu\/wp-content\/uploads\/2025\/07\/Lumiere-Daisy-Eternity-Hoop-Earrings_0300CT_Y_1_1600X1600-768x768.jpg 768w, https:\/\/lumierediamonds.eu\/wp-content\/uploads\/2025\/07\/Lumiere-Daisy-Eternity-Hoop-Earrings_0300CT_Y_1_1600X1600-1536x1536.jpg 1536w, https:\/\/lumierediamonds.eu\/wp-content\/uploads\/2025\/07\/Lumiere-Daisy-Eternity-Hoop-Earrings_0300CT_Y_1_1600X1600-600x600.jpg 600w, https:\/\/lumierediamonds.eu\/wp-content\/uploads\/2025\/07\/Lumiere-Daisy-Eternity-Hoop-Earrings_0300CT_Y_1_1600X1600-100x100.jpg 100w, https:\/\/lumierediamonds.eu\/wp-content\/uploads\/2025\/07\/Lumiere-Daisy-Eternity-Hoop-Earrings_0300CT_Y_1_1600X1600.jpg 1600w\" sizes=\"(max-width: 800px) 100vw, 800px\" \/><\/div>\n\t\t<\/a>\n\t\t\t\t<div class=\"elementor-post__text\">\n\t\t\t\t<h3 class=\"elementor-post__title\">\n\t\t\t<a href=\"https:\/\/lumierediamonds.eu\/de\/blog\/nachhaltiger-luxus-wie-im-labor-gezuchtete-diamanten-die-schmuckindustrie-verandern\/\" >\n\t\t\t\tNachhaltiger Luxus: Wie im Labor gez\u00fcchtete Diamanten die Welt der Schmuckbranche ver\u00e4ndern\t\t\t<\/a>\n\t\t<\/h3>\n\t\t\t\t<div class=\"elementor-post__excerpt\">\n\t\t\t<p>Entdecken Sie, wie im Labor gez\u00fcchtete Diamanten Luxus mit Ethik, Innovation und Nachhaltigkeit neu definieren. Erfahren Sie, warum moderne Edelschmuckst\u00fccke auf eine sauberere Zukunft setzen.<\/p>\n\t\t<\/div>\n\t\t\t\t<\/div>\n\t\t\t\t<\/article>\n\t\t\t\t<article class=\"elementor-post elementor-grid-item post-10052 post type-post status-publish format-standard has-post-thumbnail hentry category-education-guides tag-certified-diamonds tag-diamond-certification-guide tag-diamond-grading tag-diamond-quality-assurance tag-ethical-jewelry tag-gia-lab-grown-diamonds tag-gia-vs-igi tag-lab-diamond-report tag-lab-grown-diamond-certificate tag-lumiere-diamonds\">\n\t\t\t\t<a class=\"elementor-post__thumbnail__link\" href=\"https:\/\/lumierediamonds.eu\/de\/blog\/warum-sind-von-gia-zertifizierte-labordiamanten-so-wichtig\/\" tabindex=\"-1\" >\n\t\t\t<div class=\"elementor-post__thumbnail\"><img decoding=\"async\" width=\"800\" height=\"800\" src=\"https:\/\/lumierediamonds.eu\/wp-content\/uploads\/2025\/07\/Lumiere-Milan-Emerald-Bezel-Pendant_0050CT_Y_1_1600X1600-1024x1024.jpg\" class=\"attachment-large size-large wp-image-9470\" alt=\"\" srcset=\"https:\/\/lumierediamonds.eu\/wp-content\/uploads\/2025\/07\/Lumiere-Milan-Emerald-Bezel-Pendant_0050CT_Y_1_1600X1600-1024x1024.jpg 1024w, https:\/\/lumierediamonds.eu\/wp-content\/uploads\/2025\/07\/Lumiere-Milan-Emerald-Bezel-Pendant_0050CT_Y_1_1600X1600-300x300.jpg 300w, https:\/\/lumierediamonds.eu\/wp-content\/uploads\/2025\/07\/Lumiere-Milan-Emerald-Bezel-Pendant_0050CT_Y_1_1600X1600-150x150.jpg 150w, https:\/\/lumierediamonds.eu\/wp-content\/uploads\/2025\/07\/Lumiere-Milan-Emerald-Bezel-Pendant_0050CT_Y_1_1600X1600-768x768.jpg 768w, https:\/\/lumierediamonds.eu\/wp-content\/uploads\/2025\/07\/Lumiere-Milan-Emerald-Bezel-Pendant_0050CT_Y_1_1600X1600-1536x1536.jpg 1536w, https:\/\/lumierediamonds.eu\/wp-content\/uploads\/2025\/07\/Lumiere-Milan-Emerald-Bezel-Pendant_0050CT_Y_1_1600X1600-600x600.jpg 600w, https:\/\/lumierediamonds.eu\/wp-content\/uploads\/2025\/07\/Lumiere-Milan-Emerald-Bezel-Pendant_0050CT_Y_1_1600X1600-100x100.jpg 100w, https:\/\/lumierediamonds.eu\/wp-content\/uploads\/2025\/07\/Lumiere-Milan-Emerald-Bezel-Pendant_0050CT_Y_1_1600X1600.jpg 1600w\" sizes=\"(max-width: 800px) 100vw, 800px\" \/><\/div>\n\t\t<\/a>\n\t\t\t\t<div class=\"elementor-post__text\">\n\t\t\t\t<h3 class=\"elementor-post__title\">\n\t\t\t<a href=\"https:\/\/lumierediamonds.eu\/de\/blog\/warum-sind-von-gia-zertifizierte-labordiamanten-so-wichtig\/\" >\n\t\t\t\tWarum GIA-zertifizierte Labordiamanten so wichtig sind\t\t\t<\/a>\n\t\t<\/h3>\n\t\t\t\t<div class=\"elementor-post__excerpt\">\n\t\t\t<p>Erfahren Sie, warum GIA-zertifizierte Labordiamanten un\u00fcbertroffenes Vertrauen, Qualit\u00e4t und Transparenz bieten. Entdecken Sie, wie Lumi\u00e8re sicherstellt, dass jeder Diamant den h\u00f6chsten globalen Standards entspricht.<\/p>\n\t\t<\/div>\n\t\t\t\t<\/div>\n\t\t\t\t<\/article>\n\t\t\t\t<article class=\"elementor-post elementor-grid-item post-10047 post type-post status-publish format-standard has-post-thumbnail hentry category-style-trends tag-east-west-settings tag-engagement-ring-trends-2025 tag-lumiere-diamonds tag-minimalist-engagement-rings tag-modern-ring-styles tag-oval-engagement-rings tag-popular-lab-grown-rings tag-sustainable-engagement-rings tag-toi-et-moi-rings tag-yellow-gold-rings\">\n\t\t\t\t<a class=\"elementor-post__thumbnail__link\" href=\"https:\/\/lumierediamonds.eu\/de\/blog\/top-trends-fur-verlobungsringe-im-jahr-2025\/\" tabindex=\"-1\" >\n\t\t\t<div class=\"elementor-post__thumbnail\"><img decoding=\"async\" width=\"800\" height=\"800\" src=\"https:\/\/lumierediamonds.eu\/wp-content\/uploads\/2024\/11\/Lumiere-The-Celeste-Emerald-Diamond-Engagement-Ring-in-18kt-White-Gold-1-1024x1024.jpg\" class=\"attachment-large size-large wp-image-5701\" alt=\"\" srcset=\"https:\/\/lumierediamonds.eu\/wp-content\/uploads\/2024\/11\/Lumiere-The-Celeste-Emerald-Diamond-Engagement-Ring-in-18kt-White-Gold-1-1024x1024.jpg 1024w, https:\/\/lumierediamonds.eu\/wp-content\/uploads\/2024\/11\/Lumiere-The-Celeste-Emerald-Diamond-Engagement-Ring-in-18kt-White-Gold-1-300x300.jpg 300w, https:\/\/lumierediamonds.eu\/wp-content\/uploads\/2024\/11\/Lumiere-The-Celeste-Emerald-Diamond-Engagement-Ring-in-18kt-White-Gold-1-150x150.jpg 150w, https:\/\/lumierediamonds.eu\/wp-content\/uploads\/2024\/11\/Lumiere-The-Celeste-Emerald-Diamond-Engagement-Ring-in-18kt-White-Gold-1-768x768.jpg 768w, https:\/\/lumierediamonds.eu\/wp-content\/uploads\/2024\/11\/Lumiere-The-Celeste-Emerald-Diamond-Engagement-Ring-in-18kt-White-Gold-1-1536x1536.jpg 1536w, https:\/\/lumierediamonds.eu\/wp-content\/uploads\/2024\/11\/Lumiere-The-Celeste-Emerald-Diamond-Engagement-Ring-in-18kt-White-Gold-1-600x600.jpg 600w, https:\/\/lumierediamonds.eu\/wp-content\/uploads\/2024\/11\/Lumiere-The-Celeste-Emerald-Diamond-Engagement-Ring-in-18kt-White-Gold-1-100x100.jpg 100w, https:\/\/lumierediamonds.eu\/wp-content\/uploads\/2024\/11\/Lumiere-The-Celeste-Emerald-Diamond-Engagement-Ring-in-18kt-White-Gold-1.jpg 1600w\" sizes=\"(max-width: 800px) 100vw, 800px\" \/><\/div>\n\t\t<\/a>\n\t\t\t\t<div class=\"elementor-post__text\">\n\t\t\t\t<h3 class=\"elementor-post__title\">\n\t\t\t<a href=\"https:\/\/lumierediamonds.eu\/de\/blog\/top-trends-fur-verlobungsringe-im-jahr-2025\/\" >\n\t\t\t\tDie wichtigsten Trends bei Verlobungsringen im Jahr 2025\t\t\t<\/a>\n\t\t<\/h3>\n\t\t\t\t<div class=\"elementor-post__excerpt\">\n\t\t\t<p>Entdecken Sie die faszinierendsten Trends f\u00fcr Verlobungsringe im Jahr 2025. Entdecken Sie moderne Stile, nachhaltigen Glanz und die begehrtesten Designs f\u00fcr k\u00fcnstlich gez\u00fcchtete Diamanten des Jahres.<\/p>\n\t\t<\/div>\n\t\t\t\t<\/div>\n\t\t\t\t<\/article>\n\t\t\t\t<article class=\"elementor-post elementor-grid-item post-10004 post type-post status-publish format-standard has-post-thumbnail hentry category-education-guides tag-conflict-free-diamonds tag-diamond-buying-guide tag-diamond-comparison tag-eco-friendly-jewelry tag-ethical-engagement-rings tag-gia-certified-diamonds tag-lab-grown-diamonds tag-lumiere-diamonds tag-natural-diamonds tag-sustainable-diamonds\">\n\t\t\t\t<a class=\"elementor-post__thumbnail__link\" href=\"https:\/\/lumierediamonds.eu\/de\/blog\/laborgezuchtete-diamanten-vs-naturliche-diamanten-was-ist-der-wirkliche-unterschied\/\" tabindex=\"-1\" >\n\t\t\t<div class=\"elementor-post__thumbnail\"><img loading=\"lazy\" decoding=\"async\" width=\"800\" height=\"800\" src=\"https:\/\/lumierediamonds.eu\/wp-content\/uploads\/2025\/07\/Lumiere-Milan-Emerald-Diamond-Earrings_0200CT_W_1_1600X1600-1024x1024.jpg\" class=\"attachment-large size-large wp-image-9637\" alt=\"\" srcset=\"https:\/\/lumierediamonds.eu\/wp-content\/uploads\/2025\/07\/Lumiere-Milan-Emerald-Diamond-Earrings_0200CT_W_1_1600X1600-1024x1024.jpg 1024w, https:\/\/lumierediamonds.eu\/wp-content\/uploads\/2025\/07\/Lumiere-Milan-Emerald-Diamond-Earrings_0200CT_W_1_1600X1600-300x300.jpg 300w, https:\/\/lumierediamonds.eu\/wp-content\/uploads\/2025\/07\/Lumiere-Milan-Emerald-Diamond-Earrings_0200CT_W_1_1600X1600-150x150.jpg 150w, https:\/\/lumierediamonds.eu\/wp-content\/uploads\/2025\/07\/Lumiere-Milan-Emerald-Diamond-Earrings_0200CT_W_1_1600X1600-768x768.jpg 768w, https:\/\/lumierediamonds.eu\/wp-content\/uploads\/2025\/07\/Lumiere-Milan-Emerald-Diamond-Earrings_0200CT_W_1_1600X1600-1536x1536.jpg 1536w, https:\/\/lumierediamonds.eu\/wp-content\/uploads\/2025\/07\/Lumiere-Milan-Emerald-Diamond-Earrings_0200CT_W_1_1600X1600-600x600.jpg 600w, https:\/\/lumierediamonds.eu\/wp-content\/uploads\/2025\/07\/Lumiere-Milan-Emerald-Diamond-Earrings_0200CT_W_1_1600X1600-100x100.jpg 100w, https:\/\/lumierediamonds.eu\/wp-content\/uploads\/2025\/07\/Lumiere-Milan-Emerald-Diamond-Earrings_0200CT_W_1_1600X1600.jpg 1600w\" sizes=\"(max-width: 800px) 100vw, 800px\" \/><\/div>\n\t\t<\/a>\n\t\t\t\t<div class=\"elementor-post__text\">\n\t\t\t\t<h3 class=\"elementor-post__title\">\n\t\t\t<a href=\"https:\/\/lumierediamonds.eu\/de\/blog\/laborgezuchtete-diamanten-vs-naturliche-diamanten-was-ist-der-wirkliche-unterschied\/\" >\n\t\t\t\tLaborgez\u00fcchtete Diamanten vs. nat\u00fcrliche Diamanten: Was ist der eigentliche Unterschied?\t\t\t<\/a>\n\t\t<\/h3>\n\t\t\t\t<div class=\"elementor-post__excerpt\">\n\t\t\t<p>Entdecken Sie die wichtigsten Unterschiede zwischen im Labor gez\u00fcchteten und nat\u00fcrlichen Diamanten. Erfahren Sie, welche Option f\u00fcr Sie besser ist \u2013 in ethischer, finanzieller und wissenschaftlicher Hinsicht. Ihr Leitfaden f\u00fcr nachhaltige, brillante Entscheidungen.<\/p>\n\t\t<\/div>\n\t\t\t\t<\/div>\n\t\t\t\t<\/article>\n\t\t\t\t<\/div>\n\t\t\n\t\t\t\t<\/div>\n\t\t\t\t<\/div>\n\t\t\t\t\t<\/div>\n\t\t\t\t<\/div>\n\t\t\t\t<\/div>","protected":false},"excerpt":{"rendered":"<p>Entdecken Sie den Lumi\u00e8re-Blog \u2013 Ihre zuverl\u00e4ssige Quelle f\u00fcr Inspiration rund um Diamantschmuck, Expertenratschl\u00e4ge und die neuesten Trends im Bereich nachhaltiger Luxus. Von Ideen f\u00fcr Heiratsantr\u00e4ge \u00fcber Stiltipps bis hin zu Einblicken hinter die Kulissen der Handwerkskunst \u2013 entdecken Sie, wie Brillanz immer Teil des Designs ist.<\/p>","protected":false},"author":1,"featured_media":9883,"parent":0,"menu_order":0,"comment_status":"closed","ping_status":"closed","template":"","meta":{"_acf_changed":false,"footnotes":""},"class_list":["post-10002","page","type-page","status-publish","has-post-thumbnail","hentry"],"acf":[],"jetpack_sharing_enabled":true,"_links":{"self":[{"href":"https:\/\/lumierediamonds.eu\/de\/wp-json\/wp\/v2\/pages\/10002","targetHints":{"allow":["GET"]}}],"collection":[{"href":"https:\/\/lumierediamonds.eu\/de\/wp-json\/wp\/v2\/pages"}],"about":[{"href":"https:\/\/lumierediamonds.eu\/de\/wp-json\/wp\/v2\/types\/page"}],"author":[{"embeddable":true,"href":"https:\/\/lumierediamonds.eu\/de\/wp-json\/wp\/v2\/users\/1"}],"replies":[{"embeddable":true,"href":"https:\/\/lumierediamonds.eu\/de\/wp-json\/wp\/v2\/comments?post=10002"}],"version-history":[{"count":16,"href":"https:\/\/lumierediamonds.eu\/de\/wp-json\/wp\/v2\/pages\/10002\/revisions"}],"predecessor-version":[{"id":14293,"href":"https:\/\/lumierediamonds.eu\/de\/wp-json\/wp\/v2\/pages\/10002\/revisions\/14293"}],"wp:featuredmedia":[{"embeddable":true,"href":"https:\/\/lumierediamonds.eu\/de\/wp-json\/wp\/v2\/media\/9883"}],"wp:attachment":[{"href":"https:\/\/lumierediamonds.eu\/de\/wp-json\/wp\/v2\/media?parent=10002"}],"curies":[{"name":"wp","href":"https:\/\/api.w.org\/{rel}","templated":true}]}}