{"id":22,"date":"2024-12-20T12:53:39","date_gmt":"2024-12-20T11:53:39","guid":{"rendered":"http:\/\/lumierediamonds.eu\/?page_id=22"},"modified":"2025-10-13T17:26:07","modified_gmt":"2025-10-13T15:26:07","slug":"ruckgaberecht","status":"publish","type":"page","link":"https:\/\/lumierediamonds.eu\/de\/ruckgaberecht\/","title":{"rendered":"R\u00fcckgabepolitik"},"content":{"rendered":"<div data-elementor-type=\"wp-page\" data-elementor-id=\"22\" class=\"elementor elementor-22\" data-elementor-post-type=\"page\">\n\t\t\t\t<div class=\"elementor-element elementor-element-35af5fe4 e-flex e-con-boxed e-con e-parent\" data-id=\"35af5fe4\" data-element_type=\"container\">\n\t\t\t\t\t<div class=\"e-con-inner\">\n\t\t\t\t<div class=\"elementor-element elementor-element-32107d45 elementor-widget elementor-widget-text-editor\" data-id=\"32107d45\" data-element_type=\"widget\" data-widget_type=\"text-editor.default\">\n\t\t\t\t<div class=\"elementor-widget-container\">\n\t\t\t\t\t\t\t<h1>m\u00fcssen Sie das Produkt gem\u00e4\u00df unserem<\/h1><p>\u00a0<\/p><p><strong>Einf\u00fchrung<\/strong><\/p><p class=\"p1\">Wir bei Lumi\u00e8re m\u00f6chten, dass Sie jedes Schmuckst\u00fcck, das Sie bei uns kaufen, lieben. Sollte einmal etwas nicht ganz Ihren Erwartungen entsprechen, sind wir selbstverst\u00e4ndlich f\u00fcr Sie da.\nDiese Richtlinie informiert Sie \u00fcber alles Wichtige zu R\u00fcckgaben, R\u00fcckerstattungen und Stornierungen Ihrer Bestellung. Dabei handeln wir stets im Einklang mit der <b>EU-Verbraucherrechtsrichtlinie.<\/b> um sicherzustellen, dass Ihre Rechte vollst\u00e4ndig gewahrt bleiben.<\/p><p class=\"p1\">\u00a0<\/p><p class=\"p1\"><b>Voraussetzungen f\u00fcr R\u00fcckgaben<\/b><\/p><p class=\"p1\">\u2022 Die Produkte m\u00fcssen unbenutzt und ungetragen sein und in der Originalverpackung mit s\u00e4mtlichen Begleitdokumenten (z.\u202fB. Zertifikaten) zur\u00fcckgesendet werden.<\/p><p class=\"p1\">\u2022 Das <b>am Produkt angebrachte Sicherheitsetikett<\/b> muss unversehrt und intakt sein.<\/p><p class=\"p1\">\u2022 Sie m\u00fcssen uns innerhalb von <b>14 Tage<\/b> nach Erhalt Ihrer Bestellung \u00fcber Ihren R\u00fcckgabewunsch informieren, um eine R\u00fccksendung einzuleiten.<\/p><p>\u00a0<\/p><p class=\"p1\"><b>Ausschl\u00fcsse<\/b><\/p><p class=\"p4\">Die folgenden Artikel sind von der R\u00fcckgabe ausgeschlossen, es sei denn, sie weisen einen Defekt auf:<\/p><p class=\"p2\">\u2022 Ma\u00dfgefertigte oder personalisierte Produkte, wie z.\u202fB. Schmuckst\u00fccke mit Gravuren oder speziell angefertigte Designs.<\/p><p>\u00a0<\/p><p class=\"p1\"><b>So geben Sie einen Artikel zur\u00fcck<\/b><\/p><p class=\"p1\">Wenn Sie ein berechtigtes Produkt zur\u00fccksenden m\u00f6chten, befolgen Sie bitte diese Schritte:<\/p><p>\u00a0<\/p><p><b>1. Benachrichtigen Sie uns<\/b>:<\/p><p class=\"p1\">Kontaktieren Sie uns unter <a href=\"mailto:returns@lumierediamonds.eu\">returns@lumierediamonds.eu<\/a> innerhalb von 14 Tagen nach Erhalt Ihrer Bestellung. Bitte f\u00fcgen Sie Folgendes bei:<\/p><p class=\"p3\">\u2022 Ihre Bestellnummer.<\/p><p class=\"p3\">\u2022 Die Artikel, die Sie zur\u00fcckgeben m\u00f6chten.<\/p><p class=\"p3\">\u2022 Der Grund f\u00fcr die R\u00fccksendung.<\/p><p>\u00a0<\/p><p class=\"p2\"><strong>2.<\/strong> <b>Den Artikel zur\u00fccksenden<\/b>:<\/p><p>Sobald Ihre R\u00fccksendung genehmigt wurde:<\/p><p class=\"p3\">\u2022 Stellen Sie sicher, dass das Produkt sicher verpackt ist, um Transportsch\u00e4den zu vermeiden.<\/p><p class=\"p3\">\u2022 Legen Sie die Originalquittung oder den Kaufbeleg bei.<\/p><p class=\"p3\">\u2022 Senden Sie den Artikel innerhalb von an die unten angegebene Adresse. <b>14 Tage<\/b> uns \u00fcber die R\u00fccksendung zu informieren.<\/p><p>\u00a0<\/p><p class=\"p1\"><b>R\u00fccksendeadresse:<\/b><b><\/b><\/p><p class=\"p2\">Bitte verwenden Sie das mitgelieferte vorfrankierte R\u00fccksendeetikett, um Ihre Bestellung an die folgende Adresse zur\u00fcckzusenden:<\/p><p class=\"p1\">Nova Group Sp. z o.o.<b><\/b><\/p><p class=\"p2\">\u017burawia 6\/12, Lok. 745<\/p><p class=\"p2\">00-503 Warschau, Polen<\/p><p class=\"p2\"><em>Bitte beachten Sie: Dies ist unsere offizielle R\u00fccksendeadresse f\u00fcr alle R\u00fccksendungen. Pers\u00f6nliche Abgaben vor Ort sind nicht m\u00f6glich.<\/em><\/p><p>\u00a0<\/p><p class=\"p5\"><b>R\u00fccksendekosten<\/b><\/p><p class=\"p1\">Der Kunde tr\u00e4gt die Kosten f\u00fcr die R\u00fccksendung, au\u00dfer in F\u00e4llen, in denen der Artikel defekt oder falsch geliefert wurde.<\/p><p>\u00a0<\/p><p class=\"p5\"><b>Zustand der zur\u00fcckgesandten Artikel<\/b><\/p><p class=\"p1\">Zur\u00fcckgesandte Artikel m\u00fcssen:<\/p><p class=\"p6\">\u2022 Unbenutzt, ungetragen und frei von Besch\u00e4digungen sein.<\/p><p class=\"p6\">\u2022 Mit Originaletiketten, Originalverpackung und allen zugeh\u00f6rigen Zertifikaten oder Unterlagen zur\u00fcckgesendet werden.<\/p><p class=\"p1\">Wir behalten uns das Recht vor, eine R\u00fcckerstattung abzulehnen, wenn die R\u00fccksendung diese Bedingungen nicht erf\u00fcllt.<\/p><p>\u00a0<\/p><p class=\"p1\"><b>R\u00fcckerstattungsrichtlinie<\/b><\/p><p class=\"p1\">Sobald wir Ihren zur\u00fcckgesendeten Artikel erhalten haben, wird er \u00fcberpr\u00fcft, um sicherzustellen, dass er unseren R\u00fcckgabekriterien entspricht.<\/p><p>\u00a0<\/p><p class=\"p3\"><b>Bearbeitung von R\u00fcckerstattungen<\/b><\/p><p class=\"p4\">\u2022 R\u00fcckerstattungen erfolgen innerhalb von <b>14 Tage<\/b> nach Eingang des zur\u00fcckgesandten Produkts.<\/p><p class=\"p4\">\u2022 Die R\u00fcckzahlung erfolgt \u00fcber die urspr\u00fcnglich beim Kauf verwendete Zahlungsmethode.<\/p><p class=\"p4\">\u2022 Versandkosten (sofern angefallen) werden nicht erstattet, es sei denn, die R\u00fccksendung erfolgt aufgrund eines defekten Produkts.<\/p><p>\u00a0<\/p><p class=\"p3\"><b>Defekte oder falsche Artikel<\/b><\/p><p class=\"p1\">Wenn Ihr Artikel defekt oder falsch geliefert wurde, benachrichtigen Sie uns bitte umgehend unter <a href=\"mailto:returns@lumierediamonds.eu\">returns@lumierediamonds.eu<\/a>. In diesem Fall haben Sie Anspruch auf:<\/p><p class=\"p4\">\u2022 Ein Ersatzprodukt (je nach Verf\u00fcgbarkeit), oder<\/p><p class=\"p4\">\u2022 Eine vollst\u00e4ndige R\u00fcckerstattung einschlie\u00dflich der R\u00fccksendekosten.<\/p><p>\u00a0<\/p><p class=\"p1\"><b>Stornierungsbedingungen<\/b><\/p><p class=\"p1\">Sie haben das Recht, Ihre Bestellung gem\u00e4\u00df der <b>EU-Verbraucherrechtsrichtlinie.<\/b>.<\/p><p>\u00a0<\/p><p class=\"p3\"><b>Stornierungsbedingungen<\/b><\/p><p class=\"p4\">\u2022 Bestellungen k\u00f6nnen jederzeit storniert werden, <b>bevor sie versandt werden<\/b>.<\/p><p class=\"p4\">\u2022 Wenn die Bestellung bereits versandt wurde, <b>m\u00fcssen Sie das Produkt gem\u00e4\u00df unserem<\/b> R\u00fcckgaberecht zur\u00fccksenden.<\/p><p class=\"p1\">Um eine Bestellung zu stornieren, kontaktieren Sie uns bitte so schnell wie m\u00f6glich unter <a href=\"mailto:contact@lumierediamonds.eu\">contact@lumierediamonds.eu<\/a>, einschlie\u00dflich Ihrer Bestellnummer und Ihrer Stornierungsanfrage.<\/p><p>\u00a0<\/p><p class=\"p3\"><b>Ma\u00dfgeschneiderte Produkte<\/b><\/p><p class=\"p1\">Bestellungen f\u00fcr Sonderanfertigungen k\u00f6nnen nach Beginn der Produktion nicht mehr storniert werden, au\u00dfer bei M\u00e4ngeln oder Fehlern unsererseits.<\/p><p>\u00a0<\/p><p class=\"p1\"><b>Nicht r\u00fcckgabef\u00e4hige Artikel<\/b><\/p><p class=\"p1\">Bestimmte Produkte sind vom R\u00fcckgaberecht ausgeschlossen, darunter:<\/p><p class=\"p2\">\u2022 Artikel mit personalisierten Gravuren.<\/p><p class=\"p2\">\u2022 Ma\u00dfgeschneiderte Designs nach Kundenwunsch.<\/p><p class=\"p2\">\u2022 Produkte, die nicht mit <b>\u201eVersand innerhalb von 24 Stunden\u201c<\/b> auf ihrer Produktseite gekennzeichnet sind.<\/p><p class=\"p1\">Diese Ausschl\u00fcsse ber\u00fchren nicht Ihre Rechte, wenn der Artikel defekt ist oder nicht der Beschreibung entspricht.<\/p><p>\u00a0<\/p><p class=\"p1\"><b>Verlorene oder besch\u00e4digte R\u00fccksendungen<\/b><\/p><p class=\"p1\">Lumi\u00e8re haftet nicht f\u00fcr w\u00e4hrend des R\u00fcckversands verlorene oder besch\u00e4digte Artikel.\nWir empfehlen die Nutzung eines Versanddienstes mit Sendungsverfolgung sowie den Abschluss einer Versandversicherung.<\/p><p>\u00a0<\/p><p class=\"p1\"><b>Gew\u00e4hrleistung und Garantie<\/b><\/p><p class=\"p1\">Zus\u00e4tzlich zu Ihren Rechten gem\u00e4\u00df dieser Richtlinie sind alle Lumi\u00e8re-Produkte durch unsere <b>2-j\u00e4hrige Garantie,<\/b>die Sie vor Herstellungsfehlern absichert. <a href=\"\/de\/warranty-policy\/\">Weitere Informationen finden Sie in unseren Garantiebedingungen.<\/a>.<\/p><p>\u00a0<\/p><p class=\"p1\"><b>Kontaktdaten<\/b><\/p><p class=\"p1\">Wenn Sie Fragen haben oder Hilfe bei R\u00fccksendungen, R\u00fcckerstattungen oder Stornierungen ben\u00f6tigen, kontaktieren Sie uns bitte:<\/p><p class=\"p2\">\u2022 <b>E-Mail<\/b>: <a href=\"mailto:contact@lumierediamonds.eu\">contact@lumierediamonds.eu<\/a><\/p><p class=\"p2\">\u2022 <b>Post<\/b>: Nova Group Sp. z o.o., \u017burawia 6\/12 lok. 745, 00-503 Warschau, Polen<\/p>\t\t\t\t\t\t<\/div>\n\t\t\t\t<\/div>\n\t\t\t\t\t<\/div>\n\t\t\t\t<\/div>\n\t\t\t\t<\/div>","protected":false},"excerpt":{"rendered":"<p>Einf\u00fchrung in die R\u00fcckgabepolitik Wir bei Lumi\u00e8re m\u00f6chten, dass Sie jedes Teil, das Sie bei uns kaufen, lieben. Wenn etwas nicht stimmt, machen Sie sich keine Sorgen - wir sind f\u00fcr Sie da! In diesen Richtlinien finden Sie alles, was Sie \u00fcber R\u00fcckgabe, R\u00fcckerstattung oder Stornierung Ihrer Bestellung wissen m\u00fcssen. Wir sind bestrebt, Ihr Einkaufserlebnis so reibungslos wie m\u00f6glich zu gestalten, w\u00e4hrend wir [...]<\/p>","protected":false},"author":1,"featured_media":0,"parent":0,"menu_order":0,"comment_status":"closed","ping_status":"closed","template":"","meta":{"_acf_changed":false,"footnotes":""},"class_list":["post-22","page","type-page","status-publish","hentry"],"acf":[],"jetpack_sharing_enabled":true,"_links":{"self":[{"href":"https:\/\/lumierediamonds.eu\/de\/wp-json\/wp\/v2\/pages\/22","targetHints":{"allow":["GET"]}}],"collection":[{"href":"https:\/\/lumierediamonds.eu\/de\/wp-json\/wp\/v2\/pages"}],"about":[{"href":"https:\/\/lumierediamonds.eu\/de\/wp-json\/wp\/v2\/types\/page"}],"author":[{"embeddable":true,"href":"https:\/\/lumierediamonds.eu\/de\/wp-json\/wp\/v2\/users\/1"}],"replies":[{"embeddable":true,"href":"https:\/\/lumierediamonds.eu\/de\/wp-json\/wp\/v2\/comments?post=22"}],"version-history":[{"count":10,"href":"https:\/\/lumierediamonds.eu\/de\/wp-json\/wp\/v2\/pages\/22\/revisions"}],"predecessor-version":[{"id":11421,"href":"https:\/\/lumierediamonds.eu\/de\/wp-json\/wp\/v2\/pages\/22\/revisions\/11421"}],"wp:attachment":[{"href":"https:\/\/lumierediamonds.eu\/de\/wp-json\/wp\/v2\/media?parent=22"}],"curies":[{"name":"wp","href":"https:\/\/api.w.org\/{rel}","templated":true}]}}