{"id":2608,"date":"2024-07-18T17:36:29","date_gmt":"2024-07-18T15:36:29","guid":{"rendered":"http:\/\/lumierediamonds.eu\/?page_id=2608"},"modified":"2025-12-11T11:40:18","modified_gmt":"2025-12-11T10:40:18","slug":"uber-uns","status":"publish","type":"page","link":"https:\/\/lumierediamonds.eu\/de\/uber-uns\/","title":{"rendered":"\u00dcber uns"},"content":{"rendered":"<div data-elementor-type=\"wp-page\" data-elementor-id=\"2608\" class=\"elementor elementor-2608\" data-elementor-post-type=\"page\">\n\t\t\t\t<div class=\"elementor-element elementor-element-85409e9 e-flex e-con-boxed e-con e-parent\" data-id=\"85409e9\" data-element_type=\"container\">\n\t\t\t\t\t<div class=\"e-con-inner\">\n\t\t\t\t<div class=\"elementor-element elementor-element-79452f0 elementor-widget elementor-widget-spacer\" data-id=\"79452f0\" data-element_type=\"widget\" data-widget_type=\"spacer.default\">\n\t\t\t\t<div class=\"elementor-widget-container\">\n\t\t\t\t\t<div class=\"elementor-spacer\">\n\t\t\t<div class=\"elementor-spacer-inner\"><\/div>\n\t\t<\/div>\n\t\t\t\t<\/div>\n\t\t\t\t<\/div>\n\t\t\t\t<div class=\"elementor-element elementor-element-d74b8d2 elementor-widget elementor-widget-heading\" data-id=\"d74b8d2\" data-element_type=\"widget\" data-widget_type=\"heading.default\">\n\t\t\t\t<div class=\"elementor-widget-container\">\n\t\t\t<h3 class=\"elementor-heading-title elementor-size-default\">\u00dcBER UNS<\/h3>\t\t<\/div>\n\t\t\t\t<\/div>\n\t\t\t\t<div class=\"elementor-element elementor-element-d35053b elementor-widget elementor-widget-spacer\" data-id=\"d35053b\" data-element_type=\"widget\" data-widget_type=\"spacer.default\">\n\t\t\t\t<div class=\"elementor-widget-container\">\n\t\t\t\t\t<div class=\"elementor-spacer\">\n\t\t\t<div class=\"elementor-spacer-inner\"><\/div>\n\t\t<\/div>\n\t\t\t\t<\/div>\n\t\t\t\t<\/div>\n\t\t\t\t<div class=\"elementor-element elementor-element-4156016 elementor-widget elementor-widget-text-editor\" data-id=\"4156016\" data-element_type=\"widget\" data-widget_type=\"text-editor.default\">\n\t\t\t\t<div class=\"elementor-widget-container\">\n\t\t\t\t\t\t\t<p class=\"p1\"><b>Lumi\u00e8re wurde aus der Leidenschaft geboren, das Leben in all seinen Formen zu feiern.<\/b><\/p><p class=\"p1\">Ob es sich um einen Meilenstein handelt, von dem Sie getr\u00e4umt haben, um einen ruhigen Moment der Selbstliebe oder einfach um einen Tag, den Sie zu etwas Besonderem machen wollen - wir glauben, dass Schmuck mehr sein kann als nur etwas, das Sie tragen. Er kann ein St\u00fcck Ihrer Geschichte sein, eine greifbare Erinnerung an die Menschen, Orte und Gef\u00fchle, die Sie f\u00fcr immer bei sich tragen m\u00f6chten.<\/p><p class=\"p1\">In einer Welt, die schnelllebig ist, kreieren wir Schmuck, der zur Entschleunigung einl\u00e4dt. Um den Moment festzuhalten. Um sich selbst oder jemanden, den Sie lieben, nicht nur zu besonderen Anl\u00e4ssen zu feiern, sondern auch in der Sch\u00f6nheit des Alltags.<\/p>\t\t\t\t\t\t<\/div>\n\t\t\t\t<\/div>\n\t\t\t\t<div class=\"elementor-element elementor-element-1156173 elementor-widget elementor-widget-text-editor\" data-id=\"1156173\" data-element_type=\"widget\" data-widget_type=\"text-editor.default\">\n\t\t\t\t<div class=\"elementor-widget-container\">\n\t\t\t\t\t\t\t<p class=\"p1\"><em>Paul &amp; Michelle, Gr\u00fcnder von Lumi\u00e8re<\/em><\/p>\t\t\t\t\t\t<\/div>\n\t\t\t\t<\/div>\n\t\t\t\t<div class=\"elementor-element elementor-element-e6f073a elementor-widget elementor-widget-spacer\" data-id=\"e6f073a\" data-element_type=\"widget\" data-widget_type=\"spacer.default\">\n\t\t\t\t<div class=\"elementor-widget-container\">\n\t\t\t\t\t<div class=\"elementor-spacer\">\n\t\t\t<div class=\"elementor-spacer-inner\"><\/div>\n\t\t<\/div>\n\t\t\t\t<\/div>\n\t\t\t\t<\/div>\n\t\t\t\t<div class=\"elementor-element elementor-element-0cb63ed elementor-widget elementor-widget-spacer\" data-id=\"0cb63ed\" data-element_type=\"widget\" data-widget_type=\"spacer.default\">\n\t\t\t\t<div class=\"elementor-widget-container\">\n\t\t\t\t\t<div class=\"elementor-spacer\">\n\t\t\t<div class=\"elementor-spacer-inner\"><\/div>\n\t\t<\/div>\n\t\t\t\t<\/div>\n\t\t\t\t<\/div>\n\t\t\t\t\t<\/div>\n\t\t\t\t<\/div>\n\t\t<div class=\"elementor-element elementor-element-668d1f6 e-flex e-con-boxed e-con e-parent\" data-id=\"668d1f6\" data-element_type=\"container\">\n\t\t\t\t\t<div class=\"e-con-inner\">\n\t\t<div class=\"elementor-element elementor-element-bf8dfe9 e-con-full e-flex e-con e-child\" data-id=\"bf8dfe9\" data-element_type=\"container\">\n\t\t\t\t<div class=\"elementor-element elementor-element-0277304 elementor-widget elementor-widget-spacer\" data-id=\"0277304\" data-element_type=\"widget\" data-widget_type=\"spacer.default\">\n\t\t\t\t<div class=\"elementor-widget-container\">\n\t\t\t\t\t<div class=\"elementor-spacer\">\n\t\t\t<div class=\"elementor-spacer-inner\"><\/div>\n\t\t<\/div>\n\t\t\t\t<\/div>\n\t\t\t\t<\/div>\n\t\t\t\t<div class=\"elementor-element elementor-element-c8e66f0 elementor-widget elementor-widget-text-editor\" data-id=\"c8e66f0\" data-element_type=\"widget\" data-widget_type=\"text-editor.default\">\n\t\t\t\t<div class=\"elementor-widget-container\">\n\t\t\t\t\t\t\t<p class=\"p1\"><b>Geboren aus der Suche nach etwas Besserem.<\/b><\/p><p class=\"p1\">Ich habe Lumi\u00e8re gegr\u00fcndet, weil ich nicht finden konnte, wonach ich suchte: zeitlosen, wundersch\u00f6n gestalteten Schmuck, der mit Integrit\u00e4t hergestellt wird, ohne das \u00fcberh\u00f6hte Preisschild traditioneller Luxusmarken.<\/p><p class=\"p1\">Ich wollte den Reichtum der <span class=\"s1\"><b>Massiv 18k Gold<\/b><\/span>, und nicht 14 Karat, was sich wie ein Kompromiss anf\u00fchlte. Ich wollte den Glanz von Diamanten, aber auf eine Art und Weise, die die Umweltbelastung minimiert. Und w\u00e4hrend einige Online-H\u00e4ndler beides anboten, musste ich mich durch endlose Listen von Steinen scrollen, eine \u00fcberw\u00e4ltigende Erfahrung ohne wirkliche Orientierung.<\/p><p class=\"p1\">Also haben wir den Prozess neu konzipiert.<\/p><p class=\"p1\">Bei Lumi\u00e8re, unserem <span class=\"s1\"><b>Gemmologen w\u00e4hlen von Hand Diamanten aus den besten 1% der im Labor gez\u00fcchteten Steine aus.<\/b><\/span>, Sie werden sorgf\u00e4ltig mit dem von Ihnen gew\u00e4hlten Design kombiniert, um au\u00dfergew\u00f6hnliche Brillanz, Klarheit und Feuer zu erzielen. <span class=\"s1\"><b>Funkeln, garantiert.<\/b><b><\/b><\/span><\/p>\t\t\t\t\t\t<\/div>\n\t\t\t\t<\/div>\n\t\t\t\t<\/div>\n\t\t<div class=\"elementor-element elementor-element-94c3f09 e-con-full e-flex e-con e-child\" data-id=\"94c3f09\" data-element_type=\"container\">\n\t\t\t\t<div class=\"elementor-element elementor-element-0f15419 elementor-widget elementor-widget-image\" data-id=\"0f15419\" data-element_type=\"widget\" data-widget_type=\"image.default\">\n\t\t\t\t<div class=\"elementor-widget-container\">\n\t\t\t\t\t\t\t\t\t\t\t\t\t<img fetchpriority=\"high\" decoding=\"async\" width=\"768\" height=\"1000\" src=\"https:\/\/lumierediamonds.eu\/wp-content\/uploads\/2025\/12\/choosing-the-best-lab-grown-diamond-for-a-ring-2-768x1000.png\" class=\"attachment-medium_large size-medium_large wp-image-14101\" alt=\"\" srcset=\"https:\/\/lumierediamonds.eu\/wp-content\/uploads\/2025\/12\/choosing-the-best-lab-grown-diamond-for-a-ring-2-768x1000.png 768w, https:\/\/lumierediamonds.eu\/wp-content\/uploads\/2025\/12\/choosing-the-best-lab-grown-diamond-for-a-ring-2-230x300.png 230w, https:\/\/lumierediamonds.eu\/wp-content\/uploads\/2025\/12\/choosing-the-best-lab-grown-diamond-for-a-ring-2-786x1024.png 786w, https:\/\/lumierediamonds.eu\/wp-content\/uploads\/2025\/12\/choosing-the-best-lab-grown-diamond-for-a-ring-2-9x12.png 9w, https:\/\/lumierediamonds.eu\/wp-content\/uploads\/2025\/12\/choosing-the-best-lab-grown-diamond-for-a-ring-2-600x781.png 600w, https:\/\/lumierediamonds.eu\/wp-content\/uploads\/2025\/12\/choosing-the-best-lab-grown-diamond-for-a-ring-2.png 887w\" sizes=\"(max-width: 768px) 100vw, 768px\" \/>\t\t\t\t\t\t\t\t\t\t\t\t\t<\/div>\n\t\t\t\t<\/div>\n\t\t\t\t<\/div>\n\t\t\t\t\t<\/div>\n\t\t\t\t<\/div>\n\t\t<div class=\"elementor-element elementor-element-cbd0726 e-flex e-con-boxed e-con e-parent\" data-id=\"cbd0726\" data-element_type=\"container\">\n\t\t\t\t\t<div class=\"e-con-inner\">\n\t\t\t\t<div class=\"elementor-element elementor-element-37570cd elementor-widget elementor-widget-spacer\" data-id=\"37570cd\" data-element_type=\"widget\" data-widget_type=\"spacer.default\">\n\t\t\t\t<div class=\"elementor-widget-container\">\n\t\t\t\t\t<div class=\"elementor-spacer\">\n\t\t\t<div class=\"elementor-spacer-inner\"><\/div>\n\t\t<\/div>\n\t\t\t\t<\/div>\n\t\t\t\t<\/div>\n\t\t\t\t\t<\/div>\n\t\t\t\t<\/div>\n\t\t<div class=\"elementor-element elementor-element-cb260a1 e-flex e-con-boxed e-con e-parent\" data-id=\"cb260a1\" data-element_type=\"container\" data-settings=\"{&quot;background_background&quot;:&quot;classic&quot;}\">\n\t\t\t\t\t<div class=\"e-con-inner\">\n\t\t\t\t<div class=\"elementor-element elementor-element-7465afd elementor-widget elementor-widget-spacer\" data-id=\"7465afd\" data-element_type=\"widget\" data-widget_type=\"spacer.default\">\n\t\t\t\t<div class=\"elementor-widget-container\">\n\t\t\t\t\t<div class=\"elementor-spacer\">\n\t\t\t<div class=\"elementor-spacer-inner\"><\/div>\n\t\t<\/div>\n\t\t\t\t<\/div>\n\t\t\t\t<\/div>\n\t\t\t\t<div class=\"elementor-element elementor-element-ee43045 elementor-widget elementor-widget-heading\" data-id=\"ee43045\" data-element_type=\"widget\" data-widget_type=\"heading.default\">\n\t\t\t\t<div class=\"elementor-widget-container\">\n\t\t\t<h3 class=\"elementor-heading-title elementor-size-default\">Unsere Philosophie<\/h3>\t\t<\/div>\n\t\t\t\t<\/div>\n\t\t\t\t<div class=\"elementor-element elementor-element-780a1fe elementor-widget elementor-widget-heading\" data-id=\"780a1fe\" data-element_type=\"widget\" data-widget_type=\"heading.default\">\n\t\t\t\t<div class=\"elementor-widget-container\">\n\t\t\t<h2 class=\"elementor-heading-title elementor-size-default\">Luxus ohne Kompromisse<\/h2>\t\t<\/div>\n\t\t\t\t<\/div>\n\t\t\t\t<div class=\"elementor-element elementor-element-ae673d4 elementor-widget elementor-widget-text-editor\" data-id=\"ae673d4\" data-element_type=\"widget\" data-widget_type=\"text-editor.default\">\n\t\t\t\t<div class=\"elementor-widget-container\">\n\t\t\t\t\t\t\t<p class=\"p1\">Wir setzen einen neuen Standard f\u00fcr feinen Schmuck - einen, der Sie nicht zu einer Entscheidung zwischen Qualit\u00e4t, Nachhaltigkeit und Preis zwingt. Wir bei Lumi\u00e8re glauben, dass man alles haben kann:<\/p><ul><li><p class=\"p1\"><span class=\"s1\"><b>Au\u00dfergew\u00f6hnliche Qualit\u00e4t<\/b><\/span>: Hergestellt unter Verwendung der h\u00f6chsten Qualit\u00e4t <span class=\"s1\"><b>im Labor gez\u00fcchtete Diamanten<\/b><\/span> und <span class=\"s1\"><b>Massiv 18k Gold<\/b><\/span>, Unsere St\u00fccke sind so konzipiert, dass sie t\u00e4glich getragen werden und ein Leben lang halten.<\/p><\/li><li><p class=\"p1\"><span class=\"s1\"><b>Nachhaltige Eleganz<\/b><\/span>: Durch die Wahl von im Labor gez\u00fcchteten Diamanten reduzieren wir die Umweltbelastung und bewahren gleichzeitig den Glanz und die Sch\u00f6nheit der traditionellen Steine.<\/p><\/li><li><p class=\"p1\"><span class=\"s1\"><b>Durchdachte Preisgestaltung<\/b><\/span>: Keine unversch\u00e4mten Aufschl\u00e4ge. Keine Kompromisse. Nur ehrlicher, luxuri\u00f6ser Schmuck, mit dem Sie sich wohlf\u00fchlen k\u00f6nnen - innerlich und \u00e4u\u00dferlich.<\/p><\/li><\/ul>\t\t\t\t\t\t<\/div>\n\t\t\t\t<\/div>\n\t\t\t\t<div class=\"elementor-element elementor-element-d801257 elementor-widget elementor-widget-spacer\" data-id=\"d801257\" data-element_type=\"widget\" data-widget_type=\"spacer.default\">\n\t\t\t\t<div class=\"elementor-widget-container\">\n\t\t\t\t\t<div class=\"elementor-spacer\">\n\t\t\t<div class=\"elementor-spacer-inner\"><\/div>\n\t\t<\/div>\n\t\t\t\t<\/div>\n\t\t\t\t<\/div>\n\t\t\t\t\t<\/div>\n\t\t\t\t<\/div>\n\t\t<div class=\"elementor-element elementor-element-c6eaa19 e-flex e-con-boxed e-con e-parent\" data-id=\"c6eaa19\" data-element_type=\"container\">\n\t\t\t\t\t<div class=\"e-con-inner\">\n\t\t\t\t<div class=\"elementor-element elementor-element-200aacf elementor-widget elementor-widget-spacer\" data-id=\"200aacf\" data-element_type=\"widget\" data-widget_type=\"spacer.default\">\n\t\t\t\t<div class=\"elementor-widget-container\">\n\t\t\t\t\t<div class=\"elementor-spacer\">\n\t\t\t<div class=\"elementor-spacer-inner\"><\/div>\n\t\t<\/div>\n\t\t\t\t<\/div>\n\t\t\t\t<\/div>\n\t\t\t\t<div class=\"elementor-element elementor-element-39ef797 elementor-widget elementor-widget-text-editor\" data-id=\"39ef797\" data-element_type=\"widget\" data-widget_type=\"text-editor.default\">\n\t\t\t\t<div class=\"elementor-widget-container\">\n\t\t\t\t\t\t\t<p class=\"p1\"><b>F\u00fcr den Sinn entwickelt. F\u00fcr die Ewigkeit gemacht.<\/b><\/p><p class=\"p1\">Jedes Lumi\u00e8re-Schmuckst\u00fcck wurde mit Bedacht entworfen, um Ihre Geschichte zu w\u00fcrdigen - gefertigt, um Momente der Freude, des Wachstums, der Liebe oder der stillen Selbstreflexion zu markieren. Ob als Geschenk f\u00fcr Sie selbst oder f\u00fcr jemanden, den Sie lieben - unser Schmuck ist daf\u00fcr gemacht, dass Sie ihn tragen, sch\u00e4tzen und weitergeben.<\/p><p class=\"p1\">\u00a0<\/p>\t\t\t\t\t\t<\/div>\n\t\t\t\t<\/div>\n\t\t\t\t<div class=\"elementor-element elementor-element-7e9878f elementor-widget elementor-widget-image\" data-id=\"7e9878f\" data-element_type=\"widget\" data-widget_type=\"image.default\">\n\t\t\t\t<div class=\"elementor-widget-container\">\n\t\t\t\t\t\t\t\t\t\t\t\t\t<img decoding=\"async\" src=\"https:\/\/lumierediamonds.eu\/wp-content\/uploads\/elementor\/thumbs\/made-to-order-lab-grown-diamond-engagement-ring-rfpwtmmmgr171wwmzwllhnjdedpchc7lkr9htu3mok.png\" title=\"Verlobungsring mit Diamanten aus dem Labor auf Bestellung\" alt=\"Verlobungsring mit Diamanten aus dem Labor auf Bestellung\" loading=\"lazy\" \/>\t\t\t\t\t\t\t\t\t\t\t\t\t<\/div>\n\t\t\t\t<\/div>\n\t\t\t\t<div class=\"elementor-element elementor-element-0a377e6 elementor-widget elementor-widget-text-editor\" data-id=\"0a377e6\" data-element_type=\"widget\" data-widget_type=\"text-editor.default\">\n\t\t\t\t<div class=\"elementor-widget-container\">\n\t\t\t\t\t\t\t<p class=\"p1\">Unsere Kreationen sind:<\/p><ul><li><p class=\"p1\"><span class=\"s1\"><b>Handgefertigt auf Bestellung<\/b><\/span> von erfahrenen Handwerkern<\/p><\/li><li><p class=\"p1\"><span class=\"s1\"><b>Anpassbar<\/b><\/span> f\u00fcr diejenigen, die etwas Einzigartiges suchen<\/p><\/li><li><p class=\"p1\"><span class=\"s1\"><b>Langlebig und alltagstauglich<\/b><\/span>, selbst f\u00fcr die hektischsten Tage des Lebens<\/p><\/li><\/ul><p class=\"p1\">Vom Funkeln unserer im Labor gez\u00fcchteten Diamanten bis hin zur Politur jeder einzelnen Oberfl\u00e4che garantieren wir nichts weniger als Spitzenqualit\u00e4t.<\/p>\t\t\t\t\t\t<\/div>\n\t\t\t\t<\/div>\n\t\t\t\t<div class=\"elementor-element elementor-element-a4ac27f elementor-widget elementor-widget-spacer\" data-id=\"a4ac27f\" data-element_type=\"widget\" data-widget_type=\"spacer.default\">\n\t\t\t\t<div class=\"elementor-widget-container\">\n\t\t\t\t\t<div class=\"elementor-spacer\">\n\t\t\t<div class=\"elementor-spacer-inner\"><\/div>\n\t\t<\/div>\n\t\t\t\t<\/div>\n\t\t\t\t<\/div>\n\t\t\t\t<div class=\"elementor-element elementor-element-d202e8d elementor-widget elementor-widget-text-editor\" data-id=\"d202e8d\" data-element_type=\"widget\" data-widget_type=\"text-editor.default\">\n\t\t\t\t<div class=\"elementor-widget-container\">\n\t\t\t\t\t\t\t<p class=\"p1\">Denn bei Lumi\u00e8re stellen wir nicht einfach nur Schmuck her. Wir kreieren bedeutungsvolle St\u00fccke, die Ihre Geschichte mit Eleganz, Integrit\u00e4t und Sorgfalt ehren.<\/p>\t\t\t\t\t\t<\/div>\n\t\t\t\t<\/div>\n\t\t\t\t\t<\/div>\n\t\t\t\t<\/div>\n\t\t<div class=\"elementor-element elementor-element-1bd2667 e-flex e-con-boxed e-con e-parent\" data-id=\"1bd2667\" data-element_type=\"container\">\n\t\t\t\t\t<div class=\"e-con-inner\">\n\t\t\t\t<div class=\"elementor-element elementor-element-c63b328 elementor-align-center elementor-widget elementor-widget-button\" data-id=\"c63b328\" data-element_type=\"widget\" data-widget_type=\"button.default\">\n\t\t\t\t<div class=\"elementor-widget-container\">\n\t\t\t\t\t\t\t<div class=\"elementor-button-wrapper\">\n\t\t\t\t\t<a class=\"elementor-button elementor-button-link elementor-size-sm\" href=\"#\">\n\t\t\t\t\t\t<span class=\"elementor-button-content-wrapper\">\n\t\t\t\t\t\t\t\t\t<span class=\"elementor-button-text\">Entdecken Sie unsere Kollektion<\/span>\n\t\t\t\t\t<\/span>\n\t\t\t\t\t<\/a>\n\t\t\t\t<\/div>\n\t\t\t\t\t\t<\/div>\n\t\t\t\t<\/div>\n\t\t\t\t\t<\/div>\n\t\t\t\t<\/div>\n\t\t\t\t<\/div>","protected":false},"excerpt":{"rendered":"<p>\u00dcBER UNS Lumi\u00e8re wurde aus der Leidenschaft geboren, das Leben in all seinen Formen zu feiern. Ob es sich um einen Meilenstein handelt, von dem Sie getr\u00e4umt haben, um einen ruhigen Moment der Selbstliebe oder einfach um einen Tag, den Sie zu etwas Besonderem machen wollen - wir glauben, dass Schmuck mehr sein kann als etwas, das Sie tragen. Er kann ein Teil Ihres Lebens sein [...]<\/p>","protected":false},"author":1,"featured_media":0,"parent":0,"menu_order":0,"comment_status":"closed","ping_status":"closed","template":"","meta":{"_acf_changed":false,"footnotes":""},"class_list":["post-2608","page","type-page","status-publish","hentry"],"acf":[],"jetpack_sharing_enabled":true,"_links":{"self":[{"href":"https:\/\/lumierediamonds.eu\/de\/wp-json\/wp\/v2\/pages\/2608","targetHints":{"allow":["GET"]}}],"collection":[{"href":"https:\/\/lumierediamonds.eu\/de\/wp-json\/wp\/v2\/pages"}],"about":[{"href":"https:\/\/lumierediamonds.eu\/de\/wp-json\/wp\/v2\/types\/page"}],"author":[{"embeddable":true,"href":"https:\/\/lumierediamonds.eu\/de\/wp-json\/wp\/v2\/users\/1"}],"replies":[{"embeddable":true,"href":"https:\/\/lumierediamonds.eu\/de\/wp-json\/wp\/v2\/comments?post=2608"}],"version-history":[{"count":25,"href":"https:\/\/lumierediamonds.eu\/de\/wp-json\/wp\/v2\/pages\/2608\/revisions"}],"predecessor-version":[{"id":14359,"href":"https:\/\/lumierediamonds.eu\/de\/wp-json\/wp\/v2\/pages\/2608\/revisions\/14359"}],"wp:attachment":[{"href":"https:\/\/lumierediamonds.eu\/de\/wp-json\/wp\/v2\/media?parent=2608"}],"curies":[{"name":"wp","href":"https:\/\/api.w.org\/{rel}","templated":true}]}}