{"id":2720,"date":"2024-08-06T16:43:42","date_gmt":"2024-08-06T14:43:42","guid":{"rendered":"https:\/\/lumierediamonds.eu\/?page_id=2720"},"modified":"2024-12-16T13:42:16","modified_gmt":"2024-12-16T12:42:16","slug":"cookie-richtlinie","status":"publish","type":"page","link":"https:\/\/lumierediamonds.eu\/de\/cookie-richtlinie\/","title":{"rendered":"Cookie-Politik"},"content":{"rendered":"<div data-elementor-type=\"wp-page\" data-elementor-id=\"2720\" class=\"elementor elementor-2720\" data-elementor-post-type=\"page\">\n\t\t\t\t<div class=\"elementor-element elementor-element-784c4ded e-flex e-con-boxed e-con e-parent\" data-id=\"784c4ded\" data-element_type=\"container\">\n\t\t\t\t\t<div class=\"e-con-inner\">\n\t\t\t\t<div class=\"elementor-element elementor-element-7d98f43 elementor-widget elementor-widget-text-editor\" data-id=\"7d98f43\" data-element_type=\"widget\" data-widget_type=\"text-editor.default\">\n\t\t\t\t<div class=\"elementor-widget-container\">\n\t\t\t\t\t\t\t<h1>Cookie-Richtlinie.<\/h1><p>\u00a0<\/p><p><strong>Einf\u00fchrung<\/strong><\/p><p class=\"p1\">Bei Lumi\u00e8re, betrieben von Nova Group Sp. z o.o., verwenden wir Cookies und \u00e4hnliche Technologien, um Ihre Erfahrung auf unserer Website zu verbessern. Diese Cookie-Richtlinie erkl\u00e4rt, was Cookies sind, wie wir sie verwenden und welche Rechte Sie hinsichtlich ihrer Verwendung haben. Wenn Sie weiterhin auf unserer Website surfen, stimmen Sie der Verwendung von Cookies gem\u00e4\u00df dieser Richtlinie zu, es sei denn, Sie deaktivieren sie \u00fcber Ihre Browsereinstellungen oder unser Cookie-Verwaltungstool.<\/p><p>\u00a0<\/p><p><strong>Was sind Cookies?<\/strong><\/p><p class=\"p1\">Cookies sind kleine Textdateien, die auf Ihrem Ger\u00e4t (Computer, Tablet oder Mobiltelefon) gespeichert werden, wenn Sie eine Website besuchen. Sie helfen Websites dabei, Ihr Ger\u00e4t zu erkennen und bestimmte Informationen wie Ihre Pr\u00e4ferenzen oder fr\u00fchere Aktionen zu speichern. Cookies k\u00f6nnen anhand ihrer Herkunft, Dauer und Funktion klassifiziert werden:<\/p><p class=\"p2\">1. <b>Erstanbieter-Cookies<\/b>: Von der Website gesetzt, die Sie besuchen.<\/p><p class=\"p2\">2. <b>Cookies von Drittanbietern<\/b>: Von externen Diensten oder Websites gesetzt.<\/p><p class=\"p2\">3. <b>Sitzungscookies<\/b>: Tempor\u00e4re Cookies, die beim Schlie\u00dfen Ihres Browsers verfallen.<\/p><p class=\"p2\">4. <b>Persistente Cookies<\/b>: Bleiben Sie f\u00fcr einen bestimmten Zeitraum oder bis zur L\u00f6schung auf Ihrem Ger\u00e4t.<\/p><p class=\"p2\">5. <b>Unbedingt erforderliche Cookies:<\/b>: F\u00fcr die ordnungsgem\u00e4\u00dfe Funktion der Website erforderlich.<\/p><p class=\"p2\">6. <b>Nicht essentielle Cookies<\/b>: Wird f\u00fcr Analysen, Werbung und Personalisierung verwendet.<\/p><p>\u00a0<\/p><p><strong>Arten von Cookies, die wir verwenden<\/strong><\/p><p>Wir verwenden die folgenden Arten von Cookies:<\/p><ul><li><p><strong>Unbedingt erforderliche Cookies:<\/strong>Diese Cookies sind f\u00fcr das ordnungsgem\u00e4\u00dfe Funktionieren der Website erforderlich. Sie erm\u00f6glichen grundlegende Funktionen wie die Seitennavigation und den Zugriff auf sichere Bereiche der Website. Ohne diese Cookies kann die Website nicht ordnungsgem\u00e4\u00df funktionieren.<\/p><\/li><li><p><strong>Leistungscookies:<\/strong>Diese Cookies sammeln Informationen dar\u00fcber, wie Sie unsere Website nutzen, z. B. welche Seiten Sie am h\u00e4ufigsten besuchen und ob Sie Fehlermeldungen von Webseiten erhalten. Diese Cookies sammeln keine Informationen, die Sie identifizieren. Alle von diesen Cookies gesammelten Informationen werden aggregiert und sind daher anonym. Sie werden ausschlie\u00dflich dazu verwendet, die Funktionsweise unserer Website zu verbessern.<\/p><\/li><li><p><strong>Funktionale Cookies:<\/strong>Diese Cookies erm\u00f6glichen es unserer Website, sich Ihre Auswahl (wie Ihren Benutzernamen, Ihre Sprache oder die Region, in der Sie sich befinden) zu merken und Ihnen verbesserte, pers\u00f6nlichere Funktionen anzubieten. Diese Cookies k\u00f6nnen auch verwendet werden, um \u00c4nderungen zu speichern, die Sie an der Textgr\u00f6\u00dfe, den Schriftarten und anderen Teilen der Webseiten vorgenommen haben, die Sie anpassen k\u00f6nnen. Sie k\u00f6nnen auch verwendet werden, um von Ihnen angeforderte Dienste bereitzustellen, wie z. B. das Ansehen eines Videos oder das Kommentieren eines Blogs. Die von diesen Cookies gesammelten Informationen k\u00f6nnen anonymisiert werden und sie k\u00f6nnen Ihre Browsing-Aktivit\u00e4ten auf anderen Websites nicht verfolgen.<\/p><\/li><li><strong>Targeting-\/Werbe-Cookies:<\/strong> Diese Cookies verfolgen Ihre Browsing-Aktivit\u00e4ten auf verschiedenen Websites, um ein Profil Ihrer Interessen zu erstellen. Diese Informationen werden verwendet, um personalisierte Anzeigen zu schalten, die f\u00fcr Sie relevanter sind. Sie helfen uns und unseren Werbepartnern auch dabei, die Wirksamkeit unserer Werbekampagnen zu messen. Sie k\u00f6nnen diese Cookies \u00fcber Ihre Browsereinstellungen oder unser Cookie-Einwilligungstool verwalten oder deaktivieren.<\/li><\/ul><p>\u00a0<\/p><p class=\"p1\"><b>Cookies von Drittanbietern<\/b><\/p><p class=\"p1\">Wir nutzen vertrauensw\u00fcrdige Dienste von Drittanbietern, die m\u00f6glicherweise Cookies auf Ihrem Ger\u00e4t platzieren, wenn Sie mit unserer Website interagieren. Dazu geh\u00f6ren:<\/p><p class=\"p2\">\u2022 <b>Google Analytics<\/b>: Verfolgt die Nutzung der Website und erstellt Berichte.<\/p><p class=\"p2\">\u2022 <b>Facebook Pixel:<\/b>Unterst\u00fctzt gezielte Werbung.<\/p><p class=\"p2\">\u2022 <b>Zahlungsanbieter<\/b>: Gew\u00e4hrleisten sichere Transaktionen beim Bezahlvorgang.<\/p><p class=\"p1\">Informationen dar\u00fcber, wie diese Dritten Ihre Daten verwenden, finden Sie in deren Datenschutzrichtlinien.<\/p><p>\u00a0<\/p><p class=\"p1\"><b>Verwalten Ihrer Cookie-Einstellungen<\/b><\/p><p class=\"p1\">Sie haben das Recht, die Verwendung von Cookies auf unserer Website zu kontrollieren und zu verwalten. So geht's:<\/p><p class=\"p3\"><b>1. Cookie-Einwilligungsbanner<\/b><\/p><p class=\"p1\">Wenn Sie unsere Website zum ersten Mal besuchen, wird ein Cookie-Einwilligungsbanner angezeigt, \u00fcber das Sie Folgendes tun k\u00f6nnen:<\/p><p class=\"p4\">\u2022 Alle Cookies akzeptieren.<\/p><p class=\"p4\">\u2022 Nicht essentielle Cookies ablehnen.<\/p><p class=\"p4\">\u2022  Cookie-Einstellungen nach Kategorien anpassen.<\/p><p class=\"p1\">Sie k\u00f6nnen Ihre Einstellungen jederzeit \u00e4ndern, indem Sie <b>Abschnitt Cookie-Einstellungen<\/b> in der Fu\u00dfzeile unserer Website klicken.<\/p><p class=\"p3\"><b>2. Browsereinstellungen<\/b><\/p><p class=\"p1\">Sie k\u00f6nnen Cookies \u00fcber Ihre Browsereinstellungen deaktivieren oder l\u00f6schen. Nachfolgend finden Sie Links zu Anleitungen f\u00fcr g\u00e4ngige Browser:<\/p><p class=\"p4\">\u2022 <a href=\"https:\/\/support.google.com\/chrome\/answer\/95647\" target=\"_blank\" rel=\"noopener\">Google Chrome<\/a><\/p><p class=\"p4\">\u2022 <a href=\"https:\/\/support.mozilla.org\/en-US\/kb\/clear-cookies-and-site-data-firefox\" target=\"_blank\" rel=\"noopener\">Mozilla Firefox<\/a><\/p><p class=\"p4\">\u2022 <a href=\"https:\/\/support.apple.com\/en-us\/guide\/safari\/sfri11471\/mac\" target=\"_blank\" rel=\"noopener\">Safari<\/a><\/p><p class=\"p4\">\u2022 <a href=\"https:\/\/support.microsoft.com\/en-us\/microsoft-edge\/delete-cookies-in-microsoft-edge-63947406-40ac-c3b8-57b9-2a946a29ae09\" target=\"_blank\" rel=\"noopener\">Microsoft Edge<\/a><\/p><p class=\"p3\"><b>3. Opt-Out-Tools<\/b><\/p><p class=\"p1\">Einige Dienste von Drittanbietern bieten Opt-out-Tools an, um die Datenerfassung durch ihre Cookies zu verhindern:<\/p><p class=\"p4\">\u2022 <a href=\"https:\/\/tools.google.com\/dlpage\/gaoptout\" target=\"_blank\" rel=\"noopener\">Google Analytics deaktivieren<\/a><\/p><p class=\"p4\">\u2022 <a href=\"https:\/\/www.facebook.com\/ads\/preferences\" target=\"_blank\" rel=\"noopener\">Facebook-Werbeeinstellungen<\/a><\/p><p>\u00a0<\/p><p class=\"p1\"><b>Ihre Rechte<\/b><\/p><p class=\"p1\">Gem\u00e4\u00df der DSGVO haben Sie das Recht:<\/p><p class=\"p2\">\u2022 <b>\u00dcber die<\/b> von uns verwendeten Cookies informiert zu werden..<\/p><p class=\"p2\">\u2022 <b>Ihre Einwilligung<\/b> zu nicht essenziellen Cookies jederzeit zu widerrufen.<\/p><p class=\"p2\">\u2022 <b>Auf die \u00fcber<\/b> Cookies gesammelten Daten zuzugreifen und deren L\u00f6schung oder \u00dcbertragung zu beantragen.<\/p><p class=\"p1\">Um diese Rechte auszu\u00fcben, kontaktieren Sie uns bitte unter <a href=\"mailto:contact@lumierediamonds.eu\">contact@lumierediamonds.eu<\/a>.<\/p><p>\u00a0<\/p><p class=\"p1\"><b>\u00dcber Cookies gesammelte Daten<\/b><\/p><p class=\"p1\">Die \u00fcber Cookies gesammelten Daten k\u00f6nnen Folgendes umfassen:<\/p><p class=\"p2\">\u2022 Ihre IP-Adresse.<\/p><p class=\"p2\">\u2022 Browsertyp und -version.<\/p><p class=\"p2\">\u2022 Ger\u00e4tetyp (z. B. Mobilger\u00e4t oder Desktop-Computer).<\/p><p class=\"p2\">\u2022 Besuchte Seiten und Verweildauer auf der Website.<\/p><p class=\"p2\">\u2022 Verweisquellen (z.\u202fB. die Website, von der Sie zu uns gelangt sind).<\/p><p class=\"p1\">Diese Daten werden f\u00fcr Analysen, zur Verbesserung der Benutzererfahrung und f\u00fcr Marketingzwecke verwendet.<\/p><p>\u00a0<\/p><p class=\"p1\"><b>Speicherung von Cookies<\/b><\/p><p class=\"p1\">Die Dauer, f\u00fcr die Cookies auf Ihrem Ger\u00e4t gespeichert bleiben, h\u00e4ngt von ihrer Art ab:<\/p><p class=\"p2\">\u2022 <b>Sitzungscookies<\/b>: Verfallen, wenn Sie Ihren Browser schlie\u00dfen.<\/p><p class=\"p2\">\u2022 <b>Persistente Cookies<\/b>: Bleiben bis zu 12 Monate auf Ihrem Ger\u00e4t gespeichert, sofern sie nicht manuell gel\u00f6scht werden.<\/p><p class=\"p1\">Die genauen Aufbewahrungsfristen sind im <b>Abschnitt Cookie-Einstellungen<\/b> angegeben.<\/p><p>\u00a0<\/p><p class=\"p1\"><b>Aktualisierungen dieser Richtlinie<\/b><\/p><p class=\"p1\">Wir k\u00f6nnen diese Cookie-Richtlinie regelm\u00e4\u00dfig aktualisieren, um \u00c4nderungen gesetzlicher Anforderungen oder unserer Cookie-Praktiken Rechnung zu tragen. Wesentliche \u00c4nderungen werden auf unserer Website bekannt gegeben.<\/p><p>\u00a0<\/p><p class=\"p1\"><b>Kontaktieren Sie uns<\/b><\/p><p class=\"p1\">Wenn Sie Fragen zu dieser Cookie-Richtlinie haben oder Ihre Daten verwalten m\u00f6chten, kontaktieren Sie uns bitte unter:<\/p><p class=\"p1\">E-Mail: <a href=\"mailto:contact@lumierediamonds.eu\">contact@lumierediamonds.eu<\/a><\/p><p class=\"p1\">Postanschrift: Nova Group Sp. z o.o., \u017burawia 6\/12 lok. 745, 00-503 Warschau, Polen<\/p>\t\t\t\t\t\t<\/div>\n\t\t\t\t<\/div>\n\t\t\t\t\t<\/div>\n\t\t\t\t<\/div>\n\t\t\t\t<\/div>","protected":false},"excerpt":{"rendered":"<p>Cookie-Richtlinie Einleitung Bei Lumi\u00e8re, betrieben von der Nova Group Sp. z o.o., verwenden wir Cookies und \u00e4hnliche Technologien, um Ihre Erfahrung auf unserer Website zu verbessern. Diese Cookie-Richtlinie erkl\u00e4rt, was Cookies sind, wie wir sie verwenden und welche Rechte Sie in Bezug auf ihre Verwendung haben. Wenn Sie auf unserer Website weitersurfen, erkl\u00e4ren Sie sich mit der Verwendung von [...]<\/p>","protected":false},"author":1,"featured_media":0,"parent":0,"menu_order":0,"comment_status":"closed","ping_status":"closed","template":"","meta":{"_acf_changed":false,"footnotes":""},"class_list":["post-2720","page","type-page","status-publish","hentry"],"acf":[],"jetpack_sharing_enabled":true,"_links":{"self":[{"href":"https:\/\/lumierediamonds.eu\/de\/wp-json\/wp\/v2\/pages\/2720","targetHints":{"allow":["GET"]}}],"collection":[{"href":"https:\/\/lumierediamonds.eu\/de\/wp-json\/wp\/v2\/pages"}],"about":[{"href":"https:\/\/lumierediamonds.eu\/de\/wp-json\/wp\/v2\/types\/page"}],"author":[{"embeddable":true,"href":"https:\/\/lumierediamonds.eu\/de\/wp-json\/wp\/v2\/users\/1"}],"replies":[{"embeddable":true,"href":"https:\/\/lumierediamonds.eu\/de\/wp-json\/wp\/v2\/comments?post=2720"}],"version-history":[{"count":7,"href":"https:\/\/lumierediamonds.eu\/de\/wp-json\/wp\/v2\/pages\/2720\/revisions"}],"predecessor-version":[{"id":6763,"href":"https:\/\/lumierediamonds.eu\/de\/wp-json\/wp\/v2\/pages\/2720\/revisions\/6763"}],"wp:attachment":[{"href":"https:\/\/lumierediamonds.eu\/de\/wp-json\/wp\/v2\/media?parent=2720"}],"curies":[{"name":"wp","href":"https:\/\/api.w.org\/{rel}","templated":true}]}}