{"id":3,"date":"2023-11-08T21:13:17","date_gmt":"2023-11-08T20:13:17","guid":{"rendered":"https:\/\/wp64.you2.pl\/?page_id=3"},"modified":"2024-12-16T13:23:43","modified_gmt":"2024-12-16T12:23:43","slug":"datenschutzerklarung","status":"publish","type":"page","link":"https:\/\/lumierediamonds.eu\/de\/datenschutzerklarung\/","title":{"rendered":"Datenschutzerkl\u00e4rung"},"content":{"rendered":"<div data-elementor-type=\"wp-page\" data-elementor-id=\"3\" class=\"elementor elementor-3\" data-elementor-post-type=\"page\">\n\t\t\t\t<div class=\"elementor-element elementor-element-c5e2b87 e-flex e-con-boxed e-con e-parent\" data-id=\"c5e2b87\" data-element_type=\"container\">\n\t\t\t\t\t<div class=\"e-con-inner\">\n\t\t\t\t<div class=\"elementor-element elementor-element-18fd7b9d elementor-widget elementor-widget-text-editor\" data-id=\"18fd7b9d\" data-element_type=\"widget\" data-widget_type=\"text-editor.default\">\n\t\t\t\t<div class=\"elementor-widget-container\">\n\t\t\t\t\t\t\t<h1>Datenschutzerkl\u00e4rung<\/h1><p>\u00a0<br \/><br \/><strong>Einf\u00fchrung<\/strong><\/p><p class=\"p1\">Bei Lumi\u00e8re, betrieben von Nova Group Sp. z o.o., legen wir Wert auf Ihre Privatsph\u00e4re und verpflichten uns zum Schutz Ihrer personenbezogenen Daten. Diese Datenschutzerkl\u00e4rung beschreibt, wie wir Ihre personenbezogenen Daten erfassen, verwenden, speichern und sch\u00fctzen, wenn Sie mit unserer Website interagieren. Bitte lesen Sie diese Erkl\u00e4rung sorgf\u00e4ltig durch, um Ihre Rechte zu verstehen und zu erfahren, wie wir die Datenschutz-Grundverordnung (DSGVO) einhalten.<\/p><p>\u00a0<\/p><p class=\"p1\"><b>Wer wir sind<\/b><\/p><p>Der f\u00fcr Ihre personenbezogenen Daten verantwortliche Datenverantwortliche ist:<\/p><p>Nova Group Sp. z o.o.<br \/>\u017burawia 6\/12, Lok. 745, 00-503 Warschau, Polen<br \/>Steuer-ID: PL7011215529<br \/>REGON: 529224431<\/p><p>Wenn Sie Fragen zu dieser Richtlinie oder Ihren Daten haben, wenden Sie sich bitte an uns unter: <a href=\"mailto:contact@lumierediamonds.eu\">contact@lumierediamonds.eu<\/a><\/p><p>\u00a0<\/p><p class=\"p1\"><b>Welche personenbezogenen Daten wir erheben<\/b><\/p><p class=\"p1\">Wir erheben die folgenden personenbezogenen Daten, um unsere Dienstleistungen erbringen zu k\u00f6nnen:<\/p><p class=\"p2\">\u2022 <b>Identit\u00e4tsdaten<\/b>: Vollst\u00e4ndiger Name.<\/p><p class=\"p2\">\u2022 <b>Kontaktdaten<\/b>: E-Mail-Adresse, Telefonnummer, Rechnungsadresse und Lieferadresse.<\/p><p class=\"p2\">\u2022 <b>Transaktionsdaten<\/b>: Details zu Ihren Eink\u00e4ufen, Zahlungsinformationen und Bestellhistorie.<\/p><p class=\"p2\">\u2022 <b>Kontodaten<\/b> (optional): Benutzername und Passwort f\u00fcr Ihr Lumi\u00e8re-Konto.<\/p><p class=\"p1\">Wir erfassen diese Informationen direkt von Ihnen w\u00e4hrend des Bestellvorgangs, der Kontoanmeldung oder bei Interaktionen mit dem Kundenservice.<\/p><p>\u00a0<\/p><p>\u00a0<\/p><p class=\"p1\"><b>Rechtsgrundlage f\u00fcr die Datenverarbeitung<\/b><\/p><p class=\"p1\">Gem\u00e4\u00df der DSGVO verarbeiten wir Ihre personenbezogenen Daten auf Grundlage der folgenden Rechtsgrundlagen:<\/p><p class=\"p2\">1. <b>Vertragliche Notwendigkeit<\/b>: Um Ihre Bestellungen zu bearbeiten und zu liefern und Ihr Konto zu verwalten.<\/p><p class=\"p2\">2. <b>Einwilligung:<\/b>F\u00fcr Aktivit\u00e4ten wie das Versenden von Marketing-E-Mails (nur, wenn Sie sich daf\u00fcr angemeldet haben).<\/p><p class=\"p2\">3. <b>Gesetzliche Verpflichtung<\/b>: Zur Einhaltung gesetzlicher Anforderungen, wie beispielsweise Steuer- und Rechnungslegungsvorschriften.<\/p><p>\u00a0<\/p><p class=\"p1\"><b>Wie wir Ihre personenbezogenen Daten verwenden<\/b><\/p><p class=\"p1\">Wir verwenden Ihre personenbezogenen Daten f\u00fcr folgende Zwecke:<\/p><p class=\"p2\">\u2022 Zur Bearbeitung und Lieferung Ihrer Bestellungen, einschlie\u00dflich der Verwaltung von Zahlungen und Versand.<\/p><p class=\"p2\">\u2022 Um Kundensupport zu bieten und Probleme mit Ihren Bestellungen oder Ihrem Konto zu l\u00f6sen.<\/p><p class=\"p2\">\u2022 Um Ihnen aktuelle Informationen zu Ihren Bestellungen, Ihrem Konto oder \u00c4nderungen an unseren Dienstleistungen zu senden.<\/p><p class=\"p2\">\u2022 Zur Einhaltung gesetzlicher und beh\u00f6rdlicher Verpflichtungen.<\/p><p class=\"p1\">Wir <b>verwenden<\/b> Ihre Daten nicht f\u00fcr Zwecke, die nicht mit der Erbringung unserer Dienstleistungen in Zusammenhang stehen.<\/p><p>\u00a0<\/p><p class=\"p1\"><b>Wie wir Ihre Daten weitergeben<\/b><\/p><p class=\"p1\">Wir geben Ihre Daten nur weiter, wenn dies f\u00fcr die Erbringung unserer Dienstleistungen oder zur Einhaltung gesetzlicher Vorschriften erforderlich ist:<\/p><p class=\"p2\">\u2022 <b>Zahlungsanbieter<\/b>: Um Ihre Zahlungen sicher abzuwickeln.<\/p><p class=\"p2\">\u2022 <b>Versandunternehmen<\/b>: Um eine p\u00fcnktliche Lieferung Ihrer Eink\u00e4ufe zu gew\u00e4hrleisten.<\/p><p class=\"p2\">\u2022 <b>IT-Dienstleister:<\/b>F\u00fcr Website-Hosting und -Wartung.<\/p><p class=\"p1\">Alle Dritten sind vertraglich verpflichtet, Ihre Daten sicher und in \u00dcbereinstimmung mit der DSGVO zu behandeln.<\/p><p>\u00a0<\/p><p class=\"p1\"><b>Cookies und Tracking-Technologien<\/b><\/p><p class=\"p1\">Wir verwenden Cookies, um Ihre Erfahrung auf unserer Website zu verbessern. Cookies erm\u00f6glichen uns Folgendes:<\/p><p class=\"p2\">\u2022 Die Pr\u00e4ferenzen der Benutzer zu verstehen.<\/p><p class=\"p2\">\u2022 Die Funktionalit\u00e4t der Website zu verbessern.<\/p><p class=\"p1\">Sie k\u00f6nnen Ihre Cookie-Einstellungen verwalten oder Cookies \u00fcber Ihre Browsereinstellungen deaktivieren. Weitere Informationen finden Sie in unserer <a href=\"\/de\/cookie-richtlinie\/\">Cookie-Richtlinie.<\/a>.<\/p><p>\u00a0<\/p><p class=\"p1\"><b>Ihre Rechte<\/b><\/p><p class=\"p1\">Gem\u00e4\u00df der DSGVO haben Sie folgende Rechte in Bezug auf Ihre personenbezogenen Daten:<\/p><p class=\"p2\">\u2022 <b>Zugang<\/b>: Fordern Sie eine Kopie Ihrer personenbezogenen Daten an.<\/p><p class=\"p2\">\u2022 <b>Berichtigung:<\/b>Korrigieren Sie alle Ungenauigkeiten in Ihren Daten.<\/p><p class=\"p2\">\u2022 <b>L\u00f6schung<\/b>: Beantragen Sie die L\u00f6schung Ihrer Daten (\u201cRecht auf Vergessenwerden\u201d).<\/p><p class=\"p2\">\u2022 <b>Einschr\u00e4nkung<\/b>: Beschr\u00e4nken Sie die Verarbeitung Ihrer Daten.<\/p><p class=\"p2\">\u2022 <b>Widerspruch: Sie haben das Recht, der Verarbeitung Ihrer personenbezogenen Daten zu widersprechen, wenn wir uns auf ein berechtigtes Interesse st\u00fctze<\/b>: Widersprechen Sie der Datenverarbeitung, einschlie\u00dflich zu Marketingzwecken.<\/p><p class=\"p2\">\u2022 <b>Daten\u00fcbertragbarkeit<\/b>: Erhalten Sie Ihre Daten in einem strukturierten, g\u00e4ngigen Format.<\/p><p class=\"p2\">\u2022 <b>Einwilligung widerrufen<\/b>: Widerrufen Sie Ihre Einwilligung f\u00fcr bestimmte Datenverwendungen, wie z. B. Marketing-E-Mails.<\/p><p class=\"p1\">Um Ihre Rechte auszu\u00fcben, kontaktieren Sie uns bitte unter <a href=\"mailto:contact@lumierediamonds.eu\">contact@lumierediamonds.eu<\/a>. Sie haben auch das Recht, eine Beschwerde bei der Aufsichtsbeh\u00f6rde in Polen einzureichen:<\/p><p class=\"p1\">Pr\u00e4sident der Datenschutzbeh\u00f6rde (UODO)<\/p><p class=\"p1\">ul. Stawki 2, 00-193 Warschau, Polen<\/p><p class=\"p1\">Telefon: +48 22 531 03 00<\/p><p class=\"p1\">Website: <a href=\"https:\/\/www.uodo.gov.pl\/\" target=\"_blank\" rel=\"noopener\">www.uodo.gov.pl<\/a><\/p><p>\u00a0<\/p><p class=\"p1\"><b>Datenaufbewahrung<\/b><\/p><p class=\"p1\">Wir speichern Ihre personenbezogenen Daten nur so lange, wie es f\u00fcr die folgenden Zwecke erforderlich ist:<\/p><p class=\"p2\">\u2022 <b>Bestellinformationen<\/b>: Werden sechs Jahre lang aufbewahrt, um steuerlichen und gesetzlichen Verpflichtungen nachzukommen.<\/p><p class=\"p2\">\u2022 <b>Kontoinformationen<\/b>: Bis zur L\u00f6schung des Kontos oder bei Inaktivit\u00e4t f\u00fcr drei Jahre aufbewahrt.<\/p><p class=\"p2\">\u2022 <b>Marketingdaten<\/b>: Werden aufbewahrt, bis Sie Ihre Einwilligung widerrufen oder sich abmelden.<\/p><p class=\"p1\">Nach Ablauf der Aufbewahrungsfrist werden Ihre Daten sicher gel\u00f6scht oder anonymisiert.<\/p><p>\u00a0<\/p><p class=\"p1\"><b>Datensicherheit<\/b><\/p><p class=\"p1\">Wir legen gr\u00f6\u00dften Wert auf die Sicherheit Ihrer personenbezogenen Daten und setzen robuste technische und organisatorische Ma\u00dfnahmen um, darunter:<\/p><p class=\"p2\">\u2022 Datenverschl\u00fcsselung w\u00e4hrend der Speicherung und \u00dcbertragung.<\/p><p class=\"p2\">\u2022 Sichere Zahlungsabwicklung durch vertrauensw\u00fcrdige Anbieter.<\/p><p class=\"p2\">\u2022 Zugriffskontrollen, um unbefugten Zugriff auf Ihre Daten zu verhindern.<\/p><p class=\"p1\">Obwohl wir uns bem\u00fchen, Ihre Daten zu sch\u00fctzen, ist kein System zu 100 % sicher. Im unwahrscheinlichen Fall einer Datenverletzung werden wir die betroffenen Nutzer umgehend benachrichtigen und, falls erforderlich, dies der Aufsichtsbeh\u00f6rde melden.<\/p><p>\u00a0<\/p><p class=\"p1\"><b>Daten von Kindern<\/b><\/p><p class=\"p1\">Unsere Website richtet sich nicht an Kinder unter 16 Jahren, und wir erfassen wissentlich keine personenbezogenen Daten von ihnen. Sollten wir feststellen, dass wir versehentlich Daten von einem Kind erfasst haben, werden wir diese umgehend l\u00f6schen.<\/p><p>\u00a0<\/p><p class=\"p1\"><b>\u00c4nderungen dieser Datenschutzerkl\u00e4rung<\/b><\/p><p class=\"p1\">Wir k\u00f6nnen diese Datenschutzerkl\u00e4rung aktualisieren, um \u00c4nderungen unserer Praktiken oder gesetzlichen Verpflichtungen Rechnung zu tragen. Alle wesentlichen Aktualisierungen werden auf unserer Website oder per E-Mail bekannt gegeben. Die jeweils aktuelle Version dieser Erkl\u00e4rung ist jederzeit auf unserer Website verf\u00fcgbar.<\/p><p>\u00a0<\/p><p class=\"p1\"><b>Best\u00e4tigung und Vereinbarung<\/b><\/p><p class=\"p1\">Durch die Nutzung unserer Website und unserer Dienste stimmen Sie den in dieser Datenschutzerkl\u00e4rung beschriebenen Praktiken zu. Wir verpflichten uns, Ihre Daten mit Sorgfalt, Transparenz und Respekt zu behandeln.<\/p><p>\u00a0<\/p><p class=\"p1\"><b>Kontaktieren Sie uns<\/b><\/p><p class=\"p1\">Wenn Sie Fragen oder Bedenken zu dieser Datenschutzerkl\u00e4rung oder Ihren personenbezogenen Daten haben, wenden Sie sich bitte an uns unter:<\/p><p class=\"p1\">E-Mail: <a href=\"mailto:contact@lumierediamonds.eu\">contact@lumierediamonds.eu<\/a><\/p><p class=\"p1\">Postanschrift: Nova Group Sp. z o.o., \u017burawia 6\/12 lok. 745, 00-503 Warschau, Polen<\/p>\t\t\t\t\t\t<\/div>\n\t\t\t\t<\/div>\n\t\t\t\t\t<\/div>\n\t\t\t\t<\/div>\n\t\t\t\t<\/div>","protected":false},"excerpt":{"rendered":"<p>Einf\u00fchrung in die Datenschutzpolitik Bei Lumi\u00e8re, betrieben von der Nova Group Sp. z o.o., sch\u00e4tzen wir Ihre Privatsph\u00e4re und verpflichten uns, Ihre pers\u00f6nlichen Daten zu sch\u00fctzen. Diese Datenschutzrichtlinie beschreibt, wie wir Ihre pers\u00f6nlichen Daten sammeln, verwenden, speichern und sch\u00fctzen, wenn Sie mit unserer Website interagieren. Bitte lesen Sie diese Richtlinie sorgf\u00e4ltig durch, um sich \u00fcber Ihre Rechte und [...]<\/p>","protected":false},"author":1,"featured_media":0,"parent":0,"menu_order":0,"comment_status":"closed","ping_status":"closed","template":"","meta":{"_acf_changed":false,"footnotes":""},"class_list":["post-3","page","type-page","status-publish","hentry"],"acf":[],"jetpack_sharing_enabled":true,"_links":{"self":[{"href":"https:\/\/lumierediamonds.eu\/de\/wp-json\/wp\/v2\/pages\/3","targetHints":{"allow":["GET"]}}],"collection":[{"href":"https:\/\/lumierediamonds.eu\/de\/wp-json\/wp\/v2\/pages"}],"about":[{"href":"https:\/\/lumierediamonds.eu\/de\/wp-json\/wp\/v2\/types\/page"}],"author":[{"embeddable":true,"href":"https:\/\/lumierediamonds.eu\/de\/wp-json\/wp\/v2\/users\/1"}],"replies":[{"embeddable":true,"href":"https:\/\/lumierediamonds.eu\/de\/wp-json\/wp\/v2\/comments?post=3"}],"version-history":[{"count":10,"href":"https:\/\/lumierediamonds.eu\/de\/wp-json\/wp\/v2\/pages\/3\/revisions"}],"predecessor-version":[{"id":6753,"href":"https:\/\/lumierediamonds.eu\/de\/wp-json\/wp\/v2\/pages\/3\/revisions\/6753"}],"wp:attachment":[{"href":"https:\/\/lumierediamonds.eu\/de\/wp-json\/wp\/v2\/media?parent=3"}],"curies":[{"name":"wp","href":"https:\/\/api.w.org\/{rel}","templated":true}]}}