{"id":6768,"date":"2024-12-16T14:35:38","date_gmt":"2024-12-16T13:35:38","guid":{"rendered":"https:\/\/lumierediamonds.eu\/?page_id=6768"},"modified":"2024-12-20T12:32:39","modified_gmt":"2024-12-20T11:32:39","slug":"versand-und-lieferbedingungen","status":"publish","type":"page","link":"https:\/\/lumierediamonds.eu\/de\/versand-und-lieferbedingungen\/","title":{"rendered":"Versand- und Lieferbedingungen"},"content":{"rendered":"<div data-elementor-type=\"wp-page\" data-elementor-id=\"6768\" class=\"elementor elementor-6768\" data-elementor-post-type=\"page\">\n\t\t\t\t<div class=\"elementor-element elementor-element-19742b5f e-flex e-con-boxed e-con e-parent\" data-id=\"19742b5f\" data-element_type=\"container\">\n\t\t\t\t\t<div class=\"e-con-inner\">\n\t\t\t\t<div class=\"elementor-element elementor-element-51db09a5 elementor-widget elementor-widget-text-editor\" data-id=\"51db09a5\" data-element_type=\"widget\" data-widget_type=\"text-editor.default\">\n\t\t\t\t<div class=\"elementor-widget-container\">\n\t\t\t\t\t\t\t<h1>Versand- und Lieferbedingungen<\/h1><p>\u00a0<\/p><p><strong>Einf\u00fchrung<\/strong><\/p><p class=\"p1\">Wir bei Lumi\u00e8re m\u00f6chten Ihnen ein reibungsloses und angenehmes Einkaufserlebnis bieten. In diesen Versand- und Lieferbedingungen finden Sie alles, was Sie \u00fcber die Lieferung Ihrer Bestellungen wissen m\u00fcssen, einschlie\u00dflich Kosten, Lieferzeiten und anderer wichtiger Details.<\/p><p>\u00a0<\/p><p class=\"p1\"><b>Versandziele<\/b><\/p><p class=\"p1\">Wir versenden derzeit in alle L\u00e4nder innerhalb der <b>Europ\u00e4ischen Union (EU)<\/b>.<\/p><p class=\"p1\">Leider k\u00f6nnen wir derzeit keine Bestellungen f\u00fcr Lieferungen au\u00dferhalb der EU bearbeiten.<\/p><p>\u00a0<\/p><p>\u00a0<\/p><p class=\"p1\"><b>Versandkosten<\/b><\/p><p class=\"p1\">Wir bieten <b>kostenlosen Versand<\/b> auf alle Bestellungen in EU-L\u00e4nder, ohne Mindestbestellwert.<\/p><p class=\"p1\">F\u00fcr den Standardversand fallen keine zus\u00e4tzlichen Geb\u00fchren an, unabh\u00e4ngig vom Umfang der Bestellung oder dem Bestimmungsort innerhalb der EU.<\/p><p>\u00a0<\/p><p class=\"p1\"><b>Lieferfristen<\/b><\/p><p class=\"p1\">Wir bem\u00fchen uns, Ihre Bestellung so schnell wie m\u00f6glich zu Ihnen zu liefern. Nachfolgend finden Sie die voraussichtlichen Lieferzeiten:<\/p><p class=\"p1\"><strong>Europ\u00e4ische Union:<\/strong> 3\u20137 Werktage<\/p><p class=\"p1\"><b>Bearbeitungszeiten<\/b><\/p><p class=\"p2\">\u2022 Bestellungen werden innerhalb von <b>1\u20132 Werktagen<\/b> nach Best\u00e4tigung der Zahlung.<\/p><p class=\"p2\">\u2022 Bestellungen, die an Wochenenden oder Feiertagen aufgegeben werden, werden am n\u00e4chsten Werktag bearbeitet.<\/p><p class=\"p4\">Bitte beachten Sie: Die Lieferzeiten sind Sch\u00e4tzungen und k\u00f6nnen aufgrund von Faktoren, die au\u00dferhalb unserer Kontrolle liegen, wie z. B. Verz\u00f6gerungen beim Zoll oder St\u00f6rungen beim Kurierdienst, variieren.<\/p><p>\u00a0<\/p><p class=\"p1\"><b>Sendungsverfolgung<\/b><\/p><p class=\"p1\">Sobald Ihre Bestellung versandt wurde, erhalten Sie eine <b>Versandbest\u00e4tigungs-E-Mail<\/b> mit einer Sendungsverfolgungsnummer. Mit dieser Sendungsverfolgungsnummer k\u00f6nnen Sie den Versandstatus Ihrer Sendung auf der Website des Kurierdienstes verfolgen.<\/p><p class=\"p1\">Wenn Sie Probleme mit der Nachverfolgung haben, kontaktieren Sie uns bitte unter <a href=\"mailto:contact@lumierediamonds.eu\">contact@lumierediamonds.eu<\/a>, und wir helfen Ihnen gerne weiter.<\/p><p>\u00a0<\/p><p class=\"p1\"><b>Lieferbedingungen<\/b><\/p><p class=\"p1\"><b>Erfolgreiche Lieferung<\/b><\/p><p class=\"p2\">\u2022 Die Lieferung erfolgt an die beim Bezahlvorgang angegebene Adresse.<\/p><p class=\"p2\">\u2022 Es liegt in der Verantwortung des Kunden, sicherzustellen, dass die Lieferadresse korrekt und zug\u00e4nglich ist.<\/p><p class=\"p1\"><b>Fehlgeschlagene Zustellversuche<\/b><\/p><p class=\"p2\">\u2022 Kann der Kurier Ihre Bestellung nicht zustellen (z.\u202fB. aufgrund einer fehlerhaften Adresse oder mangelnden Zugangs zum Grundst\u00fcck), hinterl\u00e4sst er m\u00f6glicherweise eine Benachrichtigung oder unternimmt einen weiteren Zustellversuch.<\/p><p class=\"p1\"><b>Verlorene oder besch\u00e4digte Pakete<\/b><\/p><p class=\"p2\">\u2022 Sollte Ihre Bestellung w\u00e4hrend des Transports verloren gehen oder besch\u00e4digt werden, benachrichtigen Sie uns bitte umgehend unter <a href=\"mailto:contact@lumierediamonds.eu\">contact@lumierediamonds.eu<\/a>.<\/p><p class=\"p2\">\u2022 Wir werden gemeinsam mit dem Kurierdienst eine L\u00f6sung finden und bei Bedarf Ersatz leisten oder eine R\u00fcckerstattung veranlassen.<\/p><p>\u00a0<\/p><p class=\"p1\"><b>Z\u00f6lle und Abgaben<\/b><\/p><p class=\"p1\">Da alle Bestellungen innerhalb der EU versandt werden, fallen f\u00fcr Ihren Einkauf keine Z\u00f6lle oder zus\u00e4tzlichen Steuern an.<\/p><p class=\"p1\">Sollten in bestimmten EU-Gebieten unter besonderen Umst\u00e4nden Einfuhrz\u00f6lle anfallen, liegt die Verantwortung f\u00fcr deren Begleichung beim Kunden.<\/p><p>\u00a0<\/p><p class=\"p1\"><b>\u00c4nderungen der Versandinformationen<\/b><\/p><p class=\"p1\">Wenn Sie Ihre Lieferadresse oder andere Angaben aktualisieren m\u00fcssen, kontaktieren Sie uns bitte umgehend unter <a href=\"mailto:contact@lumierediamonds.eu\">contact@lumierediamonds.eu<\/a>.<\/p><p class=\"p1\">\u00c4nderungen sind nur m\u00f6glich, solange die Bestellung noch nicht versandt wurde. Nach dem Versand k\u00f6nnen Lieferdetails nicht mehr ge\u00e4ndert werden.<\/p><p>\u00a0<\/p><p class=\"p1\">\u00a0<\/p><p class=\"p1\"><b>Lieferverz\u00f6gerungen<\/b><\/p><p class=\"p1\">Wir bem\u00fchen uns, Ihre Bestellung innerhalb der angegebenen Lieferfristen zuzustellen. Dennoch kann es in Einzelf\u00e4llen zu Verz\u00f6gerungen kommen, die au\u00dferhalb unserer Kontrolle liegen \u2013 darunter:<\/p><p class=\"p2\">\u2022 Unwetterbedingungen.<\/p><p class=\"p2\">\u2022 Probleme bei der Zollabfertigung.<\/p><p class=\"p2\">\u2022 St\u00f6rungen beim Kurierdienst<\/p><p class=\"p1\">Sollte sich Ihre Lieferung verz\u00f6gern, halten wir Sie bestm\u00f6glich auf dem Laufenden und unterst\u00fctzen Sie bei der Sendungsverfolgung.<\/p><p>\u00a0<\/p><p class=\"p1\"><b>Nicht abgeholte Pakete<\/b><\/p><p class=\"p1\">Wenn ein Paket an uns zur\u00fcckgesendet wird, weil es nicht abgeholt wurde oder die Lieferadresse fehlerhaft war, werden wir Sie kontaktieren, um eine erneute Zustellung zu veranlassen.\nEventuell anfallende zus\u00e4tzliche Versandkosten tr\u00e4gt der Kunde.<\/p><p>\u00a0<\/p><p class=\"p1\"><b>Stornierung von Bestellungen<\/b><\/p><p class=\"p1\">Wenn Sie Ihre Bestellung stornieren m\u00f6chten, kontaktieren Sie uns bitte umgehend unter <a href=\"mailto:contact@lumierediamonds.eu\">contact@lumierediamonds.eu<\/a>.<\/p><p class=\"p2\">\u2022 Stornierungen sind nur m\u00f6glich, solange die Bestellung noch nicht versandt wurde.<\/p><p class=\"p2\">\u2022 Wenn Ihre Bestellung bereits verschickt wurde, beachten Sie bitte unsere <a href=\"\/de\/returns-refunds-policy\/\">R\u00fcckgabe- und Erstattungsrichtlinie,<\/a> um den Artikel nach der Lieferung zur\u00fcckzusenden.<\/p><p>\u00a0<\/p><p class=\"p1\"><b>Kontaktieren Sie uns<\/b><\/p><p class=\"p1\">Bei Fragen oder Anliegen zu unseren Versand- und Lieferbedingungen besuchen Sie bitte unsere <a href=\"\/de\/kontaktieren-sie-uns\/\">Kontaktseite \u2013 wir helfen Ihnen gerne weiter<\/a>.<\/p>\t\t\t\t\t\t<\/div>\n\t\t\t\t<\/div>\n\t\t\t\t\t<\/div>\n\t\t\t\t<\/div>\n\t\t\t\t<\/div>","protected":false},"excerpt":{"rendered":"<p>Versand- und Lieferbedingungen Einleitung Wir bei Lumi\u00e8re sind bestrebt, Ihnen ein reibungsloses und angenehmes Einkaufserlebnis zu bieten. In diesen Versand- und Lieferbedingungen finden Sie alles, was Sie \u00fcber die Lieferung Ihrer Bestellungen wissen m\u00fcssen, einschlie\u00dflich Kosten, Fristen und anderer wichtiger Details.   Versanddestinationen Wir liefern derzeit in alle L\u00e4nder innerhalb [...]<\/p>","protected":false},"author":1,"featured_media":0,"parent":0,"menu_order":0,"comment_status":"closed","ping_status":"closed","template":"","meta":{"_acf_changed":false,"footnotes":""},"class_list":["post-6768","page","type-page","status-publish","hentry"],"acf":[],"jetpack_sharing_enabled":true,"_links":{"self":[{"href":"https:\/\/lumierediamonds.eu\/de\/wp-json\/wp\/v2\/pages\/6768","targetHints":{"allow":["GET"]}}],"collection":[{"href":"https:\/\/lumierediamonds.eu\/de\/wp-json\/wp\/v2\/pages"}],"about":[{"href":"https:\/\/lumierediamonds.eu\/de\/wp-json\/wp\/v2\/types\/page"}],"author":[{"embeddable":true,"href":"https:\/\/lumierediamonds.eu\/de\/wp-json\/wp\/v2\/users\/1"}],"replies":[{"embeddable":true,"href":"https:\/\/lumierediamonds.eu\/de\/wp-json\/wp\/v2\/comments?post=6768"}],"version-history":[{"count":5,"href":"https:\/\/lumierediamonds.eu\/de\/wp-json\/wp\/v2\/pages\/6768\/revisions"}],"predecessor-version":[{"id":7799,"href":"https:\/\/lumierediamonds.eu\/de\/wp-json\/wp\/v2\/pages\/6768\/revisions\/7799"}],"wp:attachment":[{"href":"https:\/\/lumierediamonds.eu\/de\/wp-json\/wp\/v2\/media?parent=6768"}],"curies":[{"name":"wp","href":"https:\/\/api.w.org\/{rel}","templated":true}]}}