{"id":10514,"date":"2025-09-18T18:23:03","date_gmt":"2025-09-18T16:23:03","guid":{"rendered":"https:\/\/lumierediamonds.eu\/?post_type=product&#038;p=10514"},"modified":"2026-03-01T12:25:34","modified_gmt":"2026-03-01T11:25:34","slug":"solo-diamantanhanger-mit-lunette","status":"publish","type":"product","link":"https:\/\/lumierediamonds.eu\/de\/product\/solo-diamantanhanger-mit-lunette\/","title":{"rendered":"Solo-Anh\u00e4nger mit rundem Diamanten"},"content":{"rendered":"<p class=\"p1\">Ein Klassiker, neu definiert.<b><\/b><\/p>\n<p class=\"p2\">Das <span class=\"s1\"><b>Solo-Anh\u00e4nger mit rundem Diamanten<\/b><\/span> Mit einem einzelnen runden Diamanten aus Laborzucht, gefasst in einer glatten Fassung und aufgeh\u00e4ngt an einer feinen Kette aus 18 Karat Gelb- oder Wei\u00dfgold mit sicherem Karabinerverschluss. Erh\u00e4ltlich in Karatgewichten von 0,25 bis 3 ct.<\/p>\n<p class=\"p2\">Sein klares, modernes Design sorgt f\u00fcr m\u00fcheloses Tragen \u2013 egal ob im Lagenlook oder solo.<\/p>","protected":false},"excerpt":{"rendered":"<p class=\"p1\">Der Solo Bezel Diamond Pendant ist ein leuchtendes Must-have und besticht durch einen einzelnen runden Brillant-Diamanten aus Laborzucht, der elegant in einer schlanken Zargenfassung schwebt. Erh\u00e4ltlich in 18 Karat Gelb- oder Wei\u00dfgold und mit einem Gesamtgewicht von 0,25 bis 3 Karat ist er ein zeitloses Schmuckst\u00fcck, das jedem Look einen dezenten Glanz verleiht.<\/p>","protected":false},"featured_media":10388,"template":"","meta":{"_acf_changed":false},"product_brand":[],"product_cat":[552,759],"product_tag":[971,969,972,366,638,386,970,749,973,961],"class_list":{"0":"post-10514","1":"product","2":"type-product","3":"status-publish","4":"has-post-thumbnail","6":"product_cat-diamond-essentials","7":"product_cat-pendants","8":"product_tag-18k-gold-chain","9":"product_tag-bezel-diamond-pendant","10":"product_tag-bezel-set-diamond","11":"product_tag-everyday-luxury","12":"product_tag-fine-jewelry","13":"product_tag-lab-grown-diamond-necklace","14":"product_tag-minimalist-gold-pendant","15":"product_tag-round-brilliant-pendant","16":"product_tag-solo-pendant","17":"product_tag-timeless-necklace","18":"pa_metal-white-gold","19":"pa_metal-yellow-gold","21":"first","22":"instock","23":"taxable","24":"shipping-taxable","25":"purchasable","26":"product-type-variable"},"acf":[],"jetpack_sharing_enabled":true,"_links":{"self":[{"href":"https:\/\/lumierediamonds.eu\/de\/wp-json\/wp\/v2\/product\/10514","targetHints":{"allow":["GET"]}}],"collection":[{"href":"https:\/\/lumierediamonds.eu\/de\/wp-json\/wp\/v2\/product"}],"about":[{"href":"https:\/\/lumierediamonds.eu\/de\/wp-json\/wp\/v2\/types\/product"}],"version-history":[{"count":5,"href":"https:\/\/lumierediamonds.eu\/de\/wp-json\/wp\/v2\/product\/10514\/revisions"}],"predecessor-version":[{"id":14745,"href":"https:\/\/lumierediamonds.eu\/de\/wp-json\/wp\/v2\/product\/10514\/revisions\/14745"}],"wp:featuredmedia":[{"embeddable":true,"href":"https:\/\/lumierediamonds.eu\/de\/wp-json\/wp\/v2\/media\/10388"}],"wp:attachment":[{"href":"https:\/\/lumierediamonds.eu\/de\/wp-json\/wp\/v2\/media?parent=10514"}],"wp:term":[{"taxonomy":"product_brand","embeddable":true,"href":"https:\/\/lumierediamonds.eu\/de\/wp-json\/wp\/v2\/product_brand?post=10514"},{"taxonomy":"product_cat","embeddable":true,"href":"https:\/\/lumierediamonds.eu\/de\/wp-json\/wp\/v2\/product_cat?post=10514"},{"taxonomy":"product_tag","embeddable":true,"href":"https:\/\/lumierediamonds.eu\/de\/wp-json\/wp\/v2\/product_tag?post=10514"}],"curies":[{"name":"wp","href":"https:\/\/api.w.org\/{rel}","templated":true}]}}