{"id":10547,"date":"2025-09-18T18:23:13","date_gmt":"2025-09-18T16:23:13","guid":{"rendered":"https:\/\/lumierediamonds.eu\/?post_type=product&#038;p=10547"},"modified":"2025-11-20T18:17:21","modified_gmt":"2025-11-20T17:17:21","slug":"eterna-smaragdgeschliffener-diamantanhanger","status":"publish","type":"product","link":"https:\/\/lumierediamonds.eu\/de\/product\/eterna-smaragdgeschliffener-diamantanhanger\/","title":{"rendered":"Eterna Smaragdschliff-Diamant-Anh\u00e4nger"},"content":{"rendered":"<p class=\"p1\">M\u00fchelose Raffinesse, gepr\u00e4gt von klaren Linien und zeitlosem Licht.<\/p>\n<p class=\"p1\">Das <span class=\"s1\"><b>Lumi\u00e8re Smaragd-Diamant-Anh\u00e4nger<\/b><\/span> verf\u00fcgt \u00fcber <span class=\"s1\">Im Labor gez\u00fcchteter Diamant im Smaragdschliff<\/span>, bekannt f\u00fcr seine spiegelglatten Facetten und seine raffinierte Symmetrie. Seine klare Geometrie und sein dezenter Glanz schaffen eine Aura von ruhiger Selbstsicherheit und moderner Anmut. Er h\u00e4ngt an einer feinen Goldkette und ist mit einem <span class=\"s1\">Karabinerverschluss<\/span>, Dieser Anh\u00e4nger verk\u00f6rpert minimalistischen Luxus.<\/p>\n<p class=\"p3\"><span class=\"s2\">Erh\u00e4ltlich in <\/span>18 Karat Gelb- oder Wei\u00dfgold<span class=\"s2\">, und in <\/span>Ihr Wunsch-Karatgewicht<span class=\"s2\">.<\/span><\/p>","protected":false},"excerpt":{"rendered":"<p class=\"p1\">Der elegante und raffinierte Eterna Emerald Cut Diamond Pendant ist ein Musterbeispiel f\u00fcr Symmetrie und Raffinesse. Mit seinen klaren Linien und seiner eleganten Silhouette h\u00e4ngt dieser in einer Zargenfassung gesetzte, im Labor gez\u00fcchtete Diamant im Smaragdschliff an einer feinen Kabelkette aus 18 Karat Gelb- oder Wei\u00dfgold Ihrer Wahl.<\/p>","protected":false},"featured_media":10808,"template":"","meta":{"_acf_changed":false},"product_brand":[],"product_cat":[552,53,759],"product_tag":[635,748,981,401,970,303,982],"class_list":{"0":"post-10547","1":"product","2":"type-product","3":"status-publish","4":"has-post-thumbnail","6":"product_cat-diamond-essentials","7":"product_cat-necklaces-pendants","8":"product_cat-pendants","9":"product_tag-18k-gold-necklace","10":"product_tag-cable-chain-necklace","11":"product_tag-elegant-pendant","12":"product_tag-luxury-necklace","13":"product_tag-minimalist-gold-pendant","14":"product_tag-solitaire-necklace","15":"product_tag-timeless-diamond-jewelry","16":"pa_metal-white-gold","17":"pa_metal-yellow-gold","19":"first","20":"instock","21":"taxable","22":"shipping-taxable","23":"purchasable","24":"product-type-variable"},"acf":[],"jetpack_sharing_enabled":true,"_links":{"self":[{"href":"https:\/\/lumierediamonds.eu\/de\/wp-json\/wp\/v2\/product\/10547","targetHints":{"allow":["GET"]}}],"collection":[{"href":"https:\/\/lumierediamonds.eu\/de\/wp-json\/wp\/v2\/product"}],"about":[{"href":"https:\/\/lumierediamonds.eu\/de\/wp-json\/wp\/v2\/types\/product"}],"version-history":[{"count":5,"href":"https:\/\/lumierediamonds.eu\/de\/wp-json\/wp\/v2\/product\/10547\/revisions"}],"predecessor-version":[{"id":11477,"href":"https:\/\/lumierediamonds.eu\/de\/wp-json\/wp\/v2\/product\/10547\/revisions\/11477"}],"wp:featuredmedia":[{"embeddable":true,"href":"https:\/\/lumierediamonds.eu\/de\/wp-json\/wp\/v2\/media\/10808"}],"wp:attachment":[{"href":"https:\/\/lumierediamonds.eu\/de\/wp-json\/wp\/v2\/media?parent=10547"}],"wp:term":[{"taxonomy":"product_brand","embeddable":true,"href":"https:\/\/lumierediamonds.eu\/de\/wp-json\/wp\/v2\/product_brand?post=10547"},{"taxonomy":"product_cat","embeddable":true,"href":"https:\/\/lumierediamonds.eu\/de\/wp-json\/wp\/v2\/product_cat?post=10547"},{"taxonomy":"product_tag","embeddable":true,"href":"https:\/\/lumierediamonds.eu\/de\/wp-json\/wp\/v2\/product_tag?post=10547"}],"curies":[{"name":"wp","href":"https:\/\/api.w.org\/{rel}","templated":true}]}}