{"id":10578,"date":"2025-09-18T18:23:19","date_gmt":"2025-09-18T16:23:19","guid":{"rendered":"https:\/\/lumierediamonds.eu\/?post_type=product&#038;p=10578"},"modified":"2025-11-20T18:17:28","modified_gmt":"2025-11-20T17:17:28","slug":"eterna-diamant-anhanger-im-brillantschliff","status":"publish","type":"product","link":"https:\/\/lumierediamonds.eu\/de\/product\/eterna-diamant-anhanger-im-brillantschliff\/","title":{"rendered":"Eterna Diamant-Anh\u00e4nger im Birnenschliff"},"content":{"rendered":"<p class=\"p1\">Zeitlose Eleganz, eingefangen in einem einzigen Lichtstrahl.<b><\/b><\/p>\n<p class=\"p3\">Das <span class=\"s1\"><b>Lumi\u00e8re Birnenf\u00f6rmiger Diamant-Anh\u00e4nger<\/b><\/span> verf\u00fcgt \u00fcber einen wundersch\u00f6n geschliffenen Birnenschliff <span class=\"s1\">im Labor gez\u00fcchteter Diamant<\/span>, ausgew\u00e4hlt wegen seines strahlenden Glanzes und seiner anmutigen Silhouette. Er h\u00e4ngt an einer feinen Goldkette und ist mit einem <span class=\"s1\">Karabinerverschluss<\/span>, Es verk\u00f6rpert raffinierte Schlichtheit und zeitlose Sch\u00f6nheit.<\/p>\n<p class=\"p1\"><span class=\"s2\">Erh\u00e4ltlich in <\/span>18 Karat Gelb- oder Wei\u00dfgold<span class=\"s2\">, und in <\/span>Ihr Wunsch-Karatgewicht<span class=\"s2\">.<\/span><\/p>","protected":false},"excerpt":{"rendered":"<p class=\"p1\">Der raffinierte und strahlende Eterna Pear Cut Diamond Pendant besteht aus einem brillanten, im Labor gez\u00fcchteten Diamanten im Birnenschliff, der an einer zarten Kabelkette h\u00e4ngt. Erh\u00e4ltlich in 18 Karat Gelb- oder Wei\u00dfgold und mit einem Karatgewicht Ihrer Wahl, verleiht diese tropfenf\u00f6rmige Silhouette jeder Schmuckkollektion einen zeitlosen Touch.<\/p>","protected":false},"featured_media":10877,"template":"","meta":{"_acf_changed":false},"product_brand":[],"product_cat":[552,53,759],"product_tag":[635,748,981,401,970,303,982],"class_list":{"0":"post-10578","1":"product","2":"type-product","3":"status-publish","4":"has-post-thumbnail","6":"product_cat-diamond-essentials","7":"product_cat-necklaces-pendants","8":"product_cat-pendants","9":"product_tag-18k-gold-necklace","10":"product_tag-cable-chain-necklace","11":"product_tag-elegant-pendant","12":"product_tag-luxury-necklace","13":"product_tag-minimalist-gold-pendant","14":"product_tag-solitaire-necklace","15":"product_tag-timeless-diamond-jewelry","16":"pa_metal-white-gold","17":"pa_metal-yellow-gold","19":"first","20":"instock","21":"taxable","22":"shipping-taxable","23":"purchasable","24":"product-type-variable"},"acf":[],"jetpack_sharing_enabled":true,"_links":{"self":[{"href":"https:\/\/lumierediamonds.eu\/de\/wp-json\/wp\/v2\/product\/10578","targetHints":{"allow":["GET"]}}],"collection":[{"href":"https:\/\/lumierediamonds.eu\/de\/wp-json\/wp\/v2\/product"}],"about":[{"href":"https:\/\/lumierediamonds.eu\/de\/wp-json\/wp\/v2\/types\/product"}],"version-history":[{"count":7,"href":"https:\/\/lumierediamonds.eu\/de\/wp-json\/wp\/v2\/product\/10578\/revisions"}],"predecessor-version":[{"id":11449,"href":"https:\/\/lumierediamonds.eu\/de\/wp-json\/wp\/v2\/product\/10578\/revisions\/11449"}],"wp:featuredmedia":[{"embeddable":true,"href":"https:\/\/lumierediamonds.eu\/de\/wp-json\/wp\/v2\/media\/10877"}],"wp:attachment":[{"href":"https:\/\/lumierediamonds.eu\/de\/wp-json\/wp\/v2\/media?parent=10578"}],"wp:term":[{"taxonomy":"product_brand","embeddable":true,"href":"https:\/\/lumierediamonds.eu\/de\/wp-json\/wp\/v2\/product_brand?post=10578"},{"taxonomy":"product_cat","embeddable":true,"href":"https:\/\/lumierediamonds.eu\/de\/wp-json\/wp\/v2\/product_cat?post=10578"},{"taxonomy":"product_tag","embeddable":true,"href":"https:\/\/lumierediamonds.eu\/de\/wp-json\/wp\/v2\/product_tag?post=10578"}],"curies":[{"name":"wp","href":"https:\/\/api.w.org\/{rel}","templated":true}]}}