{"id":10642,"date":"2025-09-30T01:07:33","date_gmt":"2025-09-29T23:07:33","guid":{"rendered":"https:\/\/lumierediamonds.eu\/product\/toi-et-moi-pear-emerald-diamond-ring\/"},"modified":"2025-12-16T20:45:01","modified_gmt":"2025-12-16T19:45:01","slug":"toi-et-moi-birnen-smaragd-diamantring","status":"publish","type":"product","link":"https:\/\/lumierediamonds.eu\/de\/product\/toi-et-moi-birnen-smaragd-diamantring\/","title":{"rendered":"Toi et Moi Birnen- und Smaragd-Diamantring"},"content":{"rendered":"<p class=\"p1\">Als ewiges Symbol der Verbundenheit vereint der Toi et Moi Pear &amp; Emerald Diamond Ring zwei unterschiedliche Schliffe in einem atemberaubenden Design. Mit einem 1,18 Karat gro\u00dfen Diamanten im Pear-Schliff und einem 2,25 Karat gro\u00dfen Diamanten im Smaragdschliff \u2013 gefasst in poliertem 18 Karat Wei\u00dfgold \u2013 ist dieses moderne Erbst\u00fcck eine Hommage an Dualit\u00e4t, Einheit und Liebe. Dieses Statement-St\u00fcck aus LBMA-zertifiziertem 18 Karat Gold ist pr\u00e4zise gefertigt und eignet sich ideal f\u00fcr Verlobungen, Jubil\u00e4en oder zur Erinnerung an bedeutende Momente im Leben.<\/p>","protected":false},"excerpt":{"rendered":"<p>Der Toi et Moi Pear &amp; Emerald Diamond Ring ist ein ewiges Symbol der Verbundenheit und vereint zwei unterschiedliche Schliffe in einem atemberaubenden Design. Mit einem 1,18-ct.-Diamanten im Birnenschliff und einem 2,25-ct.-Diamanten im Smaragdschliff - gefasst in poliertem 18-kar\u00e4tigem Wei\u00dfgold - ist dieses moderne Erbst\u00fcck ein Fest der Dualit\u00e4t, Einheit und Liebe.<\/p>","protected":false},"featured_media":11052,"template":"","meta":{"_acf_changed":false},"product_brand":[],"product_cat":[552,52,898],"product_tag":[680,1016,1014,679,1013,1012,1018,1011,1017,1015],"class_list":{"0":"post-10642","1":"product","2":"type-product","3":"status-publish","4":"has-post-thumbnail","6":"product_cat-diamond-essentials","7":"product_cat-rings","8":"product_cat-statement-rings","9":"product_tag-18k-gold-ring","10":"product_tag-contemporary-fine-jewelry","11":"product_tag-dual-stone-ring","12":"product_tag-lab-grown-diamond-ring-2","13":"product_tag-modern-engagement-ring","14":"product_tag-pear-and-emerald-diamond-ring","15":"product_tag-symbolic-diamond-ring","16":"product_tag-toi-et-moi-ring","17":"product_tag-two-stone-ring","18":"product_tag-white-gold-diamond-ring","19":"pa_metal-white-gold","21":"first","22":"instock","23":"taxable","24":"shipping-taxable","25":"purchasable","26":"product-type-simple"},"acf":[],"jetpack_sharing_enabled":true,"_links":{"self":[{"href":"https:\/\/lumierediamonds.eu\/de\/wp-json\/wp\/v2\/product\/10642","targetHints":{"allow":["GET"]}}],"collection":[{"href":"https:\/\/lumierediamonds.eu\/de\/wp-json\/wp\/v2\/product"}],"about":[{"href":"https:\/\/lumierediamonds.eu\/de\/wp-json\/wp\/v2\/types\/product"}],"version-history":[{"count":4,"href":"https:\/\/lumierediamonds.eu\/de\/wp-json\/wp\/v2\/product\/10642\/revisions"}],"predecessor-version":[{"id":14412,"href":"https:\/\/lumierediamonds.eu\/de\/wp-json\/wp\/v2\/product\/10642\/revisions\/14412"}],"wp:featuredmedia":[{"embeddable":true,"href":"https:\/\/lumierediamonds.eu\/de\/wp-json\/wp\/v2\/media\/11052"}],"wp:attachment":[{"href":"https:\/\/lumierediamonds.eu\/de\/wp-json\/wp\/v2\/media?parent=10642"}],"wp:term":[{"taxonomy":"product_brand","embeddable":true,"href":"https:\/\/lumierediamonds.eu\/de\/wp-json\/wp\/v2\/product_brand?post=10642"},{"taxonomy":"product_cat","embeddable":true,"href":"https:\/\/lumierediamonds.eu\/de\/wp-json\/wp\/v2\/product_cat?post=10642"},{"taxonomy":"product_tag","embeddable":true,"href":"https:\/\/lumierediamonds.eu\/de\/wp-json\/wp\/v2\/product_tag?post=10642"}],"curies":[{"name":"wp","href":"https:\/\/api.w.org\/{rel}","templated":true}]}}