{"id":10652,"date":"2025-09-30T01:07:38","date_gmt":"2025-09-29T23:07:38","guid":{"rendered":"https:\/\/lumierediamonds.eu\/?post_type=product&#038;p=10652"},"modified":"2025-11-23T10:43:39","modified_gmt":"2025-11-23T09:43:39","slug":"abgeschragtes-mattes-goldband","status":"publish","type":"product","link":"https:\/\/lumierediamonds.eu\/de\/product\/abgeschragtes-mattes-goldband\/","title":{"rendered":"George Bevel Mattgoldband"},"content":{"rendered":"<p class=\"p1\">Moderner Minimalismus trifft auf zeitlosen Stil mit dem Bevel Matte Gold Band. Mit seiner geb\u00fcrsteten, matten Oberfl\u00e4che und hochglanzpolierten, abgeschr\u00e4gten Kanten ist dieses 6 mm breite Band auf dauerhaften Tragekomfort und Stil ausgelegt. Sein schlankes Profil und die dezenten Details machen es zum perfekten, zur\u00fcckhaltenden Schmuckst\u00fcck f\u00fcr moderne Paare. Erh\u00e4ltlich in 18 Karat Gelb- oder Wei\u00dfgold und aus LBMA-zertifizierten Edelmetallen gefertigt, verspricht es dauerhafte Qualit\u00e4t und elegante Schlichtheit f\u00fcr ein Leben lang.<\/p>","protected":false},"excerpt":{"rendered":"<p class=\"p1\">Moderner Minimalismus trifft auf zeitlosen Stil mit dem Bevel Matte Gold Band. Dieses 6-mm-Band mit geb\u00fcrstetem, mattem Finish und hochglanzpolierten, abgeschr\u00e4gten Kanten ist f\u00fcr dauerhaften Komfort und Stil gefertigt. Erh\u00e4ltlich in 18 Karat Gelb- oder Wei\u00dfgold, ist es eine raffinierte Option f\u00fcr alle, die einen raffinierten und dennoch modernen Ehering suchen.<\/p>","protected":false},"featured_media":11076,"template":"","meta":{"_acf_changed":false},"product_brand":[],"product_cat":[752,553,525,52,57],"product_tag":[1038,1040,638,542,1037,815,431,1041,1039,819],"class_list":{"0":"post-10652","1":"product","2":"type-product","3":"status-publish","4":"has-post-thumbnail","6":"product_cat-gold-essentials","7":"product_cat-mens-jewelry","8":"product_cat-mens-wedding-bands","9":"product_cat-rings","10":"product_cat-wedding-bands","11":"product_tag-6mm-wedding-band","12":"product_tag-beveled-edge-band","13":"product_tag-fine-jewelry","14":"product_tag-matte-finish-ring","15":"product_tag-mens-gold-wedding-band","16":"product_tag-minimalist-ring","17":"product_tag-modern-wedding-ring","18":"product_tag-unisex-gold-band","19":"product_tag-white-gold-ring","20":"product_tag-yellow-gold-ring","21":"pa_metal-white-gold","22":"pa_metal-yellow-gold","24":"first","25":"instock","26":"taxable","27":"shipping-taxable","28":"purchasable","29":"product-type-variable"},"acf":[],"jetpack_sharing_enabled":true,"_links":{"self":[{"href":"https:\/\/lumierediamonds.eu\/de\/wp-json\/wp\/v2\/product\/10652","targetHints":{"allow":["GET"]}}],"collection":[{"href":"https:\/\/lumierediamonds.eu\/de\/wp-json\/wp\/v2\/product"}],"about":[{"href":"https:\/\/lumierediamonds.eu\/de\/wp-json\/wp\/v2\/types\/product"}],"version-history":[{"count":4,"href":"https:\/\/lumierediamonds.eu\/de\/wp-json\/wp\/v2\/product\/10652\/revisions"}],"predecessor-version":[{"id":13434,"href":"https:\/\/lumierediamonds.eu\/de\/wp-json\/wp\/v2\/product\/10652\/revisions\/13434"}],"wp:featuredmedia":[{"embeddable":true,"href":"https:\/\/lumierediamonds.eu\/de\/wp-json\/wp\/v2\/media\/11076"}],"wp:attachment":[{"href":"https:\/\/lumierediamonds.eu\/de\/wp-json\/wp\/v2\/media?parent=10652"}],"wp:term":[{"taxonomy":"product_brand","embeddable":true,"href":"https:\/\/lumierediamonds.eu\/de\/wp-json\/wp\/v2\/product_brand?post=10652"},{"taxonomy":"product_cat","embeddable":true,"href":"https:\/\/lumierediamonds.eu\/de\/wp-json\/wp\/v2\/product_cat?post=10652"},{"taxonomy":"product_tag","embeddable":true,"href":"https:\/\/lumierediamonds.eu\/de\/wp-json\/wp\/v2\/product_tag?post=10652"}],"curies":[{"name":"wp","href":"https:\/\/api.w.org\/{rel}","templated":true}]}}