{"id":10654,"date":"2025-09-30T01:07:39","date_gmt":"2025-09-29T23:07:39","guid":{"rendered":"https:\/\/lumierediamonds.eu\/?post_type=product&#038;p=10654"},"modified":"2025-11-13T16:48:06","modified_gmt":"2025-11-13T15:48:06","slug":"matt-gehammerter-herren-ehering","status":"publish","type":"product","link":"https:\/\/lumierediamonds.eu\/de\/product\/matt-gehammerter-herren-ehering\/","title":{"rendered":"Forma Matte Hammered Herren-Ehering"},"content":{"rendered":"<p class=\"p1\">Der Ehering \u201eForma Matte Hammered\u201c zeichnet sich durch eine robuste und dennoch raffinierte \u00c4sthetik aus und verf\u00fcgt \u00fcber eine flache Silhouette mit einer handgefertigten Struktur. Dieser 6,5 mm breite Komfortring ist in 18 Karat Gelb-, Wei\u00df- oder Ros\u00e9gold erh\u00e4ltlich und verbindet moderne Handwerkskunst mit einem zeitlosen Symbol der Verbundenheit. Er wurde f\u00fcr Komfort und Langlebigkeit entworfen und ist die perfekte Unisex-Wahl f\u00fcr alle, die sowohl Schlichtheit als auch Charakter sch\u00e4tzen.<\/p>","protected":false},"excerpt":{"rendered":"<p class=\"p1\">Der Ehering \u201eForma Matte Hammered\u201c zeichnet sich durch eine robuste und dennoch raffinierte \u00c4sthetik aus und verf\u00fcgt \u00fcber eine flache Silhouette mit einer handgefertigten Struktur. Dieser 6,5 mm breite Komfortring ist in 18 Karat Gelb-, Wei\u00df- oder Ros\u00e9gold erh\u00e4ltlich und verbindet moderne Handwerkskunst mit einem zeitlosen Symbol der Verbundenheit.<\/p>","protected":false},"featured_media":11100,"template":"","meta":{"_acf_changed":false},"product_brand":[],"product_cat":[553,525,57],"product_tag":[1051,540,1053,1050,539,1075,278,431,1052,280],"class_list":{"0":"post-10654","1":"product","2":"type-product","3":"status-publish","4":"has-post-thumbnail","6":"product_cat-mens-jewelry","7":"product_cat-mens-wedding-bands","8":"product_cat-wedding-bands","9":"product_tag-18k-wedding-band","10":"product_tag-comfort-fit-ring","11":"product_tag-flat-gold-band","12":"product_tag-hammered-gold-ring","13":"product_tag-matte-wedding-band","14":"product_tag-mens-wedding-band","15":"product_tag-mens-wedding-ring","16":"product_tag-modern-wedding-ring","17":"product_tag-textured-gold-ring","18":"product_tag-unisex-wedding-ring","19":"pa_metal-rose-gold","20":"pa_metal-white-gold","21":"pa_metal-yellow-gold","23":"first","24":"instock","25":"taxable","26":"shipping-taxable","27":"purchasable","28":"product-type-variable"},"acf":[],"jetpack_sharing_enabled":true,"_links":{"self":[{"href":"https:\/\/lumierediamonds.eu\/de\/wp-json\/wp\/v2\/product\/10654","targetHints":{"allow":["GET"]}}],"collection":[{"href":"https:\/\/lumierediamonds.eu\/de\/wp-json\/wp\/v2\/product"}],"about":[{"href":"https:\/\/lumierediamonds.eu\/de\/wp-json\/wp\/v2\/types\/product"}],"version-history":[{"count":4,"href":"https:\/\/lumierediamonds.eu\/de\/wp-json\/wp\/v2\/product\/10654\/revisions"}],"predecessor-version":[{"id":11321,"href":"https:\/\/lumierediamonds.eu\/de\/wp-json\/wp\/v2\/product\/10654\/revisions\/11321"}],"wp:featuredmedia":[{"embeddable":true,"href":"https:\/\/lumierediamonds.eu\/de\/wp-json\/wp\/v2\/media\/11100"}],"wp:attachment":[{"href":"https:\/\/lumierediamonds.eu\/de\/wp-json\/wp\/v2\/media?parent=10654"}],"wp:term":[{"taxonomy":"product_brand","embeddable":true,"href":"https:\/\/lumierediamonds.eu\/de\/wp-json\/wp\/v2\/product_brand?post=10654"},{"taxonomy":"product_cat","embeddable":true,"href":"https:\/\/lumierediamonds.eu\/de\/wp-json\/wp\/v2\/product_cat?post=10654"},{"taxonomy":"product_tag","embeddable":true,"href":"https:\/\/lumierediamonds.eu\/de\/wp-json\/wp\/v2\/product_tag?post=10654"}],"curies":[{"name":"wp","href":"https:\/\/api.w.org\/{rel}","templated":true}]}}