{"id":13310,"date":"2025-11-20T00:42:31","date_gmt":"2025-11-19T23:42:31","guid":{"rendered":"https:\/\/lumierediamonds.eu\/product\/sanctum-diamond-cross-pendant\/"},"modified":"2025-11-23T17:28:41","modified_gmt":"2025-11-23T16:28:41","slug":"sanctum-diamant-kreuz-anhanger","status":"publish","type":"product","link":"https:\/\/lumierediamonds.eu\/de\/product\/sanctum-diamant-kreuz-anhanger\/","title":{"rendered":"Sanctum Diamant-Kreuz-Anh\u00e4nger"},"content":{"rendered":"<p>Der Sanctum Diamond Cross Anh\u00e4nger vereint spirituelle Symbolik mit moderner Raffinesse. Mit elf gleich gro\u00dfen, sorgf\u00e4ltig gefassten, im Labor gez\u00fcchteten Diamanten mit einem Gesamtgewicht von 0,25 Karat zelebriert das Design Einheit und Brillanz. Er ist aus LBMA-zertifiziertem 18 Karat Gelbgold gefertigt und h\u00e4ngt an einer zarten Kabelkette. Ein elegantes Schmuckst\u00fcck, das sich sowohl solo als auch in Kombination mit anderen Schmuckst\u00fccken tragen l\u00e4sst, tags\u00fcber wie abends.<\/p>","protected":false},"excerpt":{"rendered":"<p>Der Sanctum Diamant-Kreuzanh\u00e4nger ist ein leuchtender Ausdruck des Glaubens und der Handwerkskunst. Er besteht aus elf perfekt aufeinander abgestimmten Labordiamanten, die in strahlendes 18 Karat Gelbgold gefasst sind. Elegant, minimalistisch und voller Bedeutung ist er ein zeitloses Symbol f\u00fcr Hingabe und Stil.<\/p>","protected":false},"featured_media":11868,"template":"","meta":{"_acf_changed":false},"product_brand":[],"product_cat":[53,1112],"product_tag":[1162,1161,1159,1160,1113,1142,1158,1117,1143,1150,1144],"class_list":{"0":"post-13310","1":"product","2":"type-product","3":"status-publish","4":"has-post-thumbnail","6":"product_cat-necklaces-pendants","7":"product_cat-religious-jewelry","8":"product_tag-18k-cross","9":"product_tag-christian-cross","10":"product_tag-cross","11":"product_tag-cross-pendant","12":"product_tag-diamond-cross","13":"product_tag-diamond-essentials","14":"product_tag-gold-cross","15":"product_tag-lab-grown-diamond-cross","16":"product_tag-necklaces-pendants","17":"product_tag-necklaces-pendants-crosses","18":"product_tag-necklaces-pendants-pendants","19":"product_shipping_class-diamond-cross-pendant-faith-necklace-18k-gold-cross-lab-grown-diamonds-minimalist-pendant-fine-jewelry-symbolic-necklace-religious-jewelry-everyday-elegance","20":"pa_metal-yellow-gold","22":"first","23":"instock","24":"taxable","25":"shipping-taxable","26":"purchasable","27":"product-type-simple"},"acf":[],"jetpack_sharing_enabled":true,"_links":{"self":[{"href":"https:\/\/lumierediamonds.eu\/de\/wp-json\/wp\/v2\/product\/13310","targetHints":{"allow":["GET"]}}],"collection":[{"href":"https:\/\/lumierediamonds.eu\/de\/wp-json\/wp\/v2\/product"}],"about":[{"href":"https:\/\/lumierediamonds.eu\/de\/wp-json\/wp\/v2\/types\/product"}],"version-history":[{"count":2,"href":"https:\/\/lumierediamonds.eu\/de\/wp-json\/wp\/v2\/product\/13310\/revisions"}],"predecessor-version":[{"id":13437,"href":"https:\/\/lumierediamonds.eu\/de\/wp-json\/wp\/v2\/product\/13310\/revisions\/13437"}],"wp:featuredmedia":[{"embeddable":true,"href":"https:\/\/lumierediamonds.eu\/de\/wp-json\/wp\/v2\/media\/11868"}],"wp:attachment":[{"href":"https:\/\/lumierediamonds.eu\/de\/wp-json\/wp\/v2\/media?parent=13310"}],"wp:term":[{"taxonomy":"product_brand","embeddable":true,"href":"https:\/\/lumierediamonds.eu\/de\/wp-json\/wp\/v2\/product_brand?post=13310"},{"taxonomy":"product_cat","embeddable":true,"href":"https:\/\/lumierediamonds.eu\/de\/wp-json\/wp\/v2\/product_cat?post=13310"},{"taxonomy":"product_tag","embeddable":true,"href":"https:\/\/lumierediamonds.eu\/de\/wp-json\/wp\/v2\/product_tag?post=13310"}],"curies":[{"name":"wp","href":"https:\/\/api.w.org\/{rel}","templated":true}]}}