{"id":13381,"date":"2025-11-21T01:59:06","date_gmt":"2025-11-21T00:59:06","guid":{"rendered":"https:\/\/lumierediamonds.eu\/product\/eden-blossom-diamond-studs\/"},"modified":"2025-11-21T02:17:35","modified_gmt":"2025-11-21T01:17:35","slug":"eden-blossom-diamant-ohrstecker","status":"publish","type":"product","link":"https:\/\/lumierediamonds.eu\/de\/product\/eden-blossom-diamant-ohrstecker\/","title":{"rendered":"Eden Blossom Diamant-Ohrstecker"},"content":{"rendered":"<p>Die Eden Blossom Diamond Studs strahlen Anmut aus und bestehen aus im Labor gez\u00fcchteten runden Diamanten, die in einer floral inspirierten Silhouette angeordnet sind. Mit zehn Diamanten pro Paar und einem Gesamtkaratgewicht von 0,5 ct. schaffen sie eine perfekte Balance zwischen zartem Charme und raffiniertem Luxus. Diese eleganten Ohrstecker sind in LBMA-zertifiziertem 18 Karat Gelb-, Wei\u00df- oder Ros\u00e9gold erh\u00e4ltlich und mit Reibungsverschl\u00fcssen gesichert. Sie werten sowohl Tages- als auch Abendgarderobe m\u00fchelos auf.<\/p>","protected":false},"excerpt":{"rendered":"<p>Die Eden Blossom Diamond Studs strahlen Anmut aus und bestehen aus im Labor gez\u00fcchteten runden Diamanten, die in einer floral inspirierten Silhouette angeordnet sind. Diese zarten Ohrstecker sind in poliertes 18-kar\u00e4tiges Gold gefasst und verleihen sowohl Alltagslooks als auch festlicher Kleidung einen raffinierten Glanz.<\/p>","protected":false},"featured_media":11776,"template":"","meta":{"_acf_changed":false},"product_brand":[],"product_cat":[552,54,1140,760],"product_tag":[765,1235,1234,366,1237,1238,364,1236],"class_list":{"0":"post-13381","1":"product","2":"type-product","3":"status-publish","4":"has-post-thumbnail","6":"product_cat-diamond-essentials","7":"product_cat-earrings","8":"product_cat-gifts-under-1000-euro","9":"product_cat-stud-earrings","10":"product_tag-18k-gold-earrings","11":"product_tag-blossom-earrings","12":"product_tag-diamond-floral-studs","13":"product_tag-everyday-luxury","14":"product_tag-fine-jewelry-studs","15":"product_tag-gold-floral-studs","16":"product_tag-lab-grown-diamonds","17":"product_tag-petite-diamond-earrings","18":"pa_metal-rose-gold","19":"pa_metal-white-gold","20":"pa_metal-yellow-gold","22":"first","23":"instock","24":"taxable","25":"shipping-taxable","26":"purchasable","27":"product-type-variable"},"acf":[],"jetpack_sharing_enabled":true,"_links":{"self":[{"href":"https:\/\/lumierediamonds.eu\/de\/wp-json\/wp\/v2\/product\/13381","targetHints":{"allow":["GET"]}}],"collection":[{"href":"https:\/\/lumierediamonds.eu\/de\/wp-json\/wp\/v2\/product"}],"about":[{"href":"https:\/\/lumierediamonds.eu\/de\/wp-json\/wp\/v2\/types\/product"}],"version-history":[{"count":1,"href":"https:\/\/lumierediamonds.eu\/de\/wp-json\/wp\/v2\/product\/13381\/revisions"}],"predecessor-version":[{"id":13386,"href":"https:\/\/lumierediamonds.eu\/de\/wp-json\/wp\/v2\/product\/13381\/revisions\/13386"}],"wp:featuredmedia":[{"embeddable":true,"href":"https:\/\/lumierediamonds.eu\/de\/wp-json\/wp\/v2\/media\/11776"}],"wp:attachment":[{"href":"https:\/\/lumierediamonds.eu\/de\/wp-json\/wp\/v2\/media?parent=13381"}],"wp:term":[{"taxonomy":"product_brand","embeddable":true,"href":"https:\/\/lumierediamonds.eu\/de\/wp-json\/wp\/v2\/product_brand?post=13381"},{"taxonomy":"product_cat","embeddable":true,"href":"https:\/\/lumierediamonds.eu\/de\/wp-json\/wp\/v2\/product_cat?post=13381"},{"taxonomy":"product_tag","embeddable":true,"href":"https:\/\/lumierediamonds.eu\/de\/wp-json\/wp\/v2\/product_tag?post=13381"}],"curies":[{"name":"wp","href":"https:\/\/api.w.org\/{rel}","templated":true}]}}