{"id":13393,"date":"2025-11-21T02:23:03","date_gmt":"2025-11-21T01:23:03","guid":{"rendered":"https:\/\/lumierediamonds.eu\/?post_type=product&#038;p=13393"},"modified":"2026-04-22T15:57:01","modified_gmt":"2026-04-22T13:57:01","slug":"harmony-twist-diamant-verlobungsring","status":"publish","type":"product","link":"https:\/\/lumierediamonds.eu\/de\/product\/harmony-twist-diamant-verlobungsring\/","title":{"rendered":"Harmony Twist Diamant-Verlobungsring"},"content":{"rendered":"<p>Ein anmutiger Ausdruck von Verbundenheit.<br \/>\nDer Harmony Twist Round Diamond Verlobungsring besteht aus zwei ineinander verschlungenen Str\u00e4ngen, die sich in einem sanft geformten Pav\u00e9band treffen und ein Design voller Bewegung, Licht und Gleichgewicht schaffen. Der runde Brillant in der Mitte des Rings sorgt f\u00fcr zeitloses Funkeln und ausgewogene Brillanz. Die Fassung lenkt den Blick ganz nat\u00fcrlich auf den Stein und verleiht ihm aus jedem Blickwinkel einen zarten Schimmer.<\/p>\n<p>Dieses aus 18 Karat Gelb-, Wei\u00df- oder Ros\u00e9gold gefertigte Design ist in Karatgewichten von 0,30 bis 3 ct. erh\u00e4ltlich. Romantisch und doch modern, bringt Harmony Sanftheit, Symbolik und m\u00fchelose Eleganz in einen klassischen Verlobungsring.<\/p>","protected":false},"excerpt":{"rendered":"<p class=\"p1\">Der Harmony Twist Round Diamond Verlobungsring besteht aus zwei ineinander verschlungenen Str\u00e4ngen, die in ein sanft geformtes Pav\u00e9band \u00fcbergehen, in dessen Mitte ein runder Brillant sitzt. Er ist in 18 Karat Gelb-, Wei\u00df- oder Ros\u00e9gold gefertigt und in Gr\u00f6\u00dfen von 0,30 bis 3 Karat erh\u00e4ltlich. Er bietet eine anmutige Balance aus Symbolik, Glanz und moderner Romantik.<\/p>","protected":false},"featured_media":13820,"template":"","meta":{"_acf_changed":false},"product_brand":[],"product_cat":[552,24,52],"product_tag":[680,1257,1258,1255,1097,1013,1254,1256,586,1253],"class_list":{"0":"post-13393","1":"product","2":"type-product","3":"status-publish","4":"has-post-thumbnail","6":"product_cat-diamond-essentials","7":"product_cat-engagement-rings","8":"product_cat-rings","9":"product_tag-18k-gold-ring","10":"product_tag-customizable-engagement-ring","11":"product_tag-ethical-diamond-ring","12":"product_tag-intertwining-band","13":"product_tag-lab-grown-diamond-2","14":"product_tag-modern-engagement-ring","15":"product_tag-pave-engagement-ring","16":"product_tag-romantic-ring-design","17":"product_tag-sustainable-fine-jewelry","18":"product_tag-twist-engagement-ring","19":"pa_metal-rose-gold","20":"pa_metal-white-gold","21":"pa_metal-yellow-gold","23":"first","24":"instock","25":"taxable","26":"shipping-taxable","27":"purchasable","28":"product-type-variable"},"acf":[],"jetpack_sharing_enabled":true,"_links":{"self":[{"href":"https:\/\/lumierediamonds.eu\/de\/wp-json\/wp\/v2\/product\/13393","targetHints":{"allow":["GET"]}}],"collection":[{"href":"https:\/\/lumierediamonds.eu\/de\/wp-json\/wp\/v2\/product"}],"about":[{"href":"https:\/\/lumierediamonds.eu\/de\/wp-json\/wp\/v2\/types\/product"}],"version-history":[{"count":4,"href":"https:\/\/lumierediamonds.eu\/de\/wp-json\/wp\/v2\/product\/13393\/revisions"}],"predecessor-version":[{"id":28157,"href":"https:\/\/lumierediamonds.eu\/de\/wp-json\/wp\/v2\/product\/13393\/revisions\/28157"}],"wp:featuredmedia":[{"embeddable":true,"href":"https:\/\/lumierediamonds.eu\/de\/wp-json\/wp\/v2\/media\/13820"}],"wp:attachment":[{"href":"https:\/\/lumierediamonds.eu\/de\/wp-json\/wp\/v2\/media?parent=13393"}],"wp:term":[{"taxonomy":"product_brand","embeddable":true,"href":"https:\/\/lumierediamonds.eu\/de\/wp-json\/wp\/v2\/product_brand?post=13393"},{"taxonomy":"product_cat","embeddable":true,"href":"https:\/\/lumierediamonds.eu\/de\/wp-json\/wp\/v2\/product_cat?post=13393"},{"taxonomy":"product_tag","embeddable":true,"href":"https:\/\/lumierediamonds.eu\/de\/wp-json\/wp\/v2\/product_tag?post=13393"}],"curies":[{"name":"wp","href":"https:\/\/api.w.org\/{rel}","templated":true}]}}