{"id":13763,"date":"2025-11-26T15:15:23","date_gmt":"2025-11-26T14:15:23","guid":{"rendered":"https:\/\/lumierediamonds.eu\/?post_type=product&#038;p=13763"},"modified":"2025-11-26T17:06:42","modified_gmt":"2025-11-26T16:06:42","slug":"flusterndes-diamant-armband","status":"publish","type":"product","link":"https:\/\/lumierediamonds.eu\/de\/product\/flusterndes-diamant-armband\/","title":{"rendered":"Whisper Diamant-Armband"},"content":{"rendered":"<p>Zartes Fl\u00fcstern des Lichts<\/p>\n<p>Das Whisper Diamond Bar Armband verf\u00fcgt \u00fcber eine feine 18-kar\u00e4tige Goldkette \u2013 erh\u00e4ltlich in Gelb-, Wei\u00df- oder Ros\u00e9gold \u2013 die von einem schmalen Pav\u00e9-Steg aus laborgrown Diamanten mit insgesamt 0,20 Karat gehalten wird. Sein klares, minimalistisches Design und seine verstellbare Passform von 16, 17 oder 18 cm machen es zu einer nat\u00fcrlichen Wahl f\u00fcr den Alltag.<\/p>\n<p>Das perfekte Schmuckst\u00fcck zum Kombinieren oder allein tragen, um Ihrem Handgelenk einen dezenten Schimmer zu verleihen. Jeder Stein ist hinsichtlich Qualit\u00e4t und Brillanz zertifiziert und in LBMA-zertifiziertem 18-kar\u00e4tigem Gold gefasst.<\/p>","protected":false},"excerpt":{"rendered":"<p>Das Whisper Diamond Bar Armband verf\u00fcgt \u00fcber eine feine 18-kar\u00e4tige Goldkette \u2013 erh\u00e4ltlich in Gelb-, Wei\u00df- oder Ros\u00e9gold \u2013 die von einem schmalen Pav\u00e9-Steg aus laborgrown Diamanten mit insgesamt 0,20 Karat gehalten wird. Sein klares, minimalistisches Design und seine verstellbare Passform von 16, 17 oder 18 cm machen es zu einer nat\u00fcrlichen Wahl f\u00fcr den Alltag.<\/p>","protected":false},"featured_media":13795,"template":"","meta":{"_acf_changed":false},"product_brand":[],"product_cat":[55,1140,1336],"product_tag":[620,1342,1344,1341,1315,1343,1339,1312,1340,855],"class_list":{"0":"post-13763","1":"product","2":"type-product","3":"status-publish","4":"has-post-thumbnail","6":"product_cat-bracelets","7":"product_cat-gifts-under-1000-euro","8":"product_cat-tennis-bracelets","9":"product_tag-18k-gold-bracelet","10":"product_tag-bar-bracelet","11":"product_tag-cable-chain-bracelet","12":"product_tag-dainty-jewelry","13":"product_tag-delicate-gold-bracelet","14":"product_tag-ethical-diamonds","15":"product_tag-lab-grown-diamond-bar-bracelet","16":"product_tag-minimalist-diamond-bracelet","17":"product_tag-pave-set-diamonds","18":"product_tag-stacking-bracelet","19":"pa_metal-rose-gold","20":"pa_metal-white-gold","21":"pa_metal-yellow-gold","23":"first","24":"instock","25":"taxable","26":"shipping-taxable","27":"purchasable","28":"product-type-variable"},"acf":[],"jetpack_sharing_enabled":true,"_links":{"self":[{"href":"https:\/\/lumierediamonds.eu\/de\/wp-json\/wp\/v2\/product\/13763","targetHints":{"allow":["GET"]}}],"collection":[{"href":"https:\/\/lumierediamonds.eu\/de\/wp-json\/wp\/v2\/product"}],"about":[{"href":"https:\/\/lumierediamonds.eu\/de\/wp-json\/wp\/v2\/types\/product"}],"version-history":[{"count":4,"href":"https:\/\/lumierediamonds.eu\/de\/wp-json\/wp\/v2\/product\/13763\/revisions"}],"predecessor-version":[{"id":13803,"href":"https:\/\/lumierediamonds.eu\/de\/wp-json\/wp\/v2\/product\/13763\/revisions\/13803"}],"wp:featuredmedia":[{"embeddable":true,"href":"https:\/\/lumierediamonds.eu\/de\/wp-json\/wp\/v2\/media\/13795"}],"wp:attachment":[{"href":"https:\/\/lumierediamonds.eu\/de\/wp-json\/wp\/v2\/media?parent=13763"}],"wp:term":[{"taxonomy":"product_brand","embeddable":true,"href":"https:\/\/lumierediamonds.eu\/de\/wp-json\/wp\/v2\/product_brand?post=13763"},{"taxonomy":"product_cat","embeddable":true,"href":"https:\/\/lumierediamonds.eu\/de\/wp-json\/wp\/v2\/product_cat?post=13763"},{"taxonomy":"product_tag","embeddable":true,"href":"https:\/\/lumierediamonds.eu\/de\/wp-json\/wp\/v2\/product_tag?post=13763"}],"curies":[{"name":"wp","href":"https:\/\/api.w.org\/{rel}","templated":true}]}}