{"id":13764,"date":"2025-11-26T15:15:23","date_gmt":"2025-11-26T14:15:23","guid":{"rendered":"https:\/\/lumierediamonds.eu\/?post_type=product&#038;p=13764"},"modified":"2025-11-26T16:48:06","modified_gmt":"2025-11-26T15:48:06","slug":"luna-diamant-lunettenarmband","status":"publish","type":"product","link":"https:\/\/lumierediamonds.eu\/de\/product\/luna-diamant-lunettenarmband\/","title":{"rendered":"Luna Diamant-L\u00fcnettenarmband"},"content":{"rendered":"<p>Sanftes Leuchten, perfekt ausbalanciert.<br \/>\nDas Luna Diamond Bezel Armband verf\u00fcgt \u00fcber f\u00fcnf runde, im Labor gez\u00fcchtete Diamanten, die entlang einer feinen Kette aus 18 Karat Gelb- oder Wei\u00dfgold in Zargenfassung gefasst sind und f\u00fcr ein klares, modernes Finish sorgen. Mit einem Gesamtdiamantgewicht von 0,50 Karat ist jeder Stein pr\u00e4zise platziert, um ein Gef\u00fchl von Harmonie und Leichtigkeit zu erzeugen.<\/p>\n<p>F\u00fcr den t\u00e4glichen Gebrauch konzipiert \u2013 ein unverzichtbares Accessoire, das sich sowohl einzeln als auch in Kombination mit anderen Schmuckst\u00fccken tragen l\u00e4sst. Jeder Stein ist hinsichtlich Qualit\u00e4t und Brillanz zertifiziert und in LBMA-zertifiziertes 18-kar\u00e4tiges Gold gefasst.<\/p>","protected":false},"excerpt":{"rendered":"<p>Das Luna Diamond Bezel Armband verf\u00fcgt \u00fcber f\u00fcnf runde, im Labor gez\u00fcchtete Diamanten, die entlang einer feinen Kette aus 18 Karat Gelb- oder Wei\u00dfgold in Zargenfassung gefasst sind und f\u00fcr ein klares, modernes Finish sorgen. Mit einem Gesamtdiamantgewicht von 0,50 Karat ist jeder Stein pr\u00e4zise platziert, um ein Gef\u00fchl von Harmonie und Leichtigkeit zu erzeugen.<\/p>","protected":false},"featured_media":13782,"template":"","meta":{"_acf_changed":false},"product_brand":[],"product_cat":[55,852,1338],"product_tag":[620,1346,1348,242,1345,1349,846,810,855,1347],"class_list":{"0":"post-13764","1":"product","2":"type-product","3":"status-publish","4":"has-post-thumbnail","6":"product_cat-bracelets","7":"product_cat-chain-bracelets","8":"product_cat-station-bracelets","9":"product_tag-18k-gold-bracelet","10":"product_tag-bezel-set-diamonds","11":"product_tag-dainty-bracelet","12":"product_tag-gold-diamond-bracelet","13":"product_tag-lab-grown-diamond-bracelet-2","14":"product_tag-luxury-lab-diamonds","15":"product_tag-minimalist-jewelry","16":"product_tag-round-cut-diamonds","17":"product_tag-stacking-bracelet","18":"product_tag-station-bracelet","19":"pa_metal-white-gold","20":"pa_metal-yellow-gold","22":"first","23":"instock","24":"taxable","25":"shipping-taxable","26":"purchasable","27":"product-type-variable"},"acf":[],"jetpack_sharing_enabled":true,"_links":{"self":[{"href":"https:\/\/lumierediamonds.eu\/de\/wp-json\/wp\/v2\/product\/13764","targetHints":{"allow":["GET"]}}],"collection":[{"href":"https:\/\/lumierediamonds.eu\/de\/wp-json\/wp\/v2\/product"}],"about":[{"href":"https:\/\/lumierediamonds.eu\/de\/wp-json\/wp\/v2\/types\/product"}],"version-history":[{"count":3,"href":"https:\/\/lumierediamonds.eu\/de\/wp-json\/wp\/v2\/product\/13764\/revisions"}],"predecessor-version":[{"id":13800,"href":"https:\/\/lumierediamonds.eu\/de\/wp-json\/wp\/v2\/product\/13764\/revisions\/13800"}],"wp:featuredmedia":[{"embeddable":true,"href":"https:\/\/lumierediamonds.eu\/de\/wp-json\/wp\/v2\/media\/13782"}],"wp:attachment":[{"href":"https:\/\/lumierediamonds.eu\/de\/wp-json\/wp\/v2\/media?parent=13764"}],"wp:term":[{"taxonomy":"product_brand","embeddable":true,"href":"https:\/\/lumierediamonds.eu\/de\/wp-json\/wp\/v2\/product_brand?post=13764"},{"taxonomy":"product_cat","embeddable":true,"href":"https:\/\/lumierediamonds.eu\/de\/wp-json\/wp\/v2\/product_cat?post=13764"},{"taxonomy":"product_tag","embeddable":true,"href":"https:\/\/lumierediamonds.eu\/de\/wp-json\/wp\/v2\/product_tag?post=13764"}],"curies":[{"name":"wp","href":"https:\/\/api.w.org\/{rel}","templated":true}]}}