{"id":13765,"date":"2025-11-26T15:15:23","date_gmt":"2025-11-26T14:15:23","guid":{"rendered":"https:\/\/lumierediamonds.eu\/?post_type=product&#038;p=13765"},"modified":"2025-11-26T16:41:37","modified_gmt":"2025-11-26T15:41:37","slug":"blute-diamant-armband","status":"publish","type":"product","link":"https:\/\/lumierediamonds.eu\/de\/product\/blute-diamant-armband\/","title":{"rendered":"Bloom Diamantarmband"},"content":{"rendered":"<p>Inspiriert von der Natur. Das Bloom Diamond Armband besteht aus vier runden, im Labor gez\u00fcchteten Diamanten, die in einer zarten Blumenform angeordnet sind und in der Mitte einer feinen 18-kar\u00e4tigen Goldkette \u2013 erh\u00e4ltlich in Gelb- oder Wei\u00dfgold \u2013 gefasst sind. Mit einem Gesamtdiamantgewicht von 0,75 Karat bietet das Design ein zartes Spiel aus Licht und organischen Formen.<\/p>\n<p>Dieses Schmuckst\u00fcck eignet sich perfekt zum Kombinieren und verleiht einem Set einen weichen Touch oder kann auch einzeln getragen werden und sorgt dann f\u00fcr einen minimalistischen und femininen Look. Jeder Stein ist hinsichtlich Qualit\u00e4t und Brillanz zertifiziert und in LBMA-zertifiziertes 18-kar\u00e4tiges Gold gefasst.<\/p>","protected":false},"excerpt":{"rendered":"<p>Inspiriert von der Natur. Das Bloom Diamond Armband besteht aus vier runden, im Labor gez\u00fcchteten Diamanten, die in einer zarten Blumenform angeordnet sind und in der Mitte einer feinen 18-kar\u00e4tigen Goldkette \u2013 erh\u00e4ltlich in Gelb- oder Wei\u00dfgold \u2013 gefasst sind. Mit einem Gesamtdiamantgewicht von 0,75 Karat bietet das Design ein zartes Spiel aus Licht und organischen Formen.<\/p>","protected":false},"featured_media":13779,"template":"","meta":{"_acf_changed":false},"product_brand":[],"product_cat":[55,852],"product_tag":[620,1350,1348,1351,1317,184,1352,365,889],"class_list":{"0":"post-13765","1":"product","2":"type-product","3":"status-publish","4":"has-post-thumbnail","6":"product_cat-bracelets","7":"product_cat-chain-bracelets","8":"product_tag-18k-gold-bracelet","9":"product_tag-clover-bracelet","10":"product_tag-dainty-bracelet","11":"product_tag-feminine-bracelet","12":"product_tag-floral-diamond-bracelet","13":"product_tag-lab-grown-diamond","14":"product_tag-lucky-charm-bracelet","15":"product_tag-minimalist-bracelet","16":"product_tag-symbolic-jewelry","17":"pa_metal-white-gold","18":"pa_metal-yellow-gold","20":"first","21":"instock","22":"taxable","23":"shipping-taxable","24":"purchasable","25":"product-type-variable"},"acf":[],"jetpack_sharing_enabled":true,"_links":{"self":[{"href":"https:\/\/lumierediamonds.eu\/de\/wp-json\/wp\/v2\/product\/13765","targetHints":{"allow":["GET"]}}],"collection":[{"href":"https:\/\/lumierediamonds.eu\/de\/wp-json\/wp\/v2\/product"}],"about":[{"href":"https:\/\/lumierediamonds.eu\/de\/wp-json\/wp\/v2\/types\/product"}],"version-history":[{"count":3,"href":"https:\/\/lumierediamonds.eu\/de\/wp-json\/wp\/v2\/product\/13765\/revisions"}],"predecessor-version":[{"id":13798,"href":"https:\/\/lumierediamonds.eu\/de\/wp-json\/wp\/v2\/product\/13765\/revisions\/13798"}],"wp:featuredmedia":[{"embeddable":true,"href":"https:\/\/lumierediamonds.eu\/de\/wp-json\/wp\/v2\/media\/13779"}],"wp:attachment":[{"href":"https:\/\/lumierediamonds.eu\/de\/wp-json\/wp\/v2\/media?parent=13765"}],"wp:term":[{"taxonomy":"product_brand","embeddable":true,"href":"https:\/\/lumierediamonds.eu\/de\/wp-json\/wp\/v2\/product_brand?post=13765"},{"taxonomy":"product_cat","embeddable":true,"href":"https:\/\/lumierediamonds.eu\/de\/wp-json\/wp\/v2\/product_cat?post=13765"},{"taxonomy":"product_tag","embeddable":true,"href":"https:\/\/lumierediamonds.eu\/de\/wp-json\/wp\/v2\/product_tag?post=13765"}],"curies":[{"name":"wp","href":"https:\/\/api.w.org\/{rel}","templated":true}]}}