{"id":13948,"date":"2025-12-04T15:35:06","date_gmt":"2025-12-04T14:35:06","guid":{"rendered":"https:\/\/lumierediamonds.eu\/?post_type=product&#038;p=13948"},"modified":"2025-12-04T15:47:46","modified_gmt":"2025-12-04T14:47:46","slug":"eterna-diamant-anhanger-im-marquise-schliff","status":"publish","type":"product","link":"https:\/\/lumierediamonds.eu\/de\/product\/eterna-diamant-anhanger-im-marquise-schliff\/","title":{"rendered":"Eterna Marquise-Diamant-Anh\u00e4nger"},"content":{"rendered":"<p class=\"p1\">Anmutige Ausstrahlung, eingefangen in perfekter Symmetrie.<\/p>\n<p class=\"p1\">Das <span class=\"s1\"><b>Lumi\u00e8re Marquise Diamant-Anh\u00e4nger<\/b><\/span> verf\u00fcgt \u00fcber <span class=\"s1\">Im Labor gez\u00fcchteter Diamant im Ovalschliff<\/span>, bewundert f\u00fcr seine l\u00e4ngliche Form und seinen sanften Glanz, der jedem Ausschnitt schmeichelt. Seine facettierten Kurven reflektieren das Licht mit m\u00fcheloser Fluidit\u00e4t und vermitteln ein Gef\u00fchl von W\u00e4rme und Bewegung. Er h\u00e4ngt an einer feinen Goldkette und ist mit einem <span class=\"s1\">Karabinerverschluss<\/span>, Dieser Anh\u00e4nger verleiht Ihrer t\u00e4glichen Eleganz raffinierte Schlichtheit.<\/p>\n<p class=\"p3\"><span class=\"s2\">Erh\u00e4ltlich in <\/span>18 Karat Gelb- oder Wei\u00dfgold<span class=\"s2\">, und in <\/span>Ihr Wunsch-Karatgewicht<span class=\"s2\">.<\/span><\/p>","protected":false},"excerpt":{"rendered":"<p class=\"p1\">Der Eterna Oval Cut Diamond Pendant strahlt mit seiner l\u00e4nglichen Silhouette und minimalistischen Zargenfassung zeitlose Eleganz aus. Dieser raffinierte Anh\u00e4nger h\u00e4ngt an einer feinen 18-kar\u00e4tigen Goldkette und ist in sieben Karatgewichten und zwei Goldfarben erh\u00e4ltlich \u2013 perfekt sowohl zum Kombinieren als auch zum alleinigen Tragen.<\/p>","protected":false},"featured_media":10910,"template":"","meta":{"_acf_changed":false},"product_brand":[],"product_cat":[552,53,759],"product_tag":[635,748,981,401,970,303,982],"class_list":{"0":"post-13948","1":"product","2":"type-product","3":"status-publish","4":"has-post-thumbnail","6":"product_cat-diamond-essentials","7":"product_cat-necklaces-pendants","8":"product_cat-pendants","9":"product_tag-18k-gold-necklace","10":"product_tag-cable-chain-necklace","11":"product_tag-elegant-pendant","12":"product_tag-luxury-necklace","13":"product_tag-minimalist-gold-pendant","14":"product_tag-solitaire-necklace","15":"product_tag-timeless-diamond-jewelry","16":"pa_metal-white-gold","17":"pa_metal-yellow-gold","19":"first","20":"instock","21":"taxable","22":"shipping-taxable","23":"purchasable","24":"product-type-variable"},"acf":[],"jetpack_sharing_enabled":true,"_links":{"self":[{"href":"https:\/\/lumierediamonds.eu\/de\/wp-json\/wp\/v2\/product\/13948","targetHints":{"allow":["GET"]}}],"collection":[{"href":"https:\/\/lumierediamonds.eu\/de\/wp-json\/wp\/v2\/product"}],"about":[{"href":"https:\/\/lumierediamonds.eu\/de\/wp-json\/wp\/v2\/types\/product"}],"version-history":[{"count":1,"href":"https:\/\/lumierediamonds.eu\/de\/wp-json\/wp\/v2\/product\/13948\/revisions"}],"predecessor-version":[{"id":13963,"href":"https:\/\/lumierediamonds.eu\/de\/wp-json\/wp\/v2\/product\/13948\/revisions\/13963"}],"wp:featuredmedia":[{"embeddable":true,"href":"https:\/\/lumierediamonds.eu\/de\/wp-json\/wp\/v2\/media\/10910"}],"wp:attachment":[{"href":"https:\/\/lumierediamonds.eu\/de\/wp-json\/wp\/v2\/media?parent=13948"}],"wp:term":[{"taxonomy":"product_brand","embeddable":true,"href":"https:\/\/lumierediamonds.eu\/de\/wp-json\/wp\/v2\/product_brand?post=13948"},{"taxonomy":"product_cat","embeddable":true,"href":"https:\/\/lumierediamonds.eu\/de\/wp-json\/wp\/v2\/product_cat?post=13948"},{"taxonomy":"product_tag","embeddable":true,"href":"https:\/\/lumierediamonds.eu\/de\/wp-json\/wp\/v2\/product_tag?post=13948"}],"curies":[{"name":"wp","href":"https:\/\/api.w.org\/{rel}","templated":true}]}}