{"id":14007,"date":"2025-12-04T17:01:49","date_gmt":"2025-12-04T16:01:49","guid":{"rendered":"https:\/\/lumierediamonds.eu\/product\/cannes-diamond-bar-pendant\/"},"modified":"2026-03-01T17:48:16","modified_gmt":"2026-03-01T16:48:16","slug":"whisper-diamant-barrenanhanger","status":"publish","type":"product","link":"https:\/\/lumierediamonds.eu\/de\/product\/whisper-diamant-barrenanhanger\/","title":{"rendered":"Whisper Diamant-Bar-Anh\u00e4nger"},"content":{"rendered":"<p class=\"p1\">Eine Linie aus Licht.<b><\/b><\/p>\n<p class=\"p3\">Das <span class=\"s1\"><b>Whisper Diamant-Bar-Anh\u00e4nger<\/b><\/span> zeichnet sich durch eine vertikale Reihe von im Labor gez\u00fcchteten Diamanten in Pav\u00e9-Fassung von insgesamt 0,06 Karat aus, die in einen polierten Barren aus 18 Karat Gold eingefasst sind. An einer feinen Kette aufgeh\u00e4ngt und in 18 Karat Gelb- oder Wei\u00dfgold erh\u00e4ltlich, verleiht die klare Silhouette dem Dekollet\u00e9 eine subtile Struktur und ruhigen Glanz.<\/p>\n<p class=\"p1\">Entworfen, um sich m\u00fchelos mit dem <span class=\"s1\">Whisper Pav\u00e9-Tropfen-Ohrringe<\/span>, Er schafft ein raffiniertes Set, das sich nahtlos vom Tag in den Abend verwandelt. Besetzt mit konfliktfreien, im Labor gez\u00fcchteten Diamanten von au\u00dfergew\u00f6hnlicher Brillanz, ist es ein Schmuckst\u00fcck von schlichter Eleganz.<\/p>","protected":false},"excerpt":{"rendered":"<p>Entworfen, um sich m\u00fchelos mit dem <span class=\"s1\">Whisper Pav\u00e9-Tropfen-Ohrringe<\/span>, Er schafft ein raffiniertes Set, das sich nahtlos vom Tag in den Abend verwandelt. Besetzt mit konfliktfreien, im Labor gez\u00fcchteten Diamanten von au\u00dfergew\u00f6hnlicher Brillanz, ist es ein Schmuckst\u00fcck von schlichter Eleganz.<\/p>","protected":false},"featured_media":13998,"template":"","meta":{"_acf_changed":false},"product_brand":[],"product_cat":[53,759],"product_tag":[960,1357,1362,1188,1360,1359,747,1358],"class_list":{"0":"post-14007","1":"product","2":"type-product","3":"status-publish","4":"has-post-thumbnail","6":"product_cat-necklaces-pendants","7":"product_cat-pendants","8":"product_tag-18k-gold-pendant","9":"product_tag-diamond-bar-necklace","10":"product_tag-everyday-diamond-necklace","11":"product_tag-fine-gold-necklace","12":"product_tag-gold-bar-necklace","13":"product_tag-lab-diamond-jewelry","14":"product_tag-minimalist-pendant","15":"product_tag-pave-set-diamond-pendant","16":"pa_metal-white-gold","17":"pa_metal-yellow-gold","19":"first","20":"instock","21":"taxable","22":"shipping-taxable","23":"purchasable","24":"product-type-variable"},"acf":[],"jetpack_sharing_enabled":true,"_links":{"self":[{"href":"https:\/\/lumierediamonds.eu\/de\/wp-json\/wp\/v2\/product\/14007","targetHints":{"allow":["GET"]}}],"collection":[{"href":"https:\/\/lumierediamonds.eu\/de\/wp-json\/wp\/v2\/product"}],"about":[{"href":"https:\/\/lumierediamonds.eu\/de\/wp-json\/wp\/v2\/types\/product"}],"version-history":[{"count":3,"href":"https:\/\/lumierediamonds.eu\/de\/wp-json\/wp\/v2\/product\/14007\/revisions"}],"predecessor-version":[{"id":14747,"href":"https:\/\/lumierediamonds.eu\/de\/wp-json\/wp\/v2\/product\/14007\/revisions\/14747"}],"wp:featuredmedia":[{"embeddable":true,"href":"https:\/\/lumierediamonds.eu\/de\/wp-json\/wp\/v2\/media\/13998"}],"wp:attachment":[{"href":"https:\/\/lumierediamonds.eu\/de\/wp-json\/wp\/v2\/media?parent=14007"}],"wp:term":[{"taxonomy":"product_brand","embeddable":true,"href":"https:\/\/lumierediamonds.eu\/de\/wp-json\/wp\/v2\/product_brand?post=14007"},{"taxonomy":"product_cat","embeddable":true,"href":"https:\/\/lumierediamonds.eu\/de\/wp-json\/wp\/v2\/product_cat?post=14007"},{"taxonomy":"product_tag","embeddable":true,"href":"https:\/\/lumierediamonds.eu\/de\/wp-json\/wp\/v2\/product_tag?post=14007"}],"curies":[{"name":"wp","href":"https:\/\/api.w.org\/{rel}","templated":true}]}}