{"id":14059,"date":"2025-12-04T19:20:43","date_gmt":"2025-12-04T18:20:43","guid":{"rendered":"https:\/\/lumierediamonds.eu\/?post_type=product&#038;p=14059"},"modified":"2025-12-04T19:28:51","modified_gmt":"2025-12-04T18:28:51","slug":"elia-diamant-tropfen-anhanger","status":"publish","type":"product","link":"https:\/\/lumierediamonds.eu\/de\/product\/elia-diamant-tropfen-anhanger\/","title":{"rendered":"Elia Diamant-Tropfen-Anh\u00e4nger"},"content":{"rendered":"<p class=\"p1\">Eleganz in Bewegung. Der Elia Diamond Drop Anh\u00e4nger besteht aus drei abgestuften, birnenf\u00f6rmigen Diamanten aus dem Labor, die in einer anmutigen vertikalen Linie angeordnet sind. Die Diamanten sind in 18 Karat Gelb-, Wei\u00df- oder Ros\u00e9gold gefasst und haben insgesamt 0,60 Karat. Jeder Diamant ist in einer Krappenfassung gehalten, um Bewegung zu erzeugen und das Licht einzufangen. Das Design verl\u00e4ngert den Halsausschnitt und zieht die Blicke auf sich. Es verleiht jedem Outfit Dramatik und Raffinesse.<\/p>","protected":false},"excerpt":{"rendered":"<p class=\"p1\">Eleganz in Bewegung. Der Elia Diamond Drop Anh\u00e4nger besteht aus drei abgestuften, birnenf\u00f6rmigen, im Labor gez\u00fcchteten Diamanten, die in einer anmutigen vertikalen Linie angeordnet sind. Die Diamanten sind in 18 Karat Gelb-, Wei\u00df- oder Ros\u00e9gold gefasst und haben insgesamt 0,60 Karat. Jeder Diamant ist in einer Krappenfassung gehalten, um Bewegung zu erzeugen und das Licht einzufangen.<\/p>","protected":false},"featured_media":14077,"template":"","meta":{"_acf_changed":false},"product_brand":[],"product_cat":[552,53,759],"product_tag":[635,748,1365,1367,981,1368,364,401,751,1369,970,1366,303,982],"class_list":{"0":"post-14059","1":"product","2":"type-product","3":"status-publish","4":"has-post-thumbnail","6":"product_cat-diamond-essentials","7":"product_cat-necklaces-pendants","8":"product_cat-pendants","9":"product_tag-18k-gold-necklace","10":"product_tag-cable-chain-necklace","11":"product_tag-diamond-drop-necklace","12":"product_tag-elegant-diamond-pendant","13":"product_tag-elegant-pendant","14":"product_tag-elia","15":"product_tag-lab-grown-diamonds","16":"product_tag-luxury-necklace","17":"product_tag-luxury-pendant","18":"product_tag-minimal-elegance","19":"product_tag-minimalist-gold-pendant","20":"product_tag-pear-cut-pendant","21":"product_tag-solitaire-necklace","22":"product_tag-timeless-diamond-jewelry","23":"pa_metal-white-gold","24":"pa_metal-yellow-gold","26":"first","27":"instock","28":"taxable","29":"shipping-taxable","30":"purchasable","31":"product-type-variable"},"acf":[],"jetpack_sharing_enabled":true,"_links":{"self":[{"href":"https:\/\/lumierediamonds.eu\/de\/wp-json\/wp\/v2\/product\/14059","targetHints":{"allow":["GET"]}}],"collection":[{"href":"https:\/\/lumierediamonds.eu\/de\/wp-json\/wp\/v2\/product"}],"about":[{"href":"https:\/\/lumierediamonds.eu\/de\/wp-json\/wp\/v2\/types\/product"}],"version-history":[{"count":1,"href":"https:\/\/lumierediamonds.eu\/de\/wp-json\/wp\/v2\/product\/14059\/revisions"}],"predecessor-version":[{"id":14080,"href":"https:\/\/lumierediamonds.eu\/de\/wp-json\/wp\/v2\/product\/14059\/revisions\/14080"}],"wp:featuredmedia":[{"embeddable":true,"href":"https:\/\/lumierediamonds.eu\/de\/wp-json\/wp\/v2\/media\/14077"}],"wp:attachment":[{"href":"https:\/\/lumierediamonds.eu\/de\/wp-json\/wp\/v2\/media?parent=14059"}],"wp:term":[{"taxonomy":"product_brand","embeddable":true,"href":"https:\/\/lumierediamonds.eu\/de\/wp-json\/wp\/v2\/product_brand?post=14059"},{"taxonomy":"product_cat","embeddable":true,"href":"https:\/\/lumierediamonds.eu\/de\/wp-json\/wp\/v2\/product_cat?post=14059"},{"taxonomy":"product_tag","embeddable":true,"href":"https:\/\/lumierediamonds.eu\/de\/wp-json\/wp\/v2\/product_tag?post=14059"}],"curies":[{"name":"wp","href":"https:\/\/api.w.org\/{rel}","templated":true}]}}