{"id":14081,"date":"2025-12-04T19:29:19","date_gmt":"2025-12-04T18:29:19","guid":{"rendered":"https:\/\/lumierediamonds.eu\/?post_type=product&#038;p=14081"},"modified":"2025-12-04T19:35:20","modified_gmt":"2025-12-04T18:35:20","slug":"sierra-diamant-bar-halskette","status":"publish","type":"product","link":"https:\/\/lumierediamonds.eu\/de\/product\/sierra-diamant-bar-halskette\/","title":{"rendered":"Sierra Diamant-Bar-Halskette"},"content":{"rendered":"<p class=\"p1\">Eine anmutige Kurve voller Brillanz. Die Sierra Diamond Bar Halskette besteht aus einer flie\u00dfenden Reihe von sieben im Labor gez\u00fcchteten Diamanten, die in einem geformten Bogen aus 18 Karat Gelbgold gefasst sind. Die Diamanten \u2013 in unterschiedlichen Gr\u00f6\u00dfen \u2013 schaffen ein Gef\u00fchl von Bewegung und Ausgewogenheit am Halsausschnitt und haben ein Gesamtgewicht von 1 Karat.<\/p>\n<p class=\"p1\">Dieser raffinierte und vielseitige Anh\u00e4nger l\u00e4sst sich m\u00fchelos allein oder in Kombination mit anderen Anh\u00e4ngern tragen. Ein modernes Erbst\u00fcck, gefertigt aus nachhaltig gewonnenem, LBMA-zertifiziertem 18-kar\u00e4tigem Gold und mit einem sicheren Karabinerverschluss versehen.<\/p>","protected":false},"excerpt":{"rendered":"<p class=\"p1\">Eine anmutige Kurve voller Brillanz. Die Sierra Diamond Bar Halskette besticht durch eine flie\u00dfende Reihe aus abwechselnd angeordneten, im Labor gez\u00fcchteten Diamanten in verschiedenen Gr\u00f6\u00dfen, die in einer sanften Bogenform aus poliertem 18 Karat Gelbgold gefasst sind.<\/p>","protected":false},"featured_media":14087,"template":"","meta":{"_acf_changed":false},"product_brand":[],"product_cat":[552,53,759],"product_tag":[635,748,1370,1371,1365,1367,981,366,364,1372,401,751,1369,605,970,1373,982],"class_list":{"0":"post-14081","1":"product","2":"type-product","3":"status-publish","4":"has-post-thumbnail","6":"product_cat-diamond-essentials","7":"product_cat-necklaces-pendants","8":"product_cat-pendants","9":"product_tag-18k-gold-necklace","10":"product_tag-cable-chain-necklace","11":"product_tag-curved-bar-necklace","12":"product_tag-diamond-bar-pendant","13":"product_tag-diamond-drop-necklace","14":"product_tag-elegant-diamond-pendant","15":"product_tag-elegant-pendant","16":"product_tag-everyday-luxury","17":"product_tag-lab-grown-diamonds","18":"product_tag-layered-necklace","19":"product_tag-luxury-necklace","20":"product_tag-luxury-pendant","21":"product_tag-minimal-elegance","22":"product_tag-minimalist-fine-jewelry","23":"product_tag-minimalist-gold-pendant","24":"product_tag-sierra-collection","25":"product_tag-timeless-diamond-jewelry","26":"pa_metal-yellow-gold","28":"first","29":"instock","30":"taxable","31":"shipping-taxable","32":"purchasable","33":"product-type-simple"},"acf":[],"jetpack_sharing_enabled":true,"_links":{"self":[{"href":"https:\/\/lumierediamonds.eu\/de\/wp-json\/wp\/v2\/product\/14081","targetHints":{"allow":["GET"]}}],"collection":[{"href":"https:\/\/lumierediamonds.eu\/de\/wp-json\/wp\/v2\/product"}],"about":[{"href":"https:\/\/lumierediamonds.eu\/de\/wp-json\/wp\/v2\/types\/product"}],"version-history":[{"count":1,"href":"https:\/\/lumierediamonds.eu\/de\/wp-json\/wp\/v2\/product\/14081\/revisions"}],"predecessor-version":[{"id":14088,"href":"https:\/\/lumierediamonds.eu\/de\/wp-json\/wp\/v2\/product\/14081\/revisions\/14088"}],"wp:featuredmedia":[{"embeddable":true,"href":"https:\/\/lumierediamonds.eu\/de\/wp-json\/wp\/v2\/media\/14087"}],"wp:attachment":[{"href":"https:\/\/lumierediamonds.eu\/de\/wp-json\/wp\/v2\/media?parent=14081"}],"wp:term":[{"taxonomy":"product_brand","embeddable":true,"href":"https:\/\/lumierediamonds.eu\/de\/wp-json\/wp\/v2\/product_brand?post=14081"},{"taxonomy":"product_cat","embeddable":true,"href":"https:\/\/lumierediamonds.eu\/de\/wp-json\/wp\/v2\/product_cat?post=14081"},{"taxonomy":"product_tag","embeddable":true,"href":"https:\/\/lumierediamonds.eu\/de\/wp-json\/wp\/v2\/product_tag?post=14081"}],"curies":[{"name":"wp","href":"https:\/\/api.w.org\/{rel}","templated":true}]}}