{"id":14756,"date":"2026-03-15T13:15:09","date_gmt":"2026-03-15T12:15:09","guid":{"rendered":"https:\/\/lumierediamonds.eu\/?post_type=product&#038;p=14756"},"modified":"2026-04-21T21:00:47","modified_gmt":"2026-04-21T19:00:47","slug":"solo-marquise-diamant-anhanger","status":"publish","type":"product","link":"https:\/\/lumierediamonds.eu\/de\/product\/solo-marquise-diamant-anhanger\/","title":{"rendered":"Solo Marquise Diamant-Anh\u00e4nger"},"content":{"rendered":"<p>Schlank und formsch\u00f6n. Der Solo Marquise Diamond Anh\u00e4nger besteht aus einem einzelnen Labordiamanten im Marquise-Schliff, der in einer glatten, horizontalen Fassung eingefasst ist und an einer feinen Kette aus 18 Karat Gelb- oder Wei\u00dfgold mit einem sicheren Karabinerverschluss h\u00e4ngt. Erh\u00e4ltlich in Karatgewichten von 0,25 bis 3 Ct.. Seine langgestreckte Silhouette verleiht jedem Look einen modernen Touch - er kann sowohl \u00fcbereinander als auch einzeln getragen werden.<\/p>","protected":false},"excerpt":{"rendered":"<p>Solo Marquise Diamant-Anh\u00e4nger: Schlank und formsch\u00f6n.<\/p>","protected":false},"featured_media":14924,"template":"","meta":{"_acf_changed":false},"product_brand":[],"product_cat":[53,759],"product_tag":[1422,297,1097,1429,294,1415],"class_list":{"0":"post-14756","1":"product","2":"type-product","3":"status-publish","4":"has-post-thumbnail","6":"product_cat-necklaces-pendants","7":"product_cat-pendants","8":"product_tag-bezel-setting","9":"product_tag-diamond-necklace","10":"product_tag-lab-grown-diamond-2","11":"product_tag-marquise-cut","12":"product_tag-necklace","13":"product_tag-pendant-necklace","14":"pa_metal-white-gold","15":"pa_metal-yellow-gold","17":"first","18":"instock","19":"taxable","20":"shipping-taxable","21":"purchasable","22":"product-type-variable","23":"has-default-attributes"},"acf":[],"jetpack_sharing_enabled":true,"_links":{"self":[{"href":"https:\/\/lumierediamonds.eu\/de\/wp-json\/wp\/v2\/product\/14756","targetHints":{"allow":["GET"]}}],"collection":[{"href":"https:\/\/lumierediamonds.eu\/de\/wp-json\/wp\/v2\/product"}],"about":[{"href":"https:\/\/lumierediamonds.eu\/de\/wp-json\/wp\/v2\/types\/product"}],"version-history":[{"count":5,"href":"https:\/\/lumierediamonds.eu\/de\/wp-json\/wp\/v2\/product\/14756\/revisions"}],"predecessor-version":[{"id":27255,"href":"https:\/\/lumierediamonds.eu\/de\/wp-json\/wp\/v2\/product\/14756\/revisions\/27255"}],"wp:featuredmedia":[{"embeddable":true,"href":"https:\/\/lumierediamonds.eu\/de\/wp-json\/wp\/v2\/media\/14924"}],"wp:attachment":[{"href":"https:\/\/lumierediamonds.eu\/de\/wp-json\/wp\/v2\/media?parent=14756"}],"wp:term":[{"taxonomy":"product_brand","embeddable":true,"href":"https:\/\/lumierediamonds.eu\/de\/wp-json\/wp\/v2\/product_brand?post=14756"},{"taxonomy":"product_cat","embeddable":true,"href":"https:\/\/lumierediamonds.eu\/de\/wp-json\/wp\/v2\/product_cat?post=14756"},{"taxonomy":"product_tag","embeddable":true,"href":"https:\/\/lumierediamonds.eu\/de\/wp-json\/wp\/v2\/product_tag?post=14756"}],"curies":[{"name":"wp","href":"https:\/\/api.w.org\/{rel}","templated":true}]}}