{"id":14824,"date":"2026-03-15T13:21:05","date_gmt":"2026-03-15T12:21:05","guid":{"rendered":"https:\/\/lumierediamonds.eu\/?post_type=product&#038;p=14824"},"modified":"2026-04-21T21:03:23","modified_gmt":"2026-04-21T19:03:23","slug":"ovaler-diamant-anhanger-solo","status":"publish","type":"product","link":"https:\/\/lumierediamonds.eu\/de\/product\/ovaler-diamant-anhanger-solo\/","title":{"rendered":"Ovaler Diamant-Anh\u00e4nger Solo"},"content":{"rendered":"<p>Zeitlos im Design. Der ovale Diamantanh\u00e4nger Solo besteht aus einem einzelnen ovalen, im Labor gez\u00fcchteten Diamanten, der in einer glatten, horizontalen Fassung gefasst ist und an einer feinen Kette aus 18 Karat Gelb- oder Wei\u00dfgold mit einem sicheren Karabinerverschluss h\u00e4ngt. Erh\u00e4ltlich in Karatgewichten von 0,25 bis 3 Ct.. Seine klassische Form und saubere Verarbeitung bieten ein sanftes Statement - ideal f\u00fcr das t\u00e4gliche Tragen, \u00fcbereinander oder allein.<\/p>","protected":false},"excerpt":{"rendered":"<p>Ovaler Diamant-Anh\u00e4nger Solo: Zeitlos im Design.<\/p>","protected":false},"featured_media":15036,"template":"","meta":{"_acf_changed":false},"product_brand":[],"product_cat":[53,759],"product_tag":[1422,297,1097,294,212,1415],"class_list":{"0":"post-14824","1":"product","2":"type-product","3":"status-publish","4":"has-post-thumbnail","6":"product_cat-necklaces-pendants","7":"product_cat-pendants","8":"product_tag-bezel-setting","9":"product_tag-diamond-necklace","10":"product_tag-lab-grown-diamond-2","11":"product_tag-necklace","12":"product_tag-oval-diamond","13":"product_tag-pendant-necklace","14":"pa_metal-white-gold","15":"pa_metal-yellow-gold","17":"first","18":"instock","19":"taxable","20":"shipping-taxable","21":"purchasable","22":"product-type-variable","23":"has-default-attributes"},"acf":[],"jetpack_sharing_enabled":true,"_links":{"self":[{"href":"https:\/\/lumierediamonds.eu\/de\/wp-json\/wp\/v2\/product\/14824","targetHints":{"allow":["GET"]}}],"collection":[{"href":"https:\/\/lumierediamonds.eu\/de\/wp-json\/wp\/v2\/product"}],"about":[{"href":"https:\/\/lumierediamonds.eu\/de\/wp-json\/wp\/v2\/types\/product"}],"version-history":[{"count":4,"href":"https:\/\/lumierediamonds.eu\/de\/wp-json\/wp\/v2\/product\/14824\/revisions"}],"predecessor-version":[{"id":27262,"href":"https:\/\/lumierediamonds.eu\/de\/wp-json\/wp\/v2\/product\/14824\/revisions\/27262"}],"wp:featuredmedia":[{"embeddable":true,"href":"https:\/\/lumierediamonds.eu\/de\/wp-json\/wp\/v2\/media\/15036"}],"wp:attachment":[{"href":"https:\/\/lumierediamonds.eu\/de\/wp-json\/wp\/v2\/media?parent=14824"}],"wp:term":[{"taxonomy":"product_brand","embeddable":true,"href":"https:\/\/lumierediamonds.eu\/de\/wp-json\/wp\/v2\/product_brand?post=14824"},{"taxonomy":"product_cat","embeddable":true,"href":"https:\/\/lumierediamonds.eu\/de\/wp-json\/wp\/v2\/product_cat?post=14824"},{"taxonomy":"product_tag","embeddable":true,"href":"https:\/\/lumierediamonds.eu\/de\/wp-json\/wp\/v2\/product_tag?post=14824"}],"curies":[{"name":"wp","href":"https:\/\/api.w.org\/{rel}","templated":true}]}}