{"id":14858,"date":"2026-03-15T13:23:52","date_gmt":"2026-03-15T12:23:52","guid":{"rendered":"https:\/\/lumierediamonds.eu\/?post_type=product&#038;p=14858"},"modified":"2026-04-21T21:07:34","modified_gmt":"2026-04-21T19:07:34","slug":"luna-diamant-lunette-halskette","status":"publish","type":"product","link":"https:\/\/lumierediamonds.eu\/de\/product\/luna-diamant-lunette-halskette\/","title":{"rendered":"Luna Diamond L\u00fcnette Halskette"},"content":{"rendered":"<p>Die Luna Diamond Bezel Necklace besteht aus f\u00fcnf runden, im Labor gez\u00fcchteten Diamanten, die in eine feine 18-kar\u00e4tige Goldkette eingefasst sind - erh\u00e4ltlich in Gelb- oder Wei\u00dfgold. Mit einem Gesamtgewicht von 1,25 Karat sind die Diamanten so angeordnet, dass sie das Dekollet\u00e9 in Bewegung bringen und ihm Leichtigkeit verleihen. Dieses schlichte und charmante Schmuckst\u00fcck strahlt eine einfache Eleganz aus, die ebenso m\u00fchelos wirkt wie sie aussieht.<\/p>","protected":false},"excerpt":{"rendered":"<p>Die Luna Diamond Bezel Necklace zeichnet sich durch f\u00fcnf runde, im Labor gez\u00fcchtete Diamanten aus, die in einer feinen 18-kar\u00e4tigen Goldkette eingefasst sind - erh\u00e4ltlich in Gelb-, Wei\u00df- oder Ros\u00e9gold.<\/p>","protected":false},"featured_media":15107,"template":"","meta":{"_acf_changed":false},"product_brand":[],"product_cat":[741,1163,53],"product_tag":[635,1421,297,1097,294,613],"class_list":{"0":"post-14858","1":"product","2":"type-product","3":"status-publish","4":"has-post-thumbnail","6":"product_cat-chain-necklaces","7":"product_cat-diamond-necklaces","8":"product_cat-necklaces-pendants","9":"product_tag-18k-gold-necklace","10":"product_tag-bezel-set","11":"product_tag-diamond-necklace","12":"product_tag-lab-grown-diamond-2","13":"product_tag-necklace","14":"product_tag-round-diamond","15":"pa_metal-white-gold","16":"pa_metal-yellow-gold","18":"first","19":"instock","20":"taxable","21":"shipping-taxable","22":"purchasable","23":"product-type-variable","24":"has-default-attributes"},"acf":[],"jetpack_sharing_enabled":true,"_links":{"self":[{"href":"https:\/\/lumierediamonds.eu\/de\/wp-json\/wp\/v2\/product\/14858","targetHints":{"allow":["GET"]}}],"collection":[{"href":"https:\/\/lumierediamonds.eu\/de\/wp-json\/wp\/v2\/product"}],"about":[{"href":"https:\/\/lumierediamonds.eu\/de\/wp-json\/wp\/v2\/types\/product"}],"version-history":[{"count":4,"href":"https:\/\/lumierediamonds.eu\/de\/wp-json\/wp\/v2\/product\/14858\/revisions"}],"predecessor-version":[{"id":27267,"href":"https:\/\/lumierediamonds.eu\/de\/wp-json\/wp\/v2\/product\/14858\/revisions\/27267"}],"wp:featuredmedia":[{"embeddable":true,"href":"https:\/\/lumierediamonds.eu\/de\/wp-json\/wp\/v2\/media\/15107"}],"wp:attachment":[{"href":"https:\/\/lumierediamonds.eu\/de\/wp-json\/wp\/v2\/media?parent=14858"}],"wp:term":[{"taxonomy":"product_brand","embeddable":true,"href":"https:\/\/lumierediamonds.eu\/de\/wp-json\/wp\/v2\/product_brand?post=14858"},{"taxonomy":"product_cat","embeddable":true,"href":"https:\/\/lumierediamonds.eu\/de\/wp-json\/wp\/v2\/product_cat?post=14858"},{"taxonomy":"product_tag","embeddable":true,"href":"https:\/\/lumierediamonds.eu\/de\/wp-json\/wp\/v2\/product_tag?post=14858"}],"curies":[{"name":"wp","href":"https:\/\/api.w.org\/{rel}","templated":true}]}}