{"id":14867,"date":"2026-03-15T13:25:02","date_gmt":"2026-03-15T12:25:02","guid":{"rendered":"https:\/\/lumierediamonds.eu\/?post_type=product&#038;p=14867"},"modified":"2026-04-21T21:09:40","modified_gmt":"2026-04-21T19:09:40","slug":"cleo-vernetzte-diamant-halskette","status":"publish","type":"product","link":"https:\/\/lumierediamonds.eu\/de\/product\/cleo-vernetzte-diamant-halskette\/","title":{"rendered":"Cleo Interlinked Diamant-Halskette"},"content":{"rendered":"<p>Die Diamant-Halskette Cleo besteht aus zwei ineinandergreifenden Kreisen - einer glatt und poliert, der andere mit Labordiamanten von insgesamt 0,05 Karat in Pav\u00e9-Fassung. An einer feinen Kette aus 18 Karat Wei\u00dfgold aufgeh\u00e4ngt, bringt sie Weichheit und Struktur in einer modernen Silhouette in Einklang. Ein zarter Ausdruck von Einheit, wie geschaffen, um ihn immer zu tragen.<\/p>","protected":false},"excerpt":{"rendered":"<p>Die Cleo Interlinked Diamond Necklace besteht aus zwei ineinandergreifenden Kreisen - einer glatt und poliert, der andere in Pav\u00e9-Fassung mit Labordiamanten von insgesamt 0,05 Karat. Aufgeh\u00e4ngt an einer feinen Kette aus 18 Karat Wei\u00dfgold.<\/p>","protected":false},"featured_media":14868,"template":"","meta":{"_acf_changed":false},"product_brand":[],"product_cat":[53,759],"product_tag":[635,297,1436,364,294,188],"class_list":{"0":"post-14867","1":"product","2":"type-product","3":"status-publish","4":"has-post-thumbnail","6":"product_cat-necklaces-pendants","7":"product_cat-pendants","8":"product_tag-18k-gold-necklace","9":"product_tag-diamond-necklace","10":"product_tag-interlinked-circles","11":"product_tag-lab-grown-diamonds","12":"product_tag-necklace","13":"product_tag-pave-setting","14":"pa_metal-white-gold","16":"first","17":"instock","18":"taxable","19":"shipping-taxable","20":"purchasable","21":"product-type-simple"},"acf":[],"jetpack_sharing_enabled":true,"_links":{"self":[{"href":"https:\/\/lumierediamonds.eu\/de\/wp-json\/wp\/v2\/product\/14867","targetHints":{"allow":["GET"]}}],"collection":[{"href":"https:\/\/lumierediamonds.eu\/de\/wp-json\/wp\/v2\/product"}],"about":[{"href":"https:\/\/lumierediamonds.eu\/de\/wp-json\/wp\/v2\/types\/product"}],"version-history":[{"count":6,"href":"https:\/\/lumierediamonds.eu\/de\/wp-json\/wp\/v2\/product\/14867\/revisions"}],"predecessor-version":[{"id":27269,"href":"https:\/\/lumierediamonds.eu\/de\/wp-json\/wp\/v2\/product\/14867\/revisions\/27269"}],"wp:featuredmedia":[{"embeddable":true,"href":"https:\/\/lumierediamonds.eu\/de\/wp-json\/wp\/v2\/media\/14868"}],"wp:attachment":[{"href":"https:\/\/lumierediamonds.eu\/de\/wp-json\/wp\/v2\/media?parent=14867"}],"wp:term":[{"taxonomy":"product_brand","embeddable":true,"href":"https:\/\/lumierediamonds.eu\/de\/wp-json\/wp\/v2\/product_brand?post=14867"},{"taxonomy":"product_cat","embeddable":true,"href":"https:\/\/lumierediamonds.eu\/de\/wp-json\/wp\/v2\/product_cat?post=14867"},{"taxonomy":"product_tag","embeddable":true,"href":"https:\/\/lumierediamonds.eu\/de\/wp-json\/wp\/v2\/product_tag?post=14867"}],"curies":[{"name":"wp","href":"https:\/\/api.w.org\/{rel}","templated":true}]}}