{"id":14881,"date":"2026-03-15T13:27:16","date_gmt":"2026-03-15T12:27:16","guid":{"rendered":"https:\/\/lumierediamonds.eu\/?post_type=product&#038;p=14881"},"modified":"2026-04-21T21:35:04","modified_gmt":"2026-04-21T19:35:04","slug":"nala-diamant-schmetterlingshalskette","status":"publish","type":"product","link":"https:\/\/lumierediamonds.eu\/de\/product\/nala-diamant-schmetterlingshalskette\/","title":{"rendered":"Nala Diamant Schmetterling Halskette"},"content":{"rendered":"<p>Die verspielte und feminine Diamant-Schmetterlings-Halskette Nala verleiht Ihrem Alltagslook einen fr\u00f6hlichen Touch. Der aus 18 Karat Gelb- oder Wei\u00dfgold gefertigte Anh\u00e4nger hat die Form eines anmutigen Schmetterlings und ist mit 0,15 Karat Labordiamanten besetzt, die bei jeder Bewegung das Licht einfangen. Als s\u00fc\u00dfes Symbol f\u00fcr Verwandlung und Freiheit ist er ein bedeutungsvolles Geschenk f\u00fcr jedes Alter - und verleiht jeder Schmucksammlung ein zartes Funkeln und einen aufmunternden Geist.<\/p>","protected":false},"excerpt":{"rendered":"<p>Verspielt und feminin \u2013 die Nala Diamond Butterfly Halskette verleiht Ihrem Alltagslook eine fr\u00f6hliche Note.<\/p>","protected":false},"featured_media":14910,"template":"","meta":{"_acf_changed":false},"product_brand":[],"product_cat":[53,759],"product_tag":[1425,297,386,294,1427,613],"class_list":{"0":"post-14881","1":"product","2":"type-product","3":"status-publish","4":"has-post-thumbnail","6":"product_cat-necklaces-pendants","7":"product_cat-pendants","8":"product_tag-butterfly-necklace","9":"product_tag-diamond-necklace","10":"product_tag-lab-grown-diamond-necklace","11":"product_tag-necklace","12":"product_tag-prong-setting","13":"product_tag-round-diamond","14":"pa_metal-white-gold","15":"pa_metal-yellow-gold","17":"first","18":"instock","19":"taxable","20":"shipping-taxable","21":"purchasable","22":"product-type-variable","23":"has-default-attributes"},"acf":[],"jetpack_sharing_enabled":true,"_links":{"self":[{"href":"https:\/\/lumierediamonds.eu\/de\/wp-json\/wp\/v2\/product\/14881","targetHints":{"allow":["GET"]}}],"collection":[{"href":"https:\/\/lumierediamonds.eu\/de\/wp-json\/wp\/v2\/product"}],"about":[{"href":"https:\/\/lumierediamonds.eu\/de\/wp-json\/wp\/v2\/types\/product"}],"version-history":[{"count":5,"href":"https:\/\/lumierediamonds.eu\/de\/wp-json\/wp\/v2\/product\/14881\/revisions"}],"predecessor-version":[{"id":27308,"href":"https:\/\/lumierediamonds.eu\/de\/wp-json\/wp\/v2\/product\/14881\/revisions\/27308"}],"wp:featuredmedia":[{"embeddable":true,"href":"https:\/\/lumierediamonds.eu\/de\/wp-json\/wp\/v2\/media\/14910"}],"wp:attachment":[{"href":"https:\/\/lumierediamonds.eu\/de\/wp-json\/wp\/v2\/media?parent=14881"}],"wp:term":[{"taxonomy":"product_brand","embeddable":true,"href":"https:\/\/lumierediamonds.eu\/de\/wp-json\/wp\/v2\/product_brand?post=14881"},{"taxonomy":"product_cat","embeddable":true,"href":"https:\/\/lumierediamonds.eu\/de\/wp-json\/wp\/v2\/product_cat?post=14881"},{"taxonomy":"product_tag","embeddable":true,"href":"https:\/\/lumierediamonds.eu\/de\/wp-json\/wp\/v2\/product_tag?post=14881"}],"curies":[{"name":"wp","href":"https:\/\/api.w.org\/{rel}","templated":true}]}}