{"id":16235,"date":"2026-03-31T19:34:49","date_gmt":"2026-03-31T17:34:49","guid":{"rendered":"https:\/\/lumierediamonds.eu\/?post_type=product&#038;p=16235"},"modified":"2026-04-21T21:31:59","modified_gmt":"2026-04-21T19:31:59","slug":"cannes-diamantbar-anhanger","status":"publish","type":"product","link":"https:\/\/lumierediamonds.eu\/de\/product\/cannes-diamantbar-anhanger\/","title":{"rendered":"Cannes Diamant-Bar-Anh\u00e4nger"},"content":{"rendered":"<p>Eine Linie aus Licht.<br \/>\nDer Cannes-Diamantbarren-Anh\u00e4nger besteht aus einer vertikalen Reihe von im Labor gez\u00fcchteten Diamanten in Pav\u00e9-Fassung mit einem Gesamtgewicht von 0,06 Karat, die in einen polierten 18-kar\u00e4tigen Goldbarren eingefasst sind. An einer feinen Kette aufgeh\u00e4ngt und in Gelb-, Wei\u00df- oder Ros\u00e9gold erh\u00e4ltlich, verleiht seine klare Silhouette dem Dekollet\u00e9 eine subtile Struktur. Inspiriert von der Eleganz der C\u00f4te d'Azur, l\u00e4sst er sich hervorragend mit den Cannes Pav\u00e9 Drop Earrings kombinieren und bildet ein strahlendes Set, das sich m\u00fchelos vom Tag zum Abend kombinieren l\u00e4sst.<\/p>","protected":false},"excerpt":{"rendered":"<p>Eine Linie aus Licht. Der Cannes-Diamantbarren-Anh\u00e4nger besteht aus einer vertikalen Reihe von im Labor gez\u00fcchteten Diamanten in Pav\u00e9-Fassung von insgesamt 0,06 Karat, die in einen polierten 18-kar\u00e4tigen Goldbarren eingefasst sind. Der Anh\u00e4nger h\u00e4ngt an einer feinen Kette und ist in 18 Karat Gelb-, Wei\u00df- oder Ros\u00e9gold erh\u00e4ltlich.<\/p>","protected":false},"featured_media":17577,"template":"","meta":{"_acf_changed":false},"product_brand":[],"product_cat":[53,759],"product_tag":[1418,297,1097,294,188,1415,1417],"class_list":{"0":"post-16235","1":"product","2":"type-product","3":"status-publish","4":"has-post-thumbnail","6":"product_cat-necklaces-pendants","7":"product_cat-pendants","8":"product_tag-bar-necklace","9":"product_tag-diamond-necklace","10":"product_tag-lab-grown-diamond-2","11":"product_tag-necklace","12":"product_tag-pave-setting","13":"product_tag-pendant-necklace","14":"product_tag-round-diamonds","15":"pa_metal-rose-gold","16":"pa_metal-white-gold","17":"pa_metal-yellow-gold","19":"first","20":"instock","21":"taxable","22":"shipping-taxable","23":"purchasable","24":"product-type-variable","25":"has-default-attributes"},"acf":[],"jetpack_sharing_enabled":true,"_links":{"self":[{"href":"https:\/\/lumierediamonds.eu\/de\/wp-json\/wp\/v2\/product\/16235","targetHints":{"allow":["GET"]}}],"collection":[{"href":"https:\/\/lumierediamonds.eu\/de\/wp-json\/wp\/v2\/product"}],"about":[{"href":"https:\/\/lumierediamonds.eu\/de\/wp-json\/wp\/v2\/types\/product"}],"version-history":[{"count":2,"href":"https:\/\/lumierediamonds.eu\/de\/wp-json\/wp\/v2\/product\/16235\/revisions"}],"predecessor-version":[{"id":27273,"href":"https:\/\/lumierediamonds.eu\/de\/wp-json\/wp\/v2\/product\/16235\/revisions\/27273"}],"wp:featuredmedia":[{"embeddable":true,"href":"https:\/\/lumierediamonds.eu\/de\/wp-json\/wp\/v2\/media\/17577"}],"wp:attachment":[{"href":"https:\/\/lumierediamonds.eu\/de\/wp-json\/wp\/v2\/media?parent=16235"}],"wp:term":[{"taxonomy":"product_brand","embeddable":true,"href":"https:\/\/lumierediamonds.eu\/de\/wp-json\/wp\/v2\/product_brand?post=16235"},{"taxonomy":"product_cat","embeddable":true,"href":"https:\/\/lumierediamonds.eu\/de\/wp-json\/wp\/v2\/product_cat?post=16235"},{"taxonomy":"product_tag","embeddable":true,"href":"https:\/\/lumierediamonds.eu\/de\/wp-json\/wp\/v2\/product_tag?post=16235"}],"curies":[{"name":"wp","href":"https:\/\/api.w.org\/{rel}","templated":true}]}}