{"id":19937,"date":"2026-04-12T19:51:58","date_gmt":"2026-04-12T17:51:58","guid":{"rendered":"https:\/\/lumierediamonds.eu\/?post_type=product&#038;p=19937"},"modified":"2026-04-13T15:24:24","modified_gmt":"2026-04-13T13:24:24","slug":"solene-verlobungsring-im-prinzessinnenschliff","status":"publish","type":"product","link":"https:\/\/lumierediamonds.eu\/de\/product\/solene-verlobungsring-im-prinzessinnenschliff\/","title":{"rendered":"Solene Princess Cut Verlobungsring"},"content":{"rendered":"<p>Der Solene Verlobungsring im Prinzessinnenschliff ist minimalistisch und doch auffallend und zelebriert klare Geometrie und moderne Brillanz.<\/p>\n<p>Das Design mit einem im Labor gez\u00fcchteten Diamanten im Prinzess-Schliff in der Mitte unterstreicht die klare Symmetrie und das kr\u00e4ftige Funkeln. Die quadratische Silhouette verleiht ihm eine moderne Note, w\u00e4hrend sich das polierte Band aus 18 Karat Gold sanft zum Mittelstein hin verj\u00fcngt. Eine anmutige Kathedralfassung hebt den Diamanten an, l\u00e4sst mehr Licht durch und verleiht dem Design eine subtile H\u00f6he und architektonische Balance.<\/p>\n<p>Die scharfen Linien und brillanten Facetten des Prinzess-Schliffs sorgen f\u00fcr ein selbstbewusstes, modernes Aussehen. Perfekt f\u00fcr alle, die sich zu Struktur, Pr\u00e4zision und raffinierter Brillanz hingezogen f\u00fchlen.<\/p>\n<p>Solene ist ein echter Klassiker, der sich wunderbar mit einer Vielzahl von Trauringen kombinieren l\u00e4sst oder auch elegant f\u00fcr sich allein steht.<\/p>","protected":false},"excerpt":{"rendered":"<p>Solene ist ein raffinierter Verlobungsring im Prinzessinnenschliff mit einem im Labor gez\u00fcchteten Diamanten in der Mitte. Er verbindet klare Symmetrie mit einem sich verj\u00fcngenden 18-kar\u00e4tigen Goldband und einer anmutigen Kathedralfassung. Seine quadratische Silhouette bietet einen modernen, polierten Look mit erh\u00f6htem Funkeln und bequemem Tragekomfort im Alltag.<\/p>","protected":false},"featured_media":19966,"template":"","meta":{"_acf_changed":false},"product_brand":[],"product_cat":[24,52],"product_tag":[1428,48,184,194,1427,191],"class_list":{"0":"post-19937","1":"product","2":"type-product","3":"status-publish","4":"has-post-thumbnail","6":"product_cat-engagement-rings","7":"product_cat-rings","8":"product_tag-cathedral-setting","9":"product_tag-engagement-ring","10":"product_tag-lab-grown-diamond","11":"product_tag-princess-cut","12":"product_tag-prong-setting","13":"product_tag-solitaire","14":"pa_metal-rose-gold","15":"pa_metal-white-gold","16":"pa_metal-yellow-gold","18":"first","19":"instock","20":"taxable","21":"shipping-taxable","22":"purchasable","23":"product-type-variable","24":"has-default-attributes"},"acf":[],"jetpack_sharing_enabled":true,"_links":{"self":[{"href":"https:\/\/lumierediamonds.eu\/de\/wp-json\/wp\/v2\/product\/19937","targetHints":{"allow":["GET"]}}],"collection":[{"href":"https:\/\/lumierediamonds.eu\/de\/wp-json\/wp\/v2\/product"}],"about":[{"href":"https:\/\/lumierediamonds.eu\/de\/wp-json\/wp\/v2\/types\/product"}],"version-history":[{"count":1,"href":"https:\/\/lumierediamonds.eu\/de\/wp-json\/wp\/v2\/product\/19937\/revisions"}],"predecessor-version":[{"id":21243,"href":"https:\/\/lumierediamonds.eu\/de\/wp-json\/wp\/v2\/product\/19937\/revisions\/21243"}],"wp:featuredmedia":[{"embeddable":true,"href":"https:\/\/lumierediamonds.eu\/de\/wp-json\/wp\/v2\/media\/19966"}],"wp:attachment":[{"href":"https:\/\/lumierediamonds.eu\/de\/wp-json\/wp\/v2\/media?parent=19937"}],"wp:term":[{"taxonomy":"product_brand","embeddable":true,"href":"https:\/\/lumierediamonds.eu\/de\/wp-json\/wp\/v2\/product_brand?post=19937"},{"taxonomy":"product_cat","embeddable":true,"href":"https:\/\/lumierediamonds.eu\/de\/wp-json\/wp\/v2\/product_cat?post=19937"},{"taxonomy":"product_tag","embeddable":true,"href":"https:\/\/lumierediamonds.eu\/de\/wp-json\/wp\/v2\/product_tag?post=19937"}],"curies":[{"name":"wp","href":"https:\/\/api.w.org\/{rel}","templated":true}]}}