{"id":32065,"date":"2026-04-23T23:09:06","date_gmt":"2026-04-23T21:09:06","guid":{"rendered":"https:\/\/lumierediamonds.eu\/?post_type=product&#038;p=32065"},"modified":"2026-04-23T23:19:19","modified_gmt":"2026-04-23T21:19:19","slug":"elysia-funfreihiger-diamantring","status":"publish","type":"product","link":"https:\/\/lumierediamonds.eu\/de\/product\/elysia-funfreihiger-diamantring\/","title":{"rendered":"Elysia F\u00fcnfreihiger Diamantring"},"content":{"rendered":"<p>Der strahlende und ausdrucksstarke f\u00fcnfreihige Diamantring Elysia ist ein Statement f\u00fcr Licht, Textur und moderne Eleganz.<\/p>\n<p>F\u00fcnf Reihen pav\u00e9gefasster Labordiamanten mit 59 runden Steinen von insgesamt 3,5 Karat bilden eine durchgehende Brillantfl\u00e4che auf dem Band. Diese Anordnung verleiht dem Ring Tiefe, Dimension und eine starke Lichtreflexion aus jedem Winkel.<\/p>\n<p>Die sanft geschwungene Silhouette bietet eine ausgewogene, bequeme Passform, w\u00e4hrend die Vollpav\u00e9-Optik dem St\u00fcck eine k\u00fchne, aber raffinierte Pr\u00e4senz verleiht.<\/p>\n<p>Der Ring Elysia aus poliertem 18-kar\u00e4tigem Wei\u00dfgold ist ein Fest der Brillanz und der Handwerkskunst. Er wurde f\u00fcr alle geschaffen, die sich von auff\u00e4lligem Schmuck mit dauerhafter Eleganz angezogen f\u00fchlen.<\/p>","protected":false},"excerpt":{"rendered":"<p>Der strahlende und ausdrucksstarke f\u00fcnfreihige Diamantring Elysia ist ein Statement f\u00fcr Licht, Textur und moderne Eleganz. F\u00fcnf Reihen von pav\u00e9gefassten...<\/p>","protected":false},"featured_media":32093,"template":"","meta":{"_acf_changed":false},"product_brand":[],"product_cat":[52,1010,898],"product_tag":[183,189,182,48,184,192,191,185],"class_list":{"0":"post-32065","1":"product","2":"type-product","3":"status-publish","4":"has-post-thumbnail","6":"product_cat-rings","7":"product_cat-cocktail-rings","8":"product_cat-statement-rings","9":"product_tag-diamond-ring","10":"product_tag-emerald","11":"product_tag-engagement","12":"product_tag-engagement-ring","13":"product_tag-lab-grown-diamond","14":"product_tag-ring","15":"product_tag-solitaire","16":"product_tag-vvs1","17":"pa_metal-white-gold","19":"first","20":"instock","21":"taxable","22":"shipping-taxable","23":"purchasable","24":"product-type-simple"},"acf":[],"jetpack_sharing_enabled":true,"_links":{"self":[{"href":"https:\/\/lumierediamonds.eu\/de\/wp-json\/wp\/v2\/product\/32065","targetHints":{"allow":["GET"]}}],"collection":[{"href":"https:\/\/lumierediamonds.eu\/de\/wp-json\/wp\/v2\/product"}],"about":[{"href":"https:\/\/lumierediamonds.eu\/de\/wp-json\/wp\/v2\/types\/product"}],"version-history":[{"count":1,"href":"https:\/\/lumierediamonds.eu\/de\/wp-json\/wp\/v2\/product\/32065\/revisions"}],"predecessor-version":[{"id":32097,"href":"https:\/\/lumierediamonds.eu\/de\/wp-json\/wp\/v2\/product\/32065\/revisions\/32097"}],"wp:featuredmedia":[{"embeddable":true,"href":"https:\/\/lumierediamonds.eu\/de\/wp-json\/wp\/v2\/media\/32093"}],"wp:attachment":[{"href":"https:\/\/lumierediamonds.eu\/de\/wp-json\/wp\/v2\/media?parent=32065"}],"wp:term":[{"taxonomy":"product_brand","embeddable":true,"href":"https:\/\/lumierediamonds.eu\/de\/wp-json\/wp\/v2\/product_brand?post=32065"},{"taxonomy":"product_cat","embeddable":true,"href":"https:\/\/lumierediamonds.eu\/de\/wp-json\/wp\/v2\/product_cat?post=32065"},{"taxonomy":"product_tag","embeddable":true,"href":"https:\/\/lumierediamonds.eu\/de\/wp-json\/wp\/v2\/product_tag?post=32065"}],"curies":[{"name":"wp","href":"https:\/\/api.w.org\/{rel}","templated":true}]}}