{"id":4220,"date":"2024-11-25T22:57:19","date_gmt":"2024-11-25T21:57:19","guid":{"rendered":"https:\/\/lumierediamonds.eu\/?post_type=product&#038;p=4220"},"modified":"2025-12-05T17:38:38","modified_gmt":"2025-12-05T16:38:38","slug":"der-eternia-verlobungsring","status":"publish","type":"product","link":"https:\/\/lumierediamonds.eu\/de\/product\/der-eternia-verlobungsring\/","title":{"rendered":"Der Eternia-Verlobungsring"},"content":{"rendered":"<p class=\"p1\">Der Eternia Ring ist eine strahlende Hommage an die ewige Liebe. Mit einem brillanten, rundgeschliffenen Diamanten aus Laborzucht als Mittelpunkt wird er durch ein Band erg\u00e4nzt, das mit funkelnden Diamanten in Pav\u00e9-Fassung verziert ist. Dieses Design aus 18 Karat Gelb-, Wei\u00df- oder Ros\u00e9gold bietet zeitlose Eleganz mit einem Hauch von moderner Ausstrahlung.<\/p>","protected":false},"excerpt":{"rendered":"<p class=\"p1\">Der Eternia Ring ist eine strahlende Hommage an die ewige Liebe. Mit einem brillanten, rundgeschliffenen Diamanten aus Laborzucht als Mittelpunkt wird er durch ein Band erg\u00e4nzt, das mit funkelnden Diamanten in Pav\u00e9-Fassung verziert ist. Dieses Design aus 18 Karat Gelb-, Wei\u00df- oder Ros\u00e9gold bietet zeitlose Eleganz mit einem Hauch von moderner Ausstrahlung.<\/p>","protected":false},"featured_media":4234,"template":"","meta":{"_acf_changed":false},"product_brand":[],"product_cat":[24,52],"product_tag":[183,48,184,257],"class_list":{"0":"post-4220","1":"product","2":"type-product","3":"status-publish","4":"has-post-thumbnail","6":"product_cat-engagement-rings","7":"product_cat-rings","8":"product_tag-diamond-ring","9":"product_tag-engagement-ring","10":"product_tag-lab-grown-diamond","11":"product_tag-pave-ring","12":"pa_metal-rose-gold","13":"pa_metal-white-gold","14":"pa_metal-yellow-gold","16":"first","17":"instock","18":"taxable","19":"shipping-taxable","20":"purchasable","21":"product-type-variable"},"acf":[],"jetpack_sharing_enabled":true,"_links":{"self":[{"href":"https:\/\/lumierediamonds.eu\/de\/wp-json\/wp\/v2\/product\/4220","targetHints":{"allow":["GET"]}}],"collection":[{"href":"https:\/\/lumierediamonds.eu\/de\/wp-json\/wp\/v2\/product"}],"about":[{"href":"https:\/\/lumierediamonds.eu\/de\/wp-json\/wp\/v2\/types\/product"}],"version-history":[{"count":4,"href":"https:\/\/lumierediamonds.eu\/de\/wp-json\/wp\/v2\/product\/4220\/revisions"}],"predecessor-version":[{"id":14118,"href":"https:\/\/lumierediamonds.eu\/de\/wp-json\/wp\/v2\/product\/4220\/revisions\/14118"}],"wp:featuredmedia":[{"embeddable":true,"href":"https:\/\/lumierediamonds.eu\/de\/wp-json\/wp\/v2\/media\/4234"}],"wp:attachment":[{"href":"https:\/\/lumierediamonds.eu\/de\/wp-json\/wp\/v2\/media?parent=4220"}],"wp:term":[{"taxonomy":"product_brand","embeddable":true,"href":"https:\/\/lumierediamonds.eu\/de\/wp-json\/wp\/v2\/product_brand?post=4220"},{"taxonomy":"product_cat","embeddable":true,"href":"https:\/\/lumierediamonds.eu\/de\/wp-json\/wp\/v2\/product_cat?post=4220"},{"taxonomy":"product_tag","embeddable":true,"href":"https:\/\/lumierediamonds.eu\/de\/wp-json\/wp\/v2\/product_tag?post=4220"}],"curies":[{"name":"wp","href":"https:\/\/api.w.org\/{rel}","templated":true}]}}