{"id":5312,"date":"2024-11-29T11:46:57","date_gmt":"2024-11-29T10:46:57","guid":{"rendered":"https:\/\/lumierediamonds.eu\/?post_type=product&#038;p=5312"},"modified":"2025-12-05T17:28:23","modified_gmt":"2025-12-05T16:28:23","slug":"der-elegante-verlobungsring","status":"publish","type":"product","link":"https:\/\/lumierediamonds.eu\/de\/product\/der-elegante-verlobungsring\/","title":{"rendered":"Der elegante Verlobungsring"},"content":{"rendered":"<p class=\"p1\">Der Elegance Ring ist ein raffiniertes Statement f\u00fcr Sch\u00f6nheit und besticht durch einen brillanten, rundgeschliffenen Diamanten aus Laborzucht, gepaart mit einem eleganten, kanalgefassten Band aus funkelnden Diamanten. Dieses zeitlose Design wurde sorgf\u00e4ltig aus 18 Karat Gelb-, Wei\u00df- oder Ros\u00e9gold gefertigt und verk\u00f6rpert Raffinesse und ewige Liebe. Perfekt f\u00fcr alle, die zur\u00fcckhaltenden Glamour sch\u00e4tzen.<\/p>","protected":false},"excerpt":{"rendered":"<p class=\"p1\">Der Elegance Ring ist ein raffiniertes Statement f\u00fcr Sch\u00f6nheit und besticht durch einen brillanten, rundgeschliffenen Diamanten aus Laborzucht, gepaart mit einem eleganten, kanalgefassten Band aus funkelnden Diamanten. Dieses zeitlose Design wurde sorgf\u00e4ltig aus 18 Karat Gelb-, Wei\u00df- oder Ros\u00e9gold gefertigt und verk\u00f6rpert Raffinesse und ewige Liebe. Perfekt f\u00fcr alle, die zur\u00fcckhaltenden Glamour sch\u00e4tzen.<\/p>","protected":false},"featured_media":5358,"template":"","meta":{"_acf_changed":false},"product_brand":[],"product_cat":[24,23,52],"product_tag":[186,183,182,48,184,187,188,185],"class_list":{"0":"post-5312","1":"product","2":"type-product","3":"status-publish","4":"has-post-thumbnail","6":"product_cat-engagement-rings","7":"product_cat-love-engagement","8":"product_cat-rings","9":"product_tag-channel-setting","10":"product_tag-diamond-ring","11":"product_tag-engagement","12":"product_tag-engagement-ring","13":"product_tag-lab-grown-diamond","14":"product_tag-pave","15":"product_tag-pave-setting","16":"product_tag-vvs1","17":"pa_metal-rose-gold","18":"pa_metal-white-gold","19":"pa_metal-yellow-gold","21":"first","22":"instock","23":"taxable","24":"shipping-taxable","25":"purchasable","26":"product-type-variable"},"acf":[],"jetpack_sharing_enabled":true,"_links":{"self":[{"href":"https:\/\/lumierediamonds.eu\/de\/wp-json\/wp\/v2\/product\/5312","targetHints":{"allow":["GET"]}}],"collection":[{"href":"https:\/\/lumierediamonds.eu\/de\/wp-json\/wp\/v2\/product"}],"about":[{"href":"https:\/\/lumierediamonds.eu\/de\/wp-json\/wp\/v2\/types\/product"}],"version-history":[{"count":8,"href":"https:\/\/lumierediamonds.eu\/de\/wp-json\/wp\/v2\/product\/5312\/revisions"}],"predecessor-version":[{"id":14115,"href":"https:\/\/lumierediamonds.eu\/de\/wp-json\/wp\/v2\/product\/5312\/revisions\/14115"}],"wp:featuredmedia":[{"embeddable":true,"href":"https:\/\/lumierediamonds.eu\/de\/wp-json\/wp\/v2\/media\/5358"}],"wp:attachment":[{"href":"https:\/\/lumierediamonds.eu\/de\/wp-json\/wp\/v2\/media?parent=5312"}],"wp:term":[{"taxonomy":"product_brand","embeddable":true,"href":"https:\/\/lumierediamonds.eu\/de\/wp-json\/wp\/v2\/product_brand?post=5312"},{"taxonomy":"product_cat","embeddable":true,"href":"https:\/\/lumierediamonds.eu\/de\/wp-json\/wp\/v2\/product_cat?post=5312"},{"taxonomy":"product_tag","embeddable":true,"href":"https:\/\/lumierediamonds.eu\/de\/wp-json\/wp\/v2\/product_tag?post=5312"}],"curies":[{"name":"wp","href":"https:\/\/api.w.org\/{rel}","templated":true}]}}