{"id":5933,"date":"2024-11-29T20:44:12","date_gmt":"2024-11-29T19:44:12","guid":{"rendered":"https:\/\/lumierediamonds.eu\/?post_type=product&#038;p=5933"},"modified":"2025-11-17T14:04:45","modified_gmt":"2025-11-17T13:04:45","slug":"eterna-diamant-ohrstecker","status":"publish","type":"product","link":"https:\/\/lumierediamonds.eu\/de\/product\/eterna-diamant-ohrstecker\/","title":{"rendered":"Eterna Runde Diamant-Ohrstecker"},"content":{"rendered":"<p data-start=\"147\" data-end=\"341\">Zeitlos und unverzichtbar, das <strong data-start=\"175\" data-end=\"207\">Eterna Runde Diamant-Ohrstecker<\/strong> Mit runden, brillantgeschliffenen Diamanten aus Laborzucht in einer klassischen Vier-Griff-Fassung \u2013 bekannt f\u00fcr ihren unvergleichlichen Glanz und ihren zeitlosen Stil.<\/p>\n<p data-start=\"343\" data-end=\"611\" data-is-last-node=\"\" data-is-only-node=\"\">Sie sind in 18 Karat Gelb-, Wei\u00df- oder Ros\u00e9gold erh\u00e4ltlich und in Karatgr\u00f6\u00dfen von 0,3 ct bis 4 ct verf\u00fcgbar. Ob Sie nun einen zarten Schimmer oder ein auff\u00e4lliges Statement bevorzugen, diese vielseitigen Ohrstecker sind so gestaltet, dass sie jeden Tag gl\u00e4nzen und ein Leben lang halten.<\/p>\n<p data-start=\"380\" data-end=\"631\">","protected":false},"excerpt":{"rendered":"<p data-start=\"147\" data-end=\"341\">Zeitlos und unverzichtbar, das <strong data-start=\"175\" data-end=\"207\">Eterna Runde Diamant-Ohrstecker<\/strong> Mit runden, brillantgeschliffenen Diamanten aus Laborzucht in einer klassischen Vier-Griff-Fassung \u2013 bekannt f\u00fcr ihren unvergleichlichen Glanz und ihren zeitlosen Stil.<\/p>\n<p data-start=\"343\" data-end=\"611\" data-is-last-node=\"\" data-is-only-node=\"\">Sie sind in 18 Karat Gelb-, Wei\u00df- oder Ros\u00e9gold erh\u00e4ltlich und in Karatgr\u00f6\u00dfen von 0,3 ct bis 4 ct verf\u00fcgbar. Ob Sie nun einen zarten Schimmer oder ein auff\u00e4lliges Statement bevorzugen, diese vielseitigen Ohrstecker sind so gestaltet, dass sie jeden Tag gl\u00e4nzen und ein Leben lang halten.<\/p>\n<p data-start=\"380\" data-end=\"631\">","protected":false},"featured_media":6044,"template":"","meta":{"_acf_changed":false},"product_brand":[],"product_cat":[54,760],"product_tag":[201,205,202,184,203,204,185],"class_list":{"0":"post-5933","1":"product","2":"type-product","3":"status-publish","4":"has-post-thumbnail","6":"product_cat-earrings","7":"product_cat-stud-earrings","8":"product_tag-diamond-earrings","9":"product_tag-diamond-studs","10":"product_tag-earrings","11":"product_tag-lab-grown-diamond","12":"product_tag-stud-earrings","13":"product_tag-studs","14":"product_tag-vvs1","15":"pa_metal-rose-gold","16":"pa_metal-white-gold","17":"pa_metal-yellow-gold","19":"first","20":"instock","21":"featured","22":"taxable","23":"shipping-taxable","24":"purchasable","25":"product-type-variable"},"acf":[],"jetpack_sharing_enabled":true,"_links":{"self":[{"href":"https:\/\/lumierediamonds.eu\/de\/wp-json\/wp\/v2\/product\/5933","targetHints":{"allow":["GET"]}}],"collection":[{"href":"https:\/\/lumierediamonds.eu\/de\/wp-json\/wp\/v2\/product"}],"about":[{"href":"https:\/\/lumierediamonds.eu\/de\/wp-json\/wp\/v2\/types\/product"}],"version-history":[{"count":9,"href":"https:\/\/lumierediamonds.eu\/de\/wp-json\/wp\/v2\/product\/5933\/revisions"}],"predecessor-version":[{"id":11480,"href":"https:\/\/lumierediamonds.eu\/de\/wp-json\/wp\/v2\/product\/5933\/revisions\/11480"}],"wp:featuredmedia":[{"embeddable":true,"href":"https:\/\/lumierediamonds.eu\/de\/wp-json\/wp\/v2\/media\/6044"}],"wp:attachment":[{"href":"https:\/\/lumierediamonds.eu\/de\/wp-json\/wp\/v2\/media?parent=5933"}],"wp:term":[{"taxonomy":"product_brand","embeddable":true,"href":"https:\/\/lumierediamonds.eu\/de\/wp-json\/wp\/v2\/product_brand?post=5933"},{"taxonomy":"product_cat","embeddable":true,"href":"https:\/\/lumierediamonds.eu\/de\/wp-json\/wp\/v2\/product_cat?post=5933"},{"taxonomy":"product_tag","embeddable":true,"href":"https:\/\/lumierediamonds.eu\/de\/wp-json\/wp\/v2\/product_tag?post=5933"}],"curies":[{"name":"wp","href":"https:\/\/api.w.org\/{rel}","templated":true}]}}