{"id":6046,"date":"2024-11-30T15:47:33","date_gmt":"2024-11-30T14:47:33","guid":{"rendered":"https:\/\/lumierediamonds.eu\/?post_type=product&#038;p=6046"},"modified":"2025-12-18T18:47:45","modified_gmt":"2025-12-18T17:47:45","slug":"eterna-diamantohrstecker-im-prinzessschliff","status":"publish","type":"product","link":"https:\/\/lumierediamonds.eu\/de\/product\/eterna-diamantohrstecker-im-prinzessschliff\/","title":{"rendered":"Eterna Prinzess-Diamant-Ohrstecker"},"content":{"rendered":"<p data-start=\"123\" data-end=\"481\">Zeitlos mit modernem Touch. Das <strong data-start=\"160\" data-end=\"205\">Eterna Prinzess-Diamant-Ohrstecker<\/strong> mit k\u00fcnstlich gez\u00fcchteten Diamanten in einer markanten, quadratischen Silhouette \u2013 gefasst in einer klassischen Vier-Griff-Fassung, um ihre klaren Linien und ihre Brillanz zur Geltung zu bringen. Erh\u00e4ltlich in 18 Karat Gelb- oder Wei\u00dfgold, bieten sie die perfekte Balance zwischen klassischer Eleganz und zeitgem\u00e4\u00dfem Charme.<\/p>\n<p data-start=\"483\" data-end=\"594\">Erh\u00e4ltlich in Karatgewichten von 0,3 bis 4 ct. sind sie ein raffiniertes Must-have, das jede Schmuckkollektion aufwertet.<\/p>","protected":false},"excerpt":{"rendered":"<p data-start=\"123\" data-end=\"481\">Zeitlos mit modernem Touch. Das <strong data-start=\"160\" data-end=\"205\">Eterna Prinzess-Diamant-Ohrstecker<\/strong> mit k\u00fcnstlich gez\u00fcchteten Diamanten in einer markanten, quadratischen Silhouette \u2013 gefasst in einer klassischen Vier-Griff-Fassung, um ihre klaren Linien und ihre Brillanz zur Geltung zu bringen. Erh\u00e4ltlich in 18 Karat Gelb- oder Wei\u00dfgold, bieten sie die perfekte Balance zwischen klassischer Eleganz und zeitgem\u00e4\u00dfem Charme.<\/p>\n<p data-start=\"483\" data-end=\"594\">Erh\u00e4ltlich in Karatgewichten von 0,3 bis 4 ct. sind sie ein raffiniertes Must-have, das jede Schmuckkollektion aufwertet.<\/p>","protected":false},"featured_media":6145,"template":"","meta":{"_acf_changed":false},"product_brand":[],"product_cat":[54,760],"product_tag":[201,205,202,184,194,206,203,204,185],"class_list":{"0":"post-6046","1":"product","2":"type-product","3":"status-publish","4":"has-post-thumbnail","6":"product_cat-earrings","7":"product_cat-stud-earrings","8":"product_tag-diamond-earrings","9":"product_tag-diamond-studs","10":"product_tag-earrings","11":"product_tag-lab-grown-diamond","12":"product_tag-princess-cut","13":"product_tag-princess-cut-earrings","14":"product_tag-stud-earrings","15":"product_tag-studs","16":"product_tag-vvs1","17":"pa_metal-white-gold","18":"pa_metal-yellow-gold","20":"first","21":"instock","22":"taxable","23":"shipping-taxable","24":"purchasable","25":"product-type-variable"},"acf":[],"jetpack_sharing_enabled":true,"_links":{"self":[{"href":"https:\/\/lumierediamonds.eu\/de\/wp-json\/wp\/v2\/product\/6046","targetHints":{"allow":["GET"]}}],"collection":[{"href":"https:\/\/lumierediamonds.eu\/de\/wp-json\/wp\/v2\/product"}],"about":[{"href":"https:\/\/lumierediamonds.eu\/de\/wp-json\/wp\/v2\/types\/product"}],"version-history":[{"count":7,"href":"https:\/\/lumierediamonds.eu\/de\/wp-json\/wp\/v2\/product\/6046\/revisions"}],"predecessor-version":[{"id":14441,"href":"https:\/\/lumierediamonds.eu\/de\/wp-json\/wp\/v2\/product\/6046\/revisions\/14441"}],"wp:featuredmedia":[{"embeddable":true,"href":"https:\/\/lumierediamonds.eu\/de\/wp-json\/wp\/v2\/media\/6145"}],"wp:attachment":[{"href":"https:\/\/lumierediamonds.eu\/de\/wp-json\/wp\/v2\/media?parent=6046"}],"wp:term":[{"taxonomy":"product_brand","embeddable":true,"href":"https:\/\/lumierediamonds.eu\/de\/wp-json\/wp\/v2\/product_brand?post=6046"},{"taxonomy":"product_cat","embeddable":true,"href":"https:\/\/lumierediamonds.eu\/de\/wp-json\/wp\/v2\/product_cat?post=6046"},{"taxonomy":"product_tag","embeddable":true,"href":"https:\/\/lumierediamonds.eu\/de\/wp-json\/wp\/v2\/product_tag?post=6046"}],"curies":[{"name":"wp","href":"https:\/\/api.w.org\/{rel}","templated":true}]}}