{"id":6260,"date":"2024-11-30T16:45:16","date_gmt":"2024-11-30T15:45:16","guid":{"rendered":"https:\/\/lumierediamonds.eu\/?post_type=product&#038;p=6260"},"modified":"2025-11-17T13:56:26","modified_gmt":"2025-11-17T12:56:26","slug":"eterna-ohrstecker-mit-diamanten-im-ovalschliff","status":"publish","type":"product","link":"https:\/\/lumierediamonds.eu\/de\/product\/eterna-ohrstecker-mit-diamanten-im-ovalschliff\/","title":{"rendered":"Eterna Ohrstecker mit Diamanten im Ovalschliff"},"content":{"rendered":"<p data-start=\"179\" data-end=\"450\">Elegant und best\u00e4ndig, das <strong data-start=\"205\" data-end=\"246\">Eterna Ohrstecker mit Diamanten im Ovalschliff<\/strong> verleihen einem beliebten Klassiker einen raffinierten Touch. Jeder Ohrstecker ist mit einem oval geschliffenen, im Labor gez\u00fcchteten Diamanten besetzt, der in einer zeitlosen Vierfach-Fassung gehalten wird, die die anmutige Silhouette und nat\u00fcrliche Brillanz des Steins unterstreicht.<\/p>\n<p data-start=\"452\" data-end=\"683\" data-is-last-node=\"\" data-is-only-node=\"\">Sie sind aus 18 Karat Gelbgold gefertigt und in IGI-zertifizierten Gr\u00f6\u00dfen von 0,3 bis 3 Karat erh\u00e4ltlich. Ob Sie nun einen dezenten Akzent oder ein auff\u00e4lligeres Statement bevorzugen, dieses unverzichtbare Paar bietet vielseitige Raffinesse f\u00fcr jeden Anlass.<\/p>","protected":false},"excerpt":{"rendered":"<p data-start=\"179\" data-end=\"450\">Elegant und best\u00e4ndig, das <strong data-start=\"205\" data-end=\"246\">Eterna Ohrstecker mit Diamanten im Ovalschliff<\/strong> verleihen einem beliebten Klassiker einen raffinierten Touch. Jeder Ohrstecker ist mit einem oval geschliffenen, im Labor gez\u00fcchteten Diamanten besetzt, der in einer zeitlosen Vierfach-Fassung gehalten wird, die die anmutige Silhouette und nat\u00fcrliche Brillanz des Steins unterstreicht.<\/p>\n<p data-start=\"452\" data-end=\"683\" data-is-last-node=\"\" data-is-only-node=\"\">Sie sind aus 18 Karat Gelbgold gefertigt und in IGI-zertifizierten Gr\u00f6\u00dfen von 0,3 bis 3 Karat erh\u00e4ltlich. Ob Sie nun einen dezenten Akzent oder ein auff\u00e4lligeres Statement bevorzugen, dieses unverzichtbare Paar bietet vielseitige Raffinesse f\u00fcr jeden Anlass.<\/p>","protected":false},"featured_media":6310,"template":"","meta":{"_acf_changed":false},"product_brand":[],"product_cat":[54,760],"product_tag":[201,205,202,184,210,212,211,203,204,185],"class_list":{"0":"post-6260","1":"product","2":"type-product","3":"status-publish","4":"has-post-thumbnail","6":"product_cat-earrings","7":"product_cat-stud-earrings","8":"product_tag-diamond-earrings","9":"product_tag-diamond-studs","10":"product_tag-earrings","11":"product_tag-lab-grown-diamond","12":"product_tag-oval-cut","13":"product_tag-oval-diamond","14":"product_tag-oval-earrings","15":"product_tag-stud-earrings","16":"product_tag-studs","17":"product_tag-vvs1","18":"pa_metal-yellow-gold","20":"first","21":"instock","22":"taxable","23":"shipping-taxable","24":"purchasable","25":"product-type-variable"},"acf":[],"jetpack_sharing_enabled":true,"_links":{"self":[{"href":"https:\/\/lumierediamonds.eu\/de\/wp-json\/wp\/v2\/product\/6260","targetHints":{"allow":["GET"]}}],"collection":[{"href":"https:\/\/lumierediamonds.eu\/de\/wp-json\/wp\/v2\/product"}],"about":[{"href":"https:\/\/lumierediamonds.eu\/de\/wp-json\/wp\/v2\/types\/product"}],"version-history":[{"count":9,"href":"https:\/\/lumierediamonds.eu\/de\/wp-json\/wp\/v2\/product\/6260\/revisions"}],"predecessor-version":[{"id":11482,"href":"https:\/\/lumierediamonds.eu\/de\/wp-json\/wp\/v2\/product\/6260\/revisions\/11482"}],"wp:featuredmedia":[{"embeddable":true,"href":"https:\/\/lumierediamonds.eu\/de\/wp-json\/wp\/v2\/media\/6310"}],"wp:attachment":[{"href":"https:\/\/lumierediamonds.eu\/de\/wp-json\/wp\/v2\/media?parent=6260"}],"wp:term":[{"taxonomy":"product_brand","embeddable":true,"href":"https:\/\/lumierediamonds.eu\/de\/wp-json\/wp\/v2\/product_brand?post=6260"},{"taxonomy":"product_cat","embeddable":true,"href":"https:\/\/lumierediamonds.eu\/de\/wp-json\/wp\/v2\/product_cat?post=6260"},{"taxonomy":"product_tag","embeddable":true,"href":"https:\/\/lumierediamonds.eu\/de\/wp-json\/wp\/v2\/product_tag?post=6260"}],"curies":[{"name":"wp","href":"https:\/\/api.w.org\/{rel}","templated":true}]}}