{"id":6438,"date":"2024-12-01T13:35:35","date_gmt":"2024-12-01T12:35:35","guid":{"rendered":"https:\/\/lumierediamonds.eu\/?post_type=product&#038;p=6438"},"modified":"2025-07-23T18:21:44","modified_gmt":"2025-07-23T16:21:44","slug":"celeste-hoops-diamantohrringe","status":"publish","type":"product","link":"https:\/\/lumierediamonds.eu\/de\/product\/celeste-hoops-diamantohrringe\/","title":{"rendered":"Celeste Hoops Diamantohrringe"},"content":{"rendered":"<p data-start=\"527\" data-end=\"820\">Ein moderner Klassiker mit strahlender Pr\u00e4senz.<\/p>\n<p data-start=\"527\" data-end=\"820\">Das <strong data-start=\"572\" data-end=\"605\">Celeste Diamant-Creolen<\/strong> sind aus 18 Karat Gelb- oder Wei\u00dfgold gefertigt und mit einer durchgehenden Reihe von im Labor gez\u00fcchteten Diamanten besetzt, die f\u00fcr raffinierten Glanz und Brillanz sorgen. Leicht und poliert verleihen sie jedem Look \u2013 tags\u00fcber oder abends \u2013 einen eleganten Touch. Erh\u00e4ltlich in Gesamtkaratgewichten von 1 bis 7 Karat, alle IGI-zertifiziert.<\/p>\n<p data-start=\"527\" data-end=\"820\">Ein zeitloses Statement, das sowohl den Alltagsstil als auch besondere Momente aufwertet.<\/p>","protected":false},"excerpt":{"rendered":"<p data-start=\"527\" data-end=\"820\">Ein moderner Klassiker mit strahlender Pr\u00e4senz.<\/p>\n<p data-start=\"527\" data-end=\"820\">Das <strong data-start=\"572\" data-end=\"605\">Celeste Diamant-Creolen<\/strong> sind aus 18 Karat Gelb- oder Wei\u00dfgold gefertigt und mit einer durchgehenden Reihe von im Labor gez\u00fcchteten Diamanten besetzt, die f\u00fcr raffinierten Glanz und Brillanz sorgen. Leicht und poliert verleihen sie jedem Look \u2013 tags\u00fcber oder abends \u2013 einen eleganten Touch. Erh\u00e4ltlich in Gesamtkaratgewichten von 1 bis 7 Karat, alle IGI-zertifiziert.<\/p>\n<p data-start=\"527\" data-end=\"820\">Ein zeitloses Statement, das sowohl den Alltagsstil als auch besondere Momente aufwertet.<\/p>","protected":false},"featured_media":6461,"template":"","meta":{"_acf_changed":false},"product_brand":[],"product_cat":[54],"product_tag":[201,220,202,218,219,184,185],"class_list":{"0":"post-6438","1":"product","2":"type-product","3":"status-publish","4":"has-post-thumbnail","6":"product_cat-earrings","7":"product_tag-diamond-earrings","8":"product_tag-diamond-hoops","9":"product_tag-earrings","10":"product_tag-hoop-earrings","11":"product_tag-hoops","12":"product_tag-lab-grown-diamond","13":"product_tag-vvs1","14":"pa_metal-white-gold","15":"pa_metal-yellow-gold","17":"first","18":"instock","19":"taxable","20":"shipping-taxable","21":"purchasable","22":"product-type-variable"},"acf":[],"jetpack_sharing_enabled":true,"_links":{"self":[{"href":"https:\/\/lumierediamonds.eu\/de\/wp-json\/wp\/v2\/product\/6438","targetHints":{"allow":["GET"]}}],"collection":[{"href":"https:\/\/lumierediamonds.eu\/de\/wp-json\/wp\/v2\/product"}],"about":[{"href":"https:\/\/lumierediamonds.eu\/de\/wp-json\/wp\/v2\/types\/product"}],"version-history":[{"count":6,"href":"https:\/\/lumierediamonds.eu\/de\/wp-json\/wp\/v2\/product\/6438\/revisions"}],"predecessor-version":[{"id":9983,"href":"https:\/\/lumierediamonds.eu\/de\/wp-json\/wp\/v2\/product\/6438\/revisions\/9983"}],"wp:featuredmedia":[{"embeddable":true,"href":"https:\/\/lumierediamonds.eu\/de\/wp-json\/wp\/v2\/media\/6461"}],"wp:attachment":[{"href":"https:\/\/lumierediamonds.eu\/de\/wp-json\/wp\/v2\/media?parent=6438"}],"wp:term":[{"taxonomy":"product_brand","embeddable":true,"href":"https:\/\/lumierediamonds.eu\/de\/wp-json\/wp\/v2\/product_brand?post=6438"},{"taxonomy":"product_cat","embeddable":true,"href":"https:\/\/lumierediamonds.eu\/de\/wp-json\/wp\/v2\/product_cat?post=6438"},{"taxonomy":"product_tag","embeddable":true,"href":"https:\/\/lumierediamonds.eu\/de\/wp-json\/wp\/v2\/product_tag?post=6438"}],"curies":[{"name":"wp","href":"https:\/\/api.w.org\/{rel}","templated":true}]}}