{"id":6555,"date":"2024-12-03T12:13:32","date_gmt":"2024-12-03T11:13:32","guid":{"rendered":"https:\/\/lumierediamonds.eu\/?post_type=product&#038;p=6555"},"modified":"2025-10-24T13:47:25","modified_gmt":"2025-10-24T11:47:25","slug":"porta-ohrringe-mit-diamanten","status":"publish","type":"product","link":"https:\/\/lumierediamonds.eu\/de\/product\/porta-ohrringe-mit-diamanten\/","title":{"rendered":"Porta Dangle Diamantohrringe"},"content":{"rendered":"<p data-start=\"121\" data-end=\"423\">Moderne Linienf\u00fchrung. Auff\u00e4lliger Glanz.<\/p>\n<p data-start=\"121\" data-end=\"423\">Das <strong data-start=\"159\" data-end=\"192\">Porta Dangle Diamantohrringe<\/strong> Setzen Sie ein selbstbewusstes Statement mit ineinandergreifenden rechteckigen Gliedern, die mit 2 Karat laborgrown Diamanten im Pav\u00e9-Setting besetzt sind. Die aus 18 Karat Gelb- oder Wei\u00dfgold gefertigten Glieder verbinden mit ihrer klaren Geometrie Struktur und Brillanz auf m\u00fchelose Weise.<\/p>\n<p data-start=\"425\" data-end=\"540\">Entworfen, um sowohl Alltagslooks als auch Abendgarderobe aufzuwerten, bieten sie raffinierten Glamour mit architektonischem Touch.<\/p>","protected":false},"excerpt":{"rendered":"<p data-start=\"121\" data-end=\"423\">Moderne Linienf\u00fchrung. Auff\u00e4lliger Glanz.<\/p>\n<p data-start=\"121\" data-end=\"423\">Das <strong data-start=\"159\" data-end=\"192\">Porta Dangle Diamantohrringe<\/strong> Setzen Sie ein selbstbewusstes Statement mit ineinandergreifenden rechteckigen Gliedern, die mit 2 Karat laborgrown Diamanten im Pav\u00e9-Setting besetzt sind. Die aus 18 Karat Gelb- oder Wei\u00dfgold gefertigten Glieder verbinden mit ihrer klaren Geometrie Struktur und Brillanz auf m\u00fchelose Weise.<\/p>\n<p data-start=\"425\" data-end=\"540\">Entworfen, um sowohl Alltagslooks als auch Abendgarderobe aufzuwerten, bieten sie raffinierten Glamour mit architektonischem Touch.<\/p>","protected":false},"featured_media":6558,"template":"","meta":{"_acf_changed":false},"product_brand":[],"product_cat":[761,54],"product_tag":[222,223,201,202,184,185],"class_list":{"0":"post-6555","1":"product","2":"type-product","3":"status-publish","4":"has-post-thumbnail","6":"product_cat-drop-earrings","7":"product_cat-earrings","8":"product_tag-dangle-earrings","9":"product_tag-dangles","10":"product_tag-diamond-earrings","11":"product_tag-earrings","12":"product_tag-lab-grown-diamond","13":"product_tag-vvs1","14":"pa_metal-white-gold","15":"pa_metal-yellow-gold","17":"first","18":"instock","19":"taxable","20":"shipping-taxable","21":"purchasable","22":"product-type-variable","23":"has-default-attributes"},"acf":[],"jetpack_sharing_enabled":true,"_links":{"self":[{"href":"https:\/\/lumierediamonds.eu\/de\/wp-json\/wp\/v2\/product\/6555","targetHints":{"allow":["GET"]}}],"collection":[{"href":"https:\/\/lumierediamonds.eu\/de\/wp-json\/wp\/v2\/product"}],"about":[{"href":"https:\/\/lumierediamonds.eu\/de\/wp-json\/wp\/v2\/types\/product"}],"version-history":[{"count":8,"href":"https:\/\/lumierediamonds.eu\/de\/wp-json\/wp\/v2\/product\/6555\/revisions"}],"predecessor-version":[{"id":11493,"href":"https:\/\/lumierediamonds.eu\/de\/wp-json\/wp\/v2\/product\/6555\/revisions\/11493"}],"wp:featuredmedia":[{"embeddable":true,"href":"https:\/\/lumierediamonds.eu\/de\/wp-json\/wp\/v2\/media\/6558"}],"wp:attachment":[{"href":"https:\/\/lumierediamonds.eu\/de\/wp-json\/wp\/v2\/media?parent=6555"}],"wp:term":[{"taxonomy":"product_brand","embeddable":true,"href":"https:\/\/lumierediamonds.eu\/de\/wp-json\/wp\/v2\/product_brand?post=6555"},{"taxonomy":"product_cat","embeddable":true,"href":"https:\/\/lumierediamonds.eu\/de\/wp-json\/wp\/v2\/product_cat?post=6555"},{"taxonomy":"product_tag","embeddable":true,"href":"https:\/\/lumierediamonds.eu\/de\/wp-json\/wp\/v2\/product_tag?post=6555"}],"curies":[{"name":"wp","href":"https:\/\/api.w.org\/{rel}","templated":true}]}}