{"id":7749,"date":"2025-01-04T12:23:24","date_gmt":"2025-01-04T11:23:24","guid":{"rendered":"https:\/\/lumierediamonds.eu\/?post_type=product&#038;p=7749"},"modified":"2025-12-10T14:12:43","modified_gmt":"2025-12-10T13:12:43","slug":"aurora-zweifarbiges-diamant-papierklammerarmband","status":"publish","type":"product","link":"https:\/\/lumierediamonds.eu\/de\/product\/aurora-zweifarbiges-diamant-papierklammerarmband\/","title":{"rendered":"Aurora zweifarbiges Diamant-Papierklammer-Armband"},"content":{"rendered":"<p class=\"p1\">Ein moderner Klassiker mit Kontrast und Charakter.<\/p>\n<p class=\"p1\"><b><\/b>Das <strong>Aurora zweifarbiges Diamant-Papierklammer-Armband<\/strong> interpretiert das zeitlose Tennis-Design mit einem auff\u00e4lligen zweifarbigen Twist neu. Eine leuchtende Reihe von im Labor gez\u00fcchteten Diamanten \u2013 insgesamt 1,0 Karat \u2013 bildet einen eleganten Kontrast zu den polierten Gliedern aus 18 Karat Gelbgold und sorgt f\u00fcr ein auff\u00e4lliges Spiel aus Glanz und Struktur.<\/p>\n<p class=\"p2\">Die Silhouette aus verschiedenen Metallen bietet m\u00fchelose Vielseitigkeit und l\u00e4sst sich ebenso gut mit silberfarbenen Basics wie mit goldenen Lieblingsst\u00fccken kombinieren. Mit einem sicheren Karabinerverschluss versehen, bringt Aurora moderne Ausgewogenheit in Ihre Schmuckgarderobe \u2013 raffiniert f\u00fcr sich allein, strahlend im Set.<\/p>","protected":false},"excerpt":{"rendered":"<p class=\"p1\">Ein moderner Klassiker mit Kontrast und Charakter.<\/p>\n<p class=\"p1\"><b><\/b>Das <strong>Aurora zweifarbiges Diamant-Papierklammer-Armband<\/strong> interpretiert das zeitlose Tennisdesign mit einer k\u00fchnen, zweifarbigen Variante neu. Eine leuchtende Reihe von im Labor gez\u00fcchteten Diamanten - insgesamt 1,0 Karat - bildet einen eleganten Kontrast zu den polierten Gliedern der B\u00fcroklammer aus 18 Karat Gelbgold und sorgt f\u00fcr ein auff\u00e4lliges Spiel aus Glanz und Struktur.<\/p>\n<p class=\"p2\">Die Silhouette aus gemischtem Metall bietet m\u00fchelose Vielseitigkeit und l\u00e4sst sich mit silberfarbenen Schmuckst\u00fccken ebenso gut kombinieren wie mit goldenen. Aurora ist mit einem sicheren Karabinerverschluss versehen und bringt ein modernes Gleichgewicht in Ihre Schmuckgarderobe - raffiniert als Einzelst\u00fcck und strahlend in einem Stapel.<\/p>","protected":false},"featured_media":7750,"template":"","meta":{"_acf_changed":false},"product_brand":[],"product_cat":[55,1379,1336],"product_tag":[231,237,235,243],"class_list":{"0":"post-7749","1":"product","2":"type-product","3":"status-publish","4":"has-post-thumbnail","6":"product_cat-bracelets","7":"product_cat-paperclip-bracelets","8":"product_cat-tennis-bracelets","9":"product_tag-bracelet","10":"product_tag-diamond-bracelet","11":"product_tag-paperclip-bracelet","12":"product_tag-tennis-bracelet","14":"first","15":"instock","16":"featured","17":"taxable","18":"shipping-taxable","19":"purchasable","20":"product-type-simple"},"acf":[],"jetpack_sharing_enabled":true,"_links":{"self":[{"href":"https:\/\/lumierediamonds.eu\/de\/wp-json\/wp\/v2\/product\/7749","targetHints":{"allow":["GET"]}}],"collection":[{"href":"https:\/\/lumierediamonds.eu\/de\/wp-json\/wp\/v2\/product"}],"about":[{"href":"https:\/\/lumierediamonds.eu\/de\/wp-json\/wp\/v2\/types\/product"}],"version-history":[{"count":4,"href":"https:\/\/lumierediamonds.eu\/de\/wp-json\/wp\/v2\/product\/7749\/revisions"}],"predecessor-version":[{"id":11508,"href":"https:\/\/lumierediamonds.eu\/de\/wp-json\/wp\/v2\/product\/7749\/revisions\/11508"}],"wp:featuredmedia":[{"embeddable":true,"href":"https:\/\/lumierediamonds.eu\/de\/wp-json\/wp\/v2\/media\/7750"}],"wp:attachment":[{"href":"https:\/\/lumierediamonds.eu\/de\/wp-json\/wp\/v2\/media?parent=7749"}],"wp:term":[{"taxonomy":"product_brand","embeddable":true,"href":"https:\/\/lumierediamonds.eu\/de\/wp-json\/wp\/v2\/product_brand?post=7749"},{"taxonomy":"product_cat","embeddable":true,"href":"https:\/\/lumierediamonds.eu\/de\/wp-json\/wp\/v2\/product_cat?post=7749"},{"taxonomy":"product_tag","embeddable":true,"href":"https:\/\/lumierediamonds.eu\/de\/wp-json\/wp\/v2\/product_tag?post=7749"}],"curies":[{"name":"wp","href":"https:\/\/api.w.org\/{rel}","templated":true}]}}