{"id":7767,"date":"2025-01-04T13:08:45","date_gmt":"2025-01-04T12:08:45","guid":{"rendered":"https:\/\/lumierediamonds.eu\/?post_type=product&#038;p=7767"},"modified":"2025-12-10T14:08:46","modified_gmt":"2025-12-10T13:08:46","slug":"das-ikonische-diamant-tennisarmband","status":"publish","type":"product","link":"https:\/\/lumierediamonds.eu\/de\/product\/das-ikonische-diamant-tennisarmband\/","title":{"rendered":"Das Icon Diamond Tennisarmband"},"content":{"rendered":"<p class=\"p1\">Zeitlos, mit einem zeitgem\u00e4\u00dfen Touch.<b><\/b><\/p>\n<p class=\"p3\"><strong>Das Icon Diamond Tennisarmband<\/strong> Mit 2 Karat brillanten, im Labor gez\u00fcchteten Diamanten, die jeweils in einem klassischen Vierfach-Fassungsdesign gefasst sind, um das Licht zu reflektieren und den Glanz zu verst\u00e4rken. Die schlanke, flexible Struktur aus leuchtendem 18 Karat Wei\u00dfgold passt sich nat\u00fcrlich Ihrem Handgelenk an und sorgt den ganzen Tag \u00fcber f\u00fcr einen hohen Tragekomfort. Ein sicherer Kastenschlie\u00dfe h\u00e4lt das Armband an seinem Platz und macht es ebenso praktisch wie elegant.<\/p>\n<p class=\"p3\">Dies ist das Tennisarmband in seiner sch\u00f6nsten Form: raffiniert, strahlend und unendlich vielseitig. Tragen Sie es solo f\u00fcr einen dezenten Auftritt oder kombinieren Sie es mit anderen Schmuckst\u00fccken, um jeden Look aufzuwerten.<\/p>","protected":false},"excerpt":{"rendered":"<p class=\"p1\">Zeitlos, mit einem zeitgem\u00e4\u00dfen Touch.<b><\/b><\/p>\n<p class=\"p3\"><strong>Das Icon Diamond Tennisarmband<\/strong> Mit 2 Karat brillanten, im Labor gez\u00fcchteten Diamanten, die jeweils in einem klassischen Vierfach-Fassungsdesign gefasst sind, um das Licht zu reflektieren und den Glanz zu verst\u00e4rken. Die schlanke, flexible Struktur aus leuchtendem 18 Karat Wei\u00dfgold passt sich nat\u00fcrlich Ihrem Handgelenk an und sorgt den ganzen Tag \u00fcber f\u00fcr einen hohen Tragekomfort. Ein sicherer Kastenschlie\u00dfe h\u00e4lt das Armband an seinem Platz und macht es ebenso praktisch wie elegant.<\/p>\n<p class=\"p3\">Dies ist das Tennisarmband in seiner sch\u00f6nsten Form: raffiniert, strahlend und unendlich vielseitig. Tragen Sie es solo f\u00fcr einen dezenten Auftritt oder kombinieren Sie es mit anderen Schmuckst\u00fccken, um jeden Look aufzuwerten.<\/p>","protected":false},"featured_media":7768,"template":"","meta":{"_acf_changed":false},"product_brand":[],"product_cat":[55,1336],"product_tag":[369,231,368,237,245,367,366,362,364,365,243,363],"class_list":{"0":"post-7767","1":"product","2":"type-product","3":"status-publish","4":"has-post-thumbnail","6":"product_cat-bracelets","7":"product_cat-tennis-bracelets","8":"product_tag-2-carat-bracelet","9":"product_tag-bracelet","10":"product_tag-classic-tennis-bracelet","11":"product_tag-diamond-bracelet","12":"product_tag-diamond-tennis-bracelet","13":"product_tag-elegant-bracelets","14":"product_tag-everyday-luxury","15":"product_tag-four-prong-bracelet","16":"product_tag-lab-grown-diamonds","17":"product_tag-minimalist-bracelet","18":"product_tag-tennis-bracelet","19":"product_tag-white-gold-bracelet","20":"pa_metal-white-gold","22":"first","23":"instock","24":"taxable","25":"shipping-taxable","26":"purchasable","27":"product-type-simple"},"acf":[],"jetpack_sharing_enabled":true,"_links":{"self":[{"href":"https:\/\/lumierediamonds.eu\/de\/wp-json\/wp\/v2\/product\/7767","targetHints":{"allow":["GET"]}}],"collection":[{"href":"https:\/\/lumierediamonds.eu\/de\/wp-json\/wp\/v2\/product"}],"about":[{"href":"https:\/\/lumierediamonds.eu\/de\/wp-json\/wp\/v2\/types\/product"}],"version-history":[{"count":4,"href":"https:\/\/lumierediamonds.eu\/de\/wp-json\/wp\/v2\/product\/7767\/revisions"}],"predecessor-version":[{"id":11530,"href":"https:\/\/lumierediamonds.eu\/de\/wp-json\/wp\/v2\/product\/7767\/revisions\/11530"}],"wp:featuredmedia":[{"embeddable":true,"href":"https:\/\/lumierediamonds.eu\/de\/wp-json\/wp\/v2\/media\/7768"}],"wp:attachment":[{"href":"https:\/\/lumierediamonds.eu\/de\/wp-json\/wp\/v2\/media?parent=7767"}],"wp:term":[{"taxonomy":"product_brand","embeddable":true,"href":"https:\/\/lumierediamonds.eu\/de\/wp-json\/wp\/v2\/product_brand?post=7767"},{"taxonomy":"product_cat","embeddable":true,"href":"https:\/\/lumierediamonds.eu\/de\/wp-json\/wp\/v2\/product_cat?post=7767"},{"taxonomy":"product_tag","embeddable":true,"href":"https:\/\/lumierediamonds.eu\/de\/wp-json\/wp\/v2\/product_tag?post=7767"}],"curies":[{"name":"wp","href":"https:\/\/api.w.org\/{rel}","templated":true}]}}