{"id":7774,"date":"2025-01-04T14:09:09","date_gmt":"2025-01-04T13:09:09","guid":{"rendered":"https:\/\/lumierediamonds.eu\/?post_type=product&#038;p=7774"},"modified":"2025-12-10T14:08:59","modified_gmt":"2025-12-10T13:08:59","slug":"solana-diamant-halb-tennisarmband","status":"publish","type":"product","link":"https:\/\/lumierediamonds.eu\/de\/product\/solana-diamant-halb-tennisarmband\/","title":{"rendered":"Solana Diamant-Halb-Tennisarmband"},"content":{"rendered":"<p class=\"p1\">Anmutiger Schimmer, raffinierte Schlichtheit.<b><\/b><\/p>\n<p class=\"p3\">Das <strong>Solana Diamant-Halb-Tennisarmband<\/strong> verleiht allt\u00e4glichen Momenten m\u00fchelos Glanz. Das Design besticht durch eine schlanke, minimalistische Silhouette und eine feine Reihe von im Labor gez\u00fcchteten Diamanten, die in 18 Karat Wei\u00df- oder Gelbgold gefasst sind \u2013 eine moderne Interpretation des klassischen Tennis-Stils.<\/p>\n<p class=\"p3\">Solana ist mit einem Gesamtgewicht von 0,5 oder 1,0 Karat erh\u00e4ltlich und sorgt f\u00fcr genau den richtigen Hauch von Brillanz, egal ob im Set oder solo getragen. Eine verstellbare Kette sorgt f\u00fcr eine individuelle Passform und macht das Schmuckst\u00fcck vielseitig und elegant zugleich.<\/p>","protected":false},"excerpt":{"rendered":"<p class=\"p1\">Anmutiger Schimmer, raffinierte Schlichtheit.<b><\/b><\/p>\n<p class=\"p3\">Das <strong>Solana Diamant-Halb-Tennisarmband<\/strong> verleiht allt\u00e4glichen Momenten m\u00fchelos Glanz. Das Design besticht durch eine schlanke, minimalistische Silhouette und eine feine Reihe von im Labor gez\u00fcchteten Diamanten, die in 18 Karat Wei\u00df- oder Gelbgold gefasst sind \u2013 eine moderne Interpretation des klassischen Tennis-Stils.<\/p>\n<p class=\"p3\">Solana ist mit einem Gesamtgewicht von 0,5 oder 1,0 Karat erh\u00e4ltlich und sorgt f\u00fcr genau den richtigen Hauch von Brillanz, egal ob im Set oder solo getragen. Eine verstellbare Kette sorgt f\u00fcr eine individuelle Passform und macht das Schmuckst\u00fcck vielseitig und elegant zugleich.<\/p>","protected":false},"featured_media":7786,"template":"","meta":{"_acf_changed":false},"product_brand":[],"product_cat":[55,1336],"product_tag":[373,231,368,237,245,367,372,366,362,370,364,365,243,363,371],"class_list":{"0":"post-7774","1":"product","2":"type-product","3":"status-publish","4":"has-post-thumbnail","6":"product_cat-bracelets","7":"product_cat-tennis-bracelets","8":"product_tag-adjustable-bracelet","9":"product_tag-bracelet","10":"product_tag-classic-tennis-bracelet","11":"product_tag-diamond-bracelet","12":"product_tag-diamond-tennis-bracelet","13":"product_tag-elegant-bracelets","14":"product_tag-elegant-jewelry","15":"product_tag-everyday-luxury","16":"product_tag-four-prong-bracelet","17":"product_tag-half-tennis-bracelet","18":"product_tag-lab-grown-diamonds","19":"product_tag-minimalist-bracelet","20":"product_tag-tennis-bracelet","21":"product_tag-white-gold-bracelet","22":"product_tag-yellow-gold-bracelet","23":"pa_metal-white-gold","24":"pa_metal-yellow-gold","26":"first","27":"instock","28":"taxable","29":"shipping-taxable","30":"purchasable","31":"product-type-variable"},"acf":[],"jetpack_sharing_enabled":true,"_links":{"self":[{"href":"https:\/\/lumierediamonds.eu\/de\/wp-json\/wp\/v2\/product\/7774","targetHints":{"allow":["GET"]}}],"collection":[{"href":"https:\/\/lumierediamonds.eu\/de\/wp-json\/wp\/v2\/product"}],"about":[{"href":"https:\/\/lumierediamonds.eu\/de\/wp-json\/wp\/v2\/types\/product"}],"version-history":[{"count":4,"href":"https:\/\/lumierediamonds.eu\/de\/wp-json\/wp\/v2\/product\/7774\/revisions"}],"predecessor-version":[{"id":10132,"href":"https:\/\/lumierediamonds.eu\/de\/wp-json\/wp\/v2\/product\/7774\/revisions\/10132"}],"wp:featuredmedia":[{"embeddable":true,"href":"https:\/\/lumierediamonds.eu\/de\/wp-json\/wp\/v2\/media\/7786"}],"wp:attachment":[{"href":"https:\/\/lumierediamonds.eu\/de\/wp-json\/wp\/v2\/media?parent=7774"}],"wp:term":[{"taxonomy":"product_brand","embeddable":true,"href":"https:\/\/lumierediamonds.eu\/de\/wp-json\/wp\/v2\/product_brand?post=7774"},{"taxonomy":"product_cat","embeddable":true,"href":"https:\/\/lumierediamonds.eu\/de\/wp-json\/wp\/v2\/product_cat?post=7774"},{"taxonomy":"product_tag","embeddable":true,"href":"https:\/\/lumierediamonds.eu\/de\/wp-json\/wp\/v2\/product_tag?post=7774"}],"curies":[{"name":"wp","href":"https:\/\/api.w.org\/{rel}","templated":true}]}}