{"id":8023,"date":"2025-01-08T23:49:00","date_gmt":"2025-01-08T22:49:00","guid":{"rendered":"https:\/\/lumierediamonds.eu\/?post_type=product&#038;p=8023"},"modified":"2025-01-12T19:47:11","modified_gmt":"2025-01-12T18:47:11","slug":"das-harmony-twist-diamantband","status":"publish","type":"product","link":"https:\/\/lumierediamonds.eu\/de\/product\/das-harmony-twist-diamantband\/","title":{"rendered":"Das Harmony Twist Diamantband"},"content":{"rendered":"<p class=\"p1\">Feiern Sie zeitlose Eleganz mit dem <strong>Harmonie<\/strong><b>\u00a0Twist-Diamant-Ewigkeitsring<\/b>, ein raffiniertes Symbol f\u00fcr ewige Liebe. Dieses exquisite Schmuckst\u00fcck besticht durch sein filigranes, ineinander verschlungenes Design, bei dem poliertes Gold mit einem funkelnden Band aus reinsten, im Labor gez\u00fcchteten Diamanten kombiniert wird, das sich um den gesamten Ring wickelt. Ob als Ehering, Jubil\u00e4umsring oder kombinierbares Schmuckst\u00fcck \u2013 seine moderne Eleganz und langlebige Handwerkskunst machen ihn zur perfekten Erg\u00e4nzung Ihrer edlen Schmuckkollektion.<\/p>","protected":false},"excerpt":{"rendered":"<p>Feiern Sie zeitlose Eleganz mit dem <strong>Harmonie<\/strong><b>\u00a0Twist-Diamant-Ewigkeitsring<\/b>, ein raffiniertes Symbol f\u00fcr ewige Liebe. Dieses exquisite Schmuckst\u00fcck besticht durch sein filigranes, ineinander verschlungenes Design, bei dem poliertes Gold mit einem funkelnden Band aus reinsten, im Labor gez\u00fcchteten Diamanten kombiniert wird, das sich um den gesamten Ring wickelt. Ob als Ehering, Jubil\u00e4umsring oder kombinierbares Schmuckst\u00fcck \u2013 seine moderne Eleganz und langlebige Handwerkskunst machen ihn zur perfekten Erg\u00e4nzung Ihrer edlen Schmuckkollektion.<\/p>","protected":false},"featured_media":8025,"template":"","meta":{"_acf_changed":false},"product_brand":[],"product_cat":[251,52,57],"product_tag":[424,433,430,432,431,429,423,426,427,435,434,428,425],"class_list":{"0":"post-8023","1":"product","2":"type-product","3":"status-publish","4":"has-post-thumbnail","6":"product_cat-eternity-bands","7":"product_cat-rings","8":"product_cat-wedding-bands","9":"product_tag-18k-white-gold-eternity-ring","10":"product_tag-elegant-anniversary-ring","11":"product_tag-lab-grown-diamond-eternity-band","12":"product_tag-minimalist-diamond-ring","13":"product_tag-modern-wedding-ring","14":"product_tag-pave-diamond-ring","15":"product_tag-petite-diamond-eternity-ring","16":"product_tag-rose-gold-diamond-band","17":"product_tag-stackable-diamond-ring","18":"product_tag-twist-eternity-ring","19":"product_tag-twist-ring","20":"product_tag-twisted-diamond-ring","21":"product_tag-yellow-gold-twist-ring","22":"pa_metal-rose-gold","23":"pa_metal-white-gold","24":"pa_metal-yellow-gold","26":"first","27":"instock","28":"featured","29":"taxable","30":"shipping-taxable","31":"purchasable","32":"product-type-variable"},"acf":[],"jetpack_sharing_enabled":true,"_links":{"self":[{"href":"https:\/\/lumierediamonds.eu\/de\/wp-json\/wp\/v2\/product\/8023","targetHints":{"allow":["GET"]}}],"collection":[{"href":"https:\/\/lumierediamonds.eu\/de\/wp-json\/wp\/v2\/product"}],"about":[{"href":"https:\/\/lumierediamonds.eu\/de\/wp-json\/wp\/v2\/types\/product"}],"version-history":[{"count":1,"href":"https:\/\/lumierediamonds.eu\/de\/wp-json\/wp\/v2\/product\/8023\/revisions"}],"predecessor-version":[{"id":8048,"href":"https:\/\/lumierediamonds.eu\/de\/wp-json\/wp\/v2\/product\/8023\/revisions\/8048"}],"wp:featuredmedia":[{"embeddable":true,"href":"https:\/\/lumierediamonds.eu\/de\/wp-json\/wp\/v2\/media\/8025"}],"wp:attachment":[{"href":"https:\/\/lumierediamonds.eu\/de\/wp-json\/wp\/v2\/media?parent=8023"}],"wp:term":[{"taxonomy":"product_brand","embeddable":true,"href":"https:\/\/lumierediamonds.eu\/de\/wp-json\/wp\/v2\/product_brand?post=8023"},{"taxonomy":"product_cat","embeddable":true,"href":"https:\/\/lumierediamonds.eu\/de\/wp-json\/wp\/v2\/product_cat?post=8023"},{"taxonomy":"product_tag","embeddable":true,"href":"https:\/\/lumierediamonds.eu\/de\/wp-json\/wp\/v2\/product_tag?post=8023"}],"curies":[{"name":"wp","href":"https:\/\/api.w.org\/{rel}","templated":true}]}}