{"id":8123,"date":"2025-01-09T10:26:40","date_gmt":"2025-01-09T09:26:40","guid":{"rendered":"https:\/\/lumierediamonds.eu\/?post_type=product&#038;p=8123"},"modified":"2025-11-17T14:36:09","modified_gmt":"2025-11-17T13:36:09","slug":"kristall-asscher-diamant-ring","status":"publish","type":"product","link":"https:\/\/lumierediamonds.eu\/de\/product\/kristall-asscher-diamant-ring\/","title":{"rendered":"Cristal Asscher Cut Diamantring"},"content":{"rendered":"<p>Schlank, elegant und voller Brillanz, die <b>Cristal Asscher Cut Diamantring<\/b> ist so gestaltet, dass es eine subtile und dennoch auff\u00e4llige Aussage macht. Besetzt mit sechs Asscher-geschliffenen, im Labor gez\u00fcchteten Diamanten mit einem Gesamtgewicht von 1,25 Karat, wurde jeder Stein aufgrund seiner au\u00dfergew\u00f6hnlichen Reinheit und Brillanz von Hand ausgew\u00e4hlt.<\/p>\n<p>Das Band ist in 18 Karat Wei\u00df-, Gelb- oder Ros\u00e9gold erh\u00e4ltlich und so durchdacht gestaltet, dass die Diamanten nur auf der Oberseite sitzen \u2013 f\u00fcr ganzt\u00e4gigen Tragekomfort ohne Kanten, die in die Finger dr\u00fccken. Ob als Ehering, Jubil\u00e4umsgeschenk oder zeitloses Schmuckst\u00fcck f\u00fcr den Alltag: Cristal bietet eine raffinierte Balance zwischen Komfort und Strahlkraft.<\/p>","protected":false},"excerpt":{"rendered":"<p>Schlank, elegant und voller Brillanz, die <b>Cristal Asscher Cut Diamantring<\/b> ist so gestaltet, dass es eine subtile und dennoch auff\u00e4llige Aussage macht. Besetzt mit sechs Asscher-geschliffenen, im Labor gez\u00fcchteten Diamanten mit einem Gesamtgewicht von 1,25 Karat, wurde jeder Stein aufgrund seiner au\u00dfergew\u00f6hnlichen Reinheit und Brillanz von Hand ausgew\u00e4hlt.<\/p>\n<p>Das Band ist in 18 Karat Wei\u00df-, Gelb- oder Ros\u00e9gold erh\u00e4ltlich und so durchdacht gestaltet, dass die Diamanten nur auf der Oberseite sitzen \u2013 f\u00fcr ganzt\u00e4gigen Tragekomfort ohne Kanten, die in die Finger dr\u00fccken. Ob als Ehering, Jubil\u00e4umsgeschenk oder zeitloses Schmuckst\u00fcck f\u00fcr den Alltag: Cristal bietet eine raffinierte Balance zwischen Komfort und Strahlkraft.<\/p>","protected":false},"featured_media":8126,"template":"","meta":{"_acf_changed":false},"product_brand":[],"product_cat":[58,251,23,52,57],"product_tag":[495,439,493,440,412,496,456,447,448,498,454,497,494,445],"class_list":{"0":"post-8123","1":"product","2":"type-product","3":"status-publish","4":"has-post-thumbnail","6":"product_cat-casual-rings","7":"product_cat-eternity-bands","8":"product_cat-love-engagement","9":"product_cat-rings","10":"product_cat-wedding-bands","11":"product_tag-18k-white-gold-band","12":"product_tag-anniversary-diamond-ring","13":"product_tag-asscher-cut-diamond-band","14":"product_tag-elegant-diamond-band","15":"product_tag-fine-jewelry-for-women","16":"product_tag-geometric-diamond-ring","17":"product_tag-half-eternity","18":"product_tag-half-eternity-band","19":"product_tag-half-eternity-ring","20":"product_tag-lab-grown-diamond-jewelry","21":"product_tag-luxury-diamond-band","22":"product_tag-modern-wedding-band","23":"product_tag-six-stone-diamond-ring","24":"product_tag-timeless-diamond-ring","25":"pa_metal-white-gold","27":"first","28":"instock","29":"taxable","30":"shipping-taxable","31":"purchasable","32":"product-type-variable"},"acf":[],"jetpack_sharing_enabled":true,"_links":{"self":[{"href":"https:\/\/lumierediamonds.eu\/de\/wp-json\/wp\/v2\/product\/8123","targetHints":{"allow":["GET"]}}],"collection":[{"href":"https:\/\/lumierediamonds.eu\/de\/wp-json\/wp\/v2\/product"}],"about":[{"href":"https:\/\/lumierediamonds.eu\/de\/wp-json\/wp\/v2\/types\/product"}],"version-history":[{"count":4,"href":"https:\/\/lumierediamonds.eu\/de\/wp-json\/wp\/v2\/product\/8123\/revisions"}],"predecessor-version":[{"id":11346,"href":"https:\/\/lumierediamonds.eu\/de\/wp-json\/wp\/v2\/product\/8123\/revisions\/11346"}],"wp:featuredmedia":[{"embeddable":true,"href":"https:\/\/lumierediamonds.eu\/de\/wp-json\/wp\/v2\/media\/8126"}],"wp:attachment":[{"href":"https:\/\/lumierediamonds.eu\/de\/wp-json\/wp\/v2\/media?parent=8123"}],"wp:term":[{"taxonomy":"product_brand","embeddable":true,"href":"https:\/\/lumierediamonds.eu\/de\/wp-json\/wp\/v2\/product_brand?post=8123"},{"taxonomy":"product_cat","embeddable":true,"href":"https:\/\/lumierediamonds.eu\/de\/wp-json\/wp\/v2\/product_cat?post=8123"},{"taxonomy":"product_tag","embeddable":true,"href":"https:\/\/lumierediamonds.eu\/de\/wp-json\/wp\/v2\/product_tag?post=8123"}],"curies":[{"name":"wp","href":"https:\/\/api.w.org\/{rel}","templated":true}]}}