{"id":8233,"date":"2025-01-11T17:24:56","date_gmt":"2025-01-11T16:24:56","guid":{"rendered":"https:\/\/lumierediamonds.eu\/?post_type=product&#038;p=8233"},"modified":"2025-05-31T14:20:01","modified_gmt":"2025-05-31T12:20:01","slug":"das-doppelte-harmonie-twist-diamantband","status":"publish","type":"product","link":"https:\/\/lumierediamonds.eu\/de\/product\/das-doppelte-harmonie-twist-diamantband\/","title":{"rendered":"Das doppelte Harmonie-Twist-Diamantband"},"content":{"rendered":"<p class=\"p1\">Werten Sie Ihre Schmuckkollektion mit dem <b>Doppelte Harmonie-Drehung mit Diamanteinsatz<\/b>, eine kunstvolle Erweiterung des beliebten <a href=\"https:\/\/lumierediamonds.eu\/de\/product\/das-harmony-twist-diamantband\/\">Harmony Twist Diamantband<\/a>. Dieses Design zeichnet sich durch zwei ineinander verschlungene B\u00e4nder aus poliertem Gold aus, die elegant mit funkelnden, im Labor gez\u00fcchteten Diamanten besetzt sind und ein faszinierendes Spiel aus Bewegung und Glanz erzeugen.<\/p>\n<p class=\"p1\">Dieses vielseitige Schmuckst\u00fcck kann als Ehering, Jubil\u00e4umsring oder in Kombination mit anderen Ringen f\u00fcr einen auff\u00e4lligen und dennoch eleganten Look getragen werden. Mit seiner modernen Raffinesse und zeitlosen Handwerkskunst ist der Double Harmony Twist Diamond Band ein strahlender Ausdruck Ihrer sch\u00f6nsten Momente.<\/p>","protected":false},"excerpt":{"rendered":"<p class=\"p1\">Werten Sie Ihre Schmuckkollektion mit dem <b>Doppelte Harmonie-Drehung mit Diamanteinsatz<\/b>, eine kunstvolle Erweiterung des beliebten Harmony Twist Diamond Band. Dieses Design zeichnet sich durch zwei ineinander verschlungene B\u00e4nder aus poliertem Gold aus, die elegant mit funkelnden, im Labor gez\u00fcchteten Diamanten besetzt sind und ein faszinierendes Spiel aus Bewegung und Glanz erzeugen.<\/p>","protected":false},"featured_media":8240,"template":"","meta":{"_acf_changed":false},"product_brand":[],"product_cat":[251,52,57],"product_tag":[549,424,413,547,546,433,548,441,430,432,463,431,429,423,550,426,427,551,435,434,428,275,425],"class_list":{"0":"post-8233","1":"product","2":"type-product","3":"status-publish","4":"has-post-thumbnail","6":"product_cat-eternity-bands","7":"product_cat-rings","8":"product_cat-wedding-bands","9":"product_tag-18k-gold-diamond-band","10":"product_tag-18k-white-gold-eternity-ring","11":"product_tag-anniversary-ring","12":"product_tag-diamond-eternity-ring","13":"product_tag-double-twist-diamond-band","14":"product_tag-elegant-anniversary-ring","15":"product_tag-intertwined-diamond-band","16":"product_tag-lab-grown-diamond-band","17":"product_tag-lab-grown-diamond-eternity-band","18":"product_tag-minimalist-diamond-ring","19":"product_tag-modern-diamond-band","20":"product_tag-modern-wedding-ring","21":"product_tag-pave-diamond-ring","22":"product_tag-petite-diamond-eternity-ring","23":"product_tag-platinum-diamond-insert","24":"product_tag-rose-gold-diamond-band","25":"product_tag-stackable-diamond-ring","26":"product_tag-sustainable-diamond-ring","27":"product_tag-twist-eternity-ring","28":"product_tag-twist-ring","29":"product_tag-twisted-diamond-ring","30":"product_tag-wedding-band","31":"product_tag-yellow-gold-twist-ring","32":"pa_metal-rose-gold","33":"pa_metal-white-gold","34":"pa_metal-yellow-gold","36":"first","37":"instock","38":"taxable","39":"shipping-taxable","40":"purchasable","41":"product-type-variable"},"acf":[],"jetpack_sharing_enabled":true,"_links":{"self":[{"href":"https:\/\/lumierediamonds.eu\/de\/wp-json\/wp\/v2\/product\/8233","targetHints":{"allow":["GET"]}}],"collection":[{"href":"https:\/\/lumierediamonds.eu\/de\/wp-json\/wp\/v2\/product"}],"about":[{"href":"https:\/\/lumierediamonds.eu\/de\/wp-json\/wp\/v2\/types\/product"}],"version-history":[{"count":2,"href":"https:\/\/lumierediamonds.eu\/de\/wp-json\/wp\/v2\/product\/8233\/revisions"}],"predecessor-version":[{"id":8253,"href":"https:\/\/lumierediamonds.eu\/de\/wp-json\/wp\/v2\/product\/8233\/revisions\/8253"}],"wp:featuredmedia":[{"embeddable":true,"href":"https:\/\/lumierediamonds.eu\/de\/wp-json\/wp\/v2\/media\/8240"}],"wp:attachment":[{"href":"https:\/\/lumierediamonds.eu\/de\/wp-json\/wp\/v2\/media?parent=8233"}],"wp:term":[{"taxonomy":"product_brand","embeddable":true,"href":"https:\/\/lumierediamonds.eu\/de\/wp-json\/wp\/v2\/product_brand?post=8233"},{"taxonomy":"product_cat","embeddable":true,"href":"https:\/\/lumierediamonds.eu\/de\/wp-json\/wp\/v2\/product_cat?post=8233"},{"taxonomy":"product_tag","embeddable":true,"href":"https:\/\/lumierediamonds.eu\/de\/wp-json\/wp\/v2\/product_tag?post=8233"}],"curies":[{"name":"wp","href":"https:\/\/api.w.org\/{rel}","templated":true}]}}