{"id":8952,"date":"2025-06-17T00:28:39","date_gmt":"2025-06-16T22:28:39","guid":{"rendered":"https:\/\/lumierediamonds.eu\/product\/the-riviera-diamond-drop-earrings\/"},"modified":"2025-10-24T13:21:08","modified_gmt":"2025-10-24T11:21:08","slug":"riviera-diamant-ohrringe","status":"publish","type":"product","link":"https:\/\/lumierediamonds.eu\/de\/product\/riviera-diamant-ohrringe\/","title":{"rendered":"Riviera Diamant-Ohrringe"},"content":{"rendered":"<p data-start=\"106\" data-end=\"444\">M\u00fchelos auff\u00e4llig, das<strong data-start=\"106\" data-end=\"206\"> Riviera Diamant-Ohrringe <\/strong>bringen eine neue Interpretation klassischer Eleganz.<\/p>\n<p data-start=\"106\" data-end=\"444\">Mit kaskadenf\u00f6rmig angeordneten, in Krappenfassungen gesetzten Diamanten aus Laborzucht bilden sie eine elegante Linie, die bei jeder Bewegung das Licht einf\u00e4ngt. Die aus 18 Karat Wei\u00dfgold gefertigten Ohrringe verleihen mit ihrer l\u00e4nglichen Silhouette jedem Look einen anmutigen Schimmer und flie\u00dfende Eleganz.<\/p>\n<p data-start=\"446\" data-end=\"579\">Ideal f\u00fcr besondere Anl\u00e4sse oder elegante Abende, sind sie ein zeitloses und dennoch zeitgem\u00e4\u00dfes Accessoire, das sich durch subtile Raffinesse auszeichnet.<\/p>","protected":false},"excerpt":{"rendered":"<p data-start=\"106\" data-end=\"444\">M\u00fchelos auff\u00e4llig, das<strong data-start=\"106\" data-end=\"206\"> Riviera Diamant-Ohrringe <\/strong>bringen eine neue Interpretation klassischer Eleganz.<\/p>\n<p data-start=\"106\" data-end=\"444\">Mit kaskadenf\u00f6rmig angeordneten, in Krappenfassungen gesetzten Diamanten aus Laborzucht bilden sie eine elegante Linie, die bei jeder Bewegung das Licht einf\u00e4ngt. Die aus 18 Karat Wei\u00dfgold gefertigten Ohrringe verleihen mit ihrer l\u00e4nglichen Silhouette jedem Look einen anmutigen Schimmer und flie\u00dfende Eleganz.<\/p>\n<p data-start=\"446\" data-end=\"579\">Ideal f\u00fcr besondere Anl\u00e4sse oder elegante Abende, sind sie ein zeitloses und dennoch zeitgem\u00e4\u00dfes Accessoire, das sich durch subtile Raffinesse auszeichnet.<\/p>","protected":false},"featured_media":8968,"template":"","meta":{"_acf_changed":false},"product_brand":[],"product_cat":[761,54],"product_tag":[420,690,691,597,397,693,692,393],"class_list":{"0":"post-8952","1":"product","2":"type-product","3":"status-publish","4":"has-post-thumbnail","6":"product_cat-drop-earrings","7":"product_cat-earrings","8":"product_tag-bridal-earrings","9":"product_tag-diamond-drop-earrings","10":"product_tag-elegant-earrings","11":"product_tag-evening-jewelry","12":"product_tag-lab-grown-diamond-earrings","13":"product_tag-riviera-collection","14":"product_tag-tennis-drop-earrings","15":"product_tag-white-gold-earrings","16":"pa_metal-white-gold","18":"first","19":"instock","20":"taxable","21":"shipping-taxable","22":"purchasable","23":"product-type-simple"},"acf":[],"jetpack_sharing_enabled":true,"_links":{"self":[{"href":"https:\/\/lumierediamonds.eu\/de\/wp-json\/wp\/v2\/product\/8952","targetHints":{"allow":["GET"]}}],"collection":[{"href":"https:\/\/lumierediamonds.eu\/de\/wp-json\/wp\/v2\/product"}],"about":[{"href":"https:\/\/lumierediamonds.eu\/de\/wp-json\/wp\/v2\/types\/product"}],"version-history":[{"count":8,"href":"https:\/\/lumierediamonds.eu\/de\/wp-json\/wp\/v2\/product\/8952\/revisions"}],"predecessor-version":[{"id":11491,"href":"https:\/\/lumierediamonds.eu\/de\/wp-json\/wp\/v2\/product\/8952\/revisions\/11491"}],"wp:featuredmedia":[{"embeddable":true,"href":"https:\/\/lumierediamonds.eu\/de\/wp-json\/wp\/v2\/media\/8968"}],"wp:attachment":[{"href":"https:\/\/lumierediamonds.eu\/de\/wp-json\/wp\/v2\/media?parent=8952"}],"wp:term":[{"taxonomy":"product_brand","embeddable":true,"href":"https:\/\/lumierediamonds.eu\/de\/wp-json\/wp\/v2\/product_brand?post=8952"},{"taxonomy":"product_cat","embeddable":true,"href":"https:\/\/lumierediamonds.eu\/de\/wp-json\/wp\/v2\/product_cat?post=8952"},{"taxonomy":"product_tag","embeddable":true,"href":"https:\/\/lumierediamonds.eu\/de\/wp-json\/wp\/v2\/product_tag?post=8952"}],"curies":[{"name":"wp","href":"https:\/\/api.w.org\/{rel}","templated":true}]}}