{"id":9795,"date":"2025-07-20T23:25:58","date_gmt":"2025-07-20T21:25:58","guid":{"rendered":"https:\/\/lumierediamonds.eu\/?post_type=product&#038;p=9795"},"modified":"2026-03-01T17:48:06","modified_gmt":"2026-03-01T16:48:06","slug":"flusternde-tropfenohrringe-mit-pflaster","status":"publish","type":"product","link":"https:\/\/lumierediamonds.eu\/de\/product\/flusternde-tropfenohrringe-mit-pflaster\/","title":{"rendered":"Whisper Pav\u00e9-Tropfen-Ohrringe"},"content":{"rendered":"<p data-start=\"309\" data-end=\"433\">M\u00fchelos elegant, die<strong data-start=\"309\" data-end=\"433\"> Whisper Pav\u00e9-Tropfen-Ohrringe <\/strong>Verleihen Sie Ihrem Alltagslook und Ihrem dezenten Abendoutfit eine raffinierte Note.<\/p>\n<p data-start=\"435\" data-end=\"686\">Die aus 18 Karat Gelb-, Wei\u00df- oder Ros\u00e9gold gefertigten Ohrringe verf\u00fcgen jeweils \u00fcber zwei zarte Kettenanh\u00e4nger, die mit pav\u00e9-gefassten Stegen aus im Labor gez\u00fcchteten Diamanten mit insgesamt 0,16 Karat verziert sind.<\/p>\n<p data-start=\"435\" data-end=\"686\">Leicht, feminin und wundersch\u00f6n poliert, bewegen sie sich mit Ihnen \u2013 anmutig in jedem Detail.<\/p>","protected":false},"excerpt":{"rendered":"<p data-start=\"309\" data-end=\"433\">M\u00fchelos elegant, die<strong data-start=\"309\" data-end=\"433\"> Whisper Pav\u00e9-Tropfen-Ohrringe <\/strong>Verleihen Sie Ihrem Alltagslook und Ihrem dezenten Abendoutfit eine raffinierte Note.<\/p>\n<p data-start=\"435\" data-end=\"686\">Die aus 18 Karat Gelb-, Wei\u00df- oder Ros\u00e9gold gefertigten Ohrringe verf\u00fcgen jeweils \u00fcber zwei zarte Kettenanh\u00e4nger, die mit pav\u00e9-gefassten Stegen aus im Labor gez\u00fcchteten Diamanten mit insgesamt 0,16 Karat verziert sind.<\/p>\n<p data-start=\"435\" data-end=\"686\">Leicht, feminin und wundersch\u00f6n poliert, bewegen sie sich mit Ihnen \u2013 anmutig in jedem Detail.<\/p>","protected":false},"featured_media":9548,"template":"","meta":{"_acf_changed":false},"product_brand":[],"product_cat":[552,761,54],"product_tag":[765,800,797,798,638,799,397,770,796],"class_list":{"0":"post-9795","1":"product","2":"type-product","3":"status-publish","4":"has-post-thumbnail","6":"product_cat-diamond-essentials","7":"product_cat-drop-earrings","8":"product_cat-earrings","9":"product_tag-18k-gold-earrings","10":"product_tag-cannes-collection","11":"product_tag-elegant-drop-earrings","12":"product_tag-everyday-earrings","13":"product_tag-fine-jewelry","14":"product_tag-gold-and-diamond-jewelry","15":"product_tag-lab-grown-diamond-earrings","16":"product_tag-minimalist-earrings","17":"product_tag-pave-drop-earrings","18":"pa_metal-rose-gold","19":"pa_metal-white-gold","20":"pa_metal-yellow-gold","22":"first","23":"instock","24":"taxable","25":"shipping-taxable","26":"purchasable","27":"product-type-variable"},"acf":[],"jetpack_sharing_enabled":true,"_links":{"self":[{"href":"https:\/\/lumierediamonds.eu\/de\/wp-json\/wp\/v2\/product\/9795","targetHints":{"allow":["GET"]}}],"collection":[{"href":"https:\/\/lumierediamonds.eu\/de\/wp-json\/wp\/v2\/product"}],"about":[{"href":"https:\/\/lumierediamonds.eu\/de\/wp-json\/wp\/v2\/types\/product"}],"version-history":[{"count":5,"href":"https:\/\/lumierediamonds.eu\/de\/wp-json\/wp\/v2\/product\/9795\/revisions"}],"predecessor-version":[{"id":14748,"href":"https:\/\/lumierediamonds.eu\/de\/wp-json\/wp\/v2\/product\/9795\/revisions\/14748"}],"wp:featuredmedia":[{"embeddable":true,"href":"https:\/\/lumierediamonds.eu\/de\/wp-json\/wp\/v2\/media\/9548"}],"wp:attachment":[{"href":"https:\/\/lumierediamonds.eu\/de\/wp-json\/wp\/v2\/media?parent=9795"}],"wp:term":[{"taxonomy":"product_brand","embeddable":true,"href":"https:\/\/lumierediamonds.eu\/de\/wp-json\/wp\/v2\/product_brand?post=9795"},{"taxonomy":"product_cat","embeddable":true,"href":"https:\/\/lumierediamonds.eu\/de\/wp-json\/wp\/v2\/product_cat?post=9795"},{"taxonomy":"product_tag","embeddable":true,"href":"https:\/\/lumierediamonds.eu\/de\/wp-json\/wp\/v2\/product_tag?post=9795"}],"curies":[{"name":"wp","href":"https:\/\/api.w.org\/{rel}","templated":true}]}}