{"id":9797,"date":"2025-07-20T23:25:58","date_gmt":"2025-07-20T21:25:58","guid":{"rendered":"https:\/\/lumierediamonds.eu\/?post_type=product&#038;p=9797"},"modified":"2025-11-17T13:53:03","modified_gmt":"2025-11-17T12:53:03","slug":"daisy-eternity-creolen","status":"publish","type":"product","link":"https:\/\/lumierediamonds.eu\/de\/product\/daisy-eternity-creolen\/","title":{"rendered":"Daisy Eternity Creolen"},"content":{"rendered":"<p data-start=\"188\" data-end=\"511\">K\u00fchn, brillant und daf\u00fcr gemacht, aus jedem Blickwinkel zu gl\u00e4nzen.<\/p>\n<p data-start=\"188\" data-end=\"511\">Das <strong>Daisy Creolen<\/strong> sind eine leuchtende Interpretation des klassischen Diamant-Creolen, mit einer Reihe von runden Brillanten aus dem Labor in einer nahtlosen Pav\u00e9-Fassung. Sie sind so gestaltet, dass sie bei jeder Bewegung das Licht einfangen und bieten maximalen Glanz und zeitlosen Charme.<\/p>\n<p data-start=\"513\" data-end=\"728\">Diese edlen Basics sind aus 18 Karat Gelb- oder Wei\u00dfgold gefertigt und in Karatgewichten von 0,5 bis 5 Karat erh\u00e4ltlich. Sie lassen sich m\u00fchelos von Tag zu Nacht tragen \u2013 egal, ob Sie Jeans aufpeppen oder einen formellen Look vervollst\u00e4ndigen m\u00f6chten.<\/p>","protected":false},"excerpt":{"rendered":"<p data-start=\"188\" data-end=\"511\">K\u00fchn, brillant und daf\u00fcr gemacht, aus jedem Blickwinkel zu gl\u00e4nzen.<\/p>\n<p data-start=\"188\" data-end=\"511\">Das <strong>Daisy Creolen<\/strong> sind eine leuchtende Interpretation des klassischen Diamant-Creolen, mit einer Reihe von runden Brillanten aus dem Labor in einer nahtlosen Pav\u00e9-Fassung. Sie sind so gestaltet, dass sie bei jeder Bewegung das Licht einfangen und bieten maximalen Glanz und zeitlosen Charme.<\/p>\n<p data-start=\"513\" data-end=\"728\">Diese edlen Basics sind aus 18 Karat Gelb- oder Wei\u00dfgold gefertigt und in Karatgewichten von 0,5 bis 5 Karat erh\u00e4ltlich. Sie lassen sich m\u00fchelos von Tag zu Nacht tragen \u2013 egal, ob Sie Jeans aufpeppen oder einen formellen Look vervollst\u00e4ndigen m\u00f6chten.<\/p>","protected":false},"featured_media":9586,"template":"","meta":{"_acf_changed":false},"product_brand":[],"product_cat":[552,54,762],"product_tag":[785,783,784,790,397,786,789,787,788],"class_list":{"0":"post-9797","1":"product","2":"type-product","3":"status-publish","4":"has-post-thumbnail","6":"product_cat-diamond-essentials","7":"product_cat-earrings","8":"product_cat-hoop-earrings","9":"product_tag-18k-gold-hoops","10":"product_tag-diamond-hoop-earrings","11":"product_tag-eternity-hoop-earrings","12":"product_tag-everyday-diamond-hoops","13":"product_tag-lab-grown-diamond-earrings","14":"product_tag-luxury-diamond-jewelry","15":"product_tag-pave-set-earrings","16":"product_tag-white-gold-hoops","17":"product_tag-yellow-gold-diamond-earrings","18":"pa_metal-white-gold","19":"pa_metal-yellow-gold","21":"first","22":"instock","23":"taxable","24":"shipping-taxable","25":"purchasable","26":"product-type-variable"},"acf":[],"jetpack_sharing_enabled":true,"_links":{"self":[{"href":"https:\/\/lumierediamonds.eu\/de\/wp-json\/wp\/v2\/product\/9797","targetHints":{"allow":["GET"]}}],"collection":[{"href":"https:\/\/lumierediamonds.eu\/de\/wp-json\/wp\/v2\/product"}],"about":[{"href":"https:\/\/lumierediamonds.eu\/de\/wp-json\/wp\/v2\/types\/product"}],"version-history":[{"count":3,"href":"https:\/\/lumierediamonds.eu\/de\/wp-json\/wp\/v2\/product\/9797\/revisions"}],"predecessor-version":[{"id":9965,"href":"https:\/\/lumierediamonds.eu\/de\/wp-json\/wp\/v2\/product\/9797\/revisions\/9965"}],"wp:featuredmedia":[{"embeddable":true,"href":"https:\/\/lumierediamonds.eu\/de\/wp-json\/wp\/v2\/media\/9586"}],"wp:attachment":[{"href":"https:\/\/lumierediamonds.eu\/de\/wp-json\/wp\/v2\/media?parent=9797"}],"wp:term":[{"taxonomy":"product_brand","embeddable":true,"href":"https:\/\/lumierediamonds.eu\/de\/wp-json\/wp\/v2\/product_brand?post=9797"},{"taxonomy":"product_cat","embeddable":true,"href":"https:\/\/lumierediamonds.eu\/de\/wp-json\/wp\/v2\/product_cat?post=9797"},{"taxonomy":"product_tag","embeddable":true,"href":"https:\/\/lumierediamonds.eu\/de\/wp-json\/wp\/v2\/product_tag?post=9797"}],"curies":[{"name":"wp","href":"https:\/\/api.w.org\/{rel}","templated":true}]}}