{"id":9798,"date":"2025-07-20T23:25:58","date_gmt":"2025-07-20T21:25:58","guid":{"rendered":"https:\/\/lumierediamonds.eu\/product\/mini-rope-gold-band\/"},"modified":"2025-07-21T00:09:00","modified_gmt":"2025-07-20T22:09:00","slug":"mini-seil-goldband","status":"publish","type":"product","link":"https:\/\/lumierediamonds.eu\/de\/product\/mini-seil-goldband\/","title":{"rendered":"Mini-Seil-Goldband"},"content":{"rendered":"<p class=\"p1\">Das Mini Rope Gold Band ist eine raffinierte Interpretation von allt\u00e4glicher Eleganz und zeichnet sich durch ein zartes Twist-Design aus, das in poliertem 18 Karat Gelbgold gl\u00e4nzt. Mit seinem geringen Gewicht und einer Breite von 2 mm ist es das perfekte minimalistische Schmuckst\u00fcck \u2013 ideal zum Kombinieren, Verschenken oder solo als dezentes Luxus-Statement. Es ist aus LBMA-zertifiziertem 18 Karat Gold gefertigt und bietet dauerhafte Qualit\u00e4t und zeitlosen Stil.<\/p>","protected":false},"excerpt":{"rendered":"<p class=\"p1\">Das Mini Rope Goldband ist eine raffinierte Interpretation der allt\u00e4glichen Eleganz. Es verf\u00fcgt \u00fcber ein zartes Twist-Design, das in poliertem 18-kar\u00e4tigem Gelbgold gl\u00e4nzt. Mit seinem geringen Gewicht und einer Breite von 2 mm ist es das perfekte, minimalistische Schmuckst\u00fcck - ideal zum Stapeln, Verschenken oder Tragen als leises, luxuri\u00f6ses Statement.<\/p>","protected":false},"featured_media":9498,"template":"","meta":{"_acf_changed":false},"product_brand":[],"product_cat":[752,52],"product_tag":[680,820,817,638,815,821,814,816,818,819],"class_list":{"0":"post-9798","1":"product","2":"type-product","3":"status-publish","4":"has-post-thumbnail","6":"product_cat-gold-essentials","7":"product_cat-rings","8":"product_tag-18k-gold-ring","9":"product_tag-delicate-gold-ring","10":"product_tag-everyday-gold-jewelry","11":"product_tag-fine-jewelry","12":"product_tag-minimalist-ring","13":"product_tag-quiet-luxury","14":"product_tag-rope-ring","15":"product_tag-stackable-gold-band","16":"product_tag-twisted-gold-band","17":"product_tag-yellow-gold-ring","18":"pa_metal-yellow-gold","20":"first","21":"instock","22":"taxable","23":"shipping-taxable","24":"purchasable","25":"product-type-simple"},"acf":[],"jetpack_sharing_enabled":true,"_links":{"self":[{"href":"https:\/\/lumierediamonds.eu\/de\/wp-json\/wp\/v2\/product\/9798","targetHints":{"allow":["GET"]}}],"collection":[{"href":"https:\/\/lumierediamonds.eu\/de\/wp-json\/wp\/v2\/product"}],"about":[{"href":"https:\/\/lumierediamonds.eu\/de\/wp-json\/wp\/v2\/types\/product"}],"version-history":[{"count":1,"href":"https:\/\/lumierediamonds.eu\/de\/wp-json\/wp\/v2\/product\/9798\/revisions"}],"predecessor-version":[{"id":9851,"href":"https:\/\/lumierediamonds.eu\/de\/wp-json\/wp\/v2\/product\/9798\/revisions\/9851"}],"wp:featuredmedia":[{"embeddable":true,"href":"https:\/\/lumierediamonds.eu\/de\/wp-json\/wp\/v2\/media\/9498"}],"wp:attachment":[{"href":"https:\/\/lumierediamonds.eu\/de\/wp-json\/wp\/v2\/media?parent=9798"}],"wp:term":[{"taxonomy":"product_brand","embeddable":true,"href":"https:\/\/lumierediamonds.eu\/de\/wp-json\/wp\/v2\/product_brand?post=9798"},{"taxonomy":"product_cat","embeddable":true,"href":"https:\/\/lumierediamonds.eu\/de\/wp-json\/wp\/v2\/product_cat?post=9798"},{"taxonomy":"product_tag","embeddable":true,"href":"https:\/\/lumierediamonds.eu\/de\/wp-json\/wp\/v2\/product_tag?post=9798"}],"curies":[{"name":"wp","href":"https:\/\/api.w.org\/{rel}","templated":true}]}}