{"id":9828,"date":"2025-07-20T23:26:08","date_gmt":"2025-07-20T21:26:08","guid":{"rendered":"https:\/\/lumierediamonds.eu\/?post_type=product&#038;p=9828"},"modified":"2025-11-17T14:13:55","modified_gmt":"2025-11-17T13:13:55","slug":"milan-smaragd-diamant-ohrringe","status":"publish","type":"product","link":"https:\/\/lumierediamonds.eu\/de\/product\/milan-smaragd-diamant-ohrringe\/","title":{"rendered":"Mail\u00e4nder Smaragd-Diamantohrringe"},"content":{"rendered":"<p data-start=\"172\" data-end=\"518\">Das<strong data-start=\"172\" data-end=\"210\"> Mail\u00e4nder Smaragd-Diamantohrringe<\/strong> strahlen elegante Raffinesse aus, dank einer minimalistischen Zargenfassung, die die klare Geometrie jedes smaragdgeschliffenen, im Labor gez\u00fcchteten Diamanten hervorhebt. Die Zarge ist in 18 Karat Gelb- oder Wei\u00dfgold erh\u00e4ltlich und bietet eine glatte, moderne Oberfl\u00e4che, w\u00e4hrend sie den Stein sicher sch\u00fctzt \u2013 so sind diese Ringe ebenso praktisch wie elegant.<\/p>\n<p data-start=\"520\" data-end=\"746\">Erh\u00e4ltlich in verschiedenen Karatgewichten \u2013 von dezenten 0,25 ct bis zu auff\u00e4lligen 3 ct \u2013 k\u00f6nnen Sie damit Ihren perfekten Ausdruck w\u00e4hlen, von zarten Akzenten bis hin zu auff\u00e4lligem Glanz.<\/p>\n<p data-start=\"520\" data-end=\"746\">Ein vielseitiges Paar, ideal f\u00fcr den luxuri\u00f6sen Alltag oder als edles Geschenk.<\/p>","protected":false},"excerpt":{"rendered":"<p data-start=\"172\" data-end=\"518\">Das<strong data-start=\"172\" data-end=\"210\"> Mail\u00e4nder Smaragd-Diamantohrringe<\/strong> strahlen elegante Raffinesse aus, dank einer minimalistischen Zargenfassung, die die klare Geometrie jedes smaragdgeschliffenen, im Labor gez\u00fcchteten Diamanten hervorhebt. Die Zarge ist in 18 Karat Gelb- oder Wei\u00dfgold erh\u00e4ltlich und bietet eine glatte, moderne Oberfl\u00e4che, w\u00e4hrend sie den Stein sicher sch\u00fctzt \u2013 so sind diese Ringe ebenso praktisch wie elegant.<\/p>\n<p data-start=\"520\" data-end=\"746\">Erh\u00e4ltlich in verschiedenen Karatgewichten \u2013 von dezenten 0,25 ct bis zu auff\u00e4lligen 3 ct \u2013 k\u00f6nnen Sie damit Ihren perfekten Ausdruck w\u00e4hlen, von zarten Akzenten bis hin zu auff\u00e4lligem Glanz.<\/p>\n<p data-start=\"520\" data-end=\"746\">Ein vielseitiges Paar, ideal f\u00fcr den luxuri\u00f6sen Alltag oder als edles Geschenk.<\/p>","protected":false},"featured_media":9637,"template":"","meta":{"_acf_changed":false},"product_brand":[],"product_cat":[552,54,760],"product_tag":[765,766,764,771,767,746,397,768,770,769],"class_list":{"0":"post-9828","1":"product","2":"type-product","3":"status-publish","4":"has-post-thumbnail","6":"product_cat-diamond-essentials","7":"product_cat-earrings","8":"product_cat-stud-earrings","9":"product_tag-18k-gold-earrings","10":"product_tag-bezel-set-earrings","11":"product_tag-emerald-cut-studs","12":"product_tag-emerald-diamond-earrings","13":"product_tag-everyday-diamond-studs","14":"product_tag-fine-diamond-jewelry","15":"product_tag-lab-grown-diamond-earrings","16":"product_tag-milan-earrings","17":"product_tag-minimalist-earrings","18":"product_tag-timeless-earrings","19":"pa_metal-white-gold","20":"pa_metal-yellow-gold","22":"first","23":"instock","24":"taxable","25":"shipping-taxable","26":"purchasable","27":"product-type-variable"},"acf":[],"jetpack_sharing_enabled":true,"_links":{"self":[{"href":"https:\/\/lumierediamonds.eu\/de\/wp-json\/wp\/v2\/product\/9828","targetHints":{"allow":["GET"]}}],"collection":[{"href":"https:\/\/lumierediamonds.eu\/de\/wp-json\/wp\/v2\/product"}],"about":[{"href":"https:\/\/lumierediamonds.eu\/de\/wp-json\/wp\/v2\/types\/product"}],"version-history":[{"count":4,"href":"https:\/\/lumierediamonds.eu\/de\/wp-json\/wp\/v2\/product\/9828\/revisions"}],"predecessor-version":[{"id":9969,"href":"https:\/\/lumierediamonds.eu\/de\/wp-json\/wp\/v2\/product\/9828\/revisions\/9969"}],"wp:featuredmedia":[{"embeddable":true,"href":"https:\/\/lumierediamonds.eu\/de\/wp-json\/wp\/v2\/media\/9637"}],"wp:attachment":[{"href":"https:\/\/lumierediamonds.eu\/de\/wp-json\/wp\/v2\/media?parent=9828"}],"wp:term":[{"taxonomy":"product_brand","embeddable":true,"href":"https:\/\/lumierediamonds.eu\/de\/wp-json\/wp\/v2\/product_brand?post=9828"},{"taxonomy":"product_cat","embeddable":true,"href":"https:\/\/lumierediamonds.eu\/de\/wp-json\/wp\/v2\/product_cat?post=9828"},{"taxonomy":"product_tag","embeddable":true,"href":"https:\/\/lumierediamonds.eu\/de\/wp-json\/wp\/v2\/product_tag?post=9828"}],"curies":[{"name":"wp","href":"https:\/\/api.w.org\/{rel}","templated":true}]}}