{"id":9940,"date":"2025-07-21T16:24:43","date_gmt":"2025-07-21T14:24:43","guid":{"rendered":"https:\/\/lumierediamonds.eu\/product\/astra-pave-diamond-crossover-ring\/"},"modified":"2025-12-16T20:44:12","modified_gmt":"2025-12-16T19:44:12","slug":"astra-pave-diamant-crossover-ring","status":"publish","type":"product","link":"https:\/\/lumierediamonds.eu\/de\/product\/astra-pave-diamant-crossover-ring\/","title":{"rendered":"Astra Pav\u00e9 Diamant-Crossover-Ring"},"content":{"rendered":"<p class=\"p1\">Der zarte und leuchtende Astra Pav\u00e9 Diamond Crossover Ring erweckt den Eindruck, als seien zwei Ringe elegant in einem einzigen Design vereint. Dieser 10,2 mm breite Ring aus poliertem 18 Karat Wei\u00dfgold ist mit 25 runden Brillanten aus Laborzucht verziert und strahlt elegante Eleganz und raffinierten Glanz aus. Der Astra-Ring aus LBMA-zertifiziertem 18 Karat Gold ist ein herausragendes Schmuckst\u00fcck, das sich perfekt f\u00fcr besondere Anl\u00e4sse eignet oder Ihren Alltagslook aufwertet.<\/p>","protected":false},"excerpt":{"rendered":"<p class=\"p1\">Der zarte und strahlende Astra Pav\u00e9 Diamond Crossover Ring erweckt den Eindruck zweier eleganter, ineinander verschlungener Ringe. Der aus poliertem 18 Karat Wei\u00dfgold gefertigte und mit 25 runden Brillanten aus Laborzucht verzierte Ring mit einer Breite von 10,2 mm strahlt anmutigen Glamour und raffinierten Glanz aus.<\/p>","protected":false},"featured_media":9872,"template":"","meta":{"_acf_changed":false},"product_brand":[],"product_cat":[552,52,898],"product_tag":[406,678,908,746,364,909,429,906,907],"class_list":{"0":"post-9940","1":"product","2":"type-product","3":"status-publish","4":"has-post-thumbnail","6":"product_cat-diamond-essentials","7":"product_cat-rings","8":"product_cat-statement-rings","9":"product_tag-18k-white-gold-ring","10":"product_tag-diamond-crossover-ring","11":"product_tag-elegant-ring-design","12":"product_tag-fine-diamond-jewelry","13":"product_tag-lab-grown-diamonds","14":"product_tag-luxury-fashion-ring","15":"product_tag-pave-diamond-ring","16":"product_tag-statement-diamond-band","17":"product_tag-twin-band-ring","18":"pa_metal-white-gold","20":"first","21":"instock","22":"taxable","23":"shipping-taxable","24":"purchasable","25":"product-type-simple"},"acf":[],"jetpack_sharing_enabled":true,"_links":{"self":[{"href":"https:\/\/lumierediamonds.eu\/de\/wp-json\/wp\/v2\/product\/9940","targetHints":{"allow":["GET"]}}],"collection":[{"href":"https:\/\/lumierediamonds.eu\/de\/wp-json\/wp\/v2\/product"}],"about":[{"href":"https:\/\/lumierediamonds.eu\/de\/wp-json\/wp\/v2\/types\/product"}],"version-history":[{"count":2,"href":"https:\/\/lumierediamonds.eu\/de\/wp-json\/wp\/v2\/product\/9940\/revisions"}],"predecessor-version":[{"id":14414,"href":"https:\/\/lumierediamonds.eu\/de\/wp-json\/wp\/v2\/product\/9940\/revisions\/14414"}],"wp:featuredmedia":[{"embeddable":true,"href":"https:\/\/lumierediamonds.eu\/de\/wp-json\/wp\/v2\/media\/9872"}],"wp:attachment":[{"href":"https:\/\/lumierediamonds.eu\/de\/wp-json\/wp\/v2\/media?parent=9940"}],"wp:term":[{"taxonomy":"product_brand","embeddable":true,"href":"https:\/\/lumierediamonds.eu\/de\/wp-json\/wp\/v2\/product_brand?post=9940"},{"taxonomy":"product_cat","embeddable":true,"href":"https:\/\/lumierediamonds.eu\/de\/wp-json\/wp\/v2\/product_cat?post=9940"},{"taxonomy":"product_tag","embeddable":true,"href":"https:\/\/lumierediamonds.eu\/de\/wp-json\/wp\/v2\/product_tag?post=9940"}],"curies":[{"name":"wp","href":"https:\/\/api.w.org\/{rel}","templated":true}]}}