{"id":10002,"date":"2025-07-26T14:24:02","date_gmt":"2025-07-26T12:24:02","guid":{"rendered":"https:\/\/lumierediamonds.eu\/?page_id=10002"},"modified":"2025-12-09T12:53:23","modified_gmt":"2025-12-09T11:53:23","slug":"blog","status":"publish","type":"page","link":"https:\/\/lumierediamonds.eu\/es\/blog\/","title":{"rendered":"Blog"},"content":{"rendered":"<div data-elementor-type=\"wp-page\" data-elementor-id=\"10002\" class=\"elementor elementor-10002\" data-elementor-post-type=\"page\">\n\t\t\t\t<div class=\"elementor-element elementor-element-66a89ab e-flex e-con-boxed e-con e-parent\" data-id=\"66a89ab\" data-element_type=\"container\" data-settings=\"{&quot;background_background&quot;:&quot;classic&quot;}\">\n\t\t\t\t\t<div class=\"e-con-inner\">\n\t\t\t\t<div class=\"elementor-element elementor-element-0db6a45 elementor-widget elementor-widget-heading\" data-id=\"0db6a45\" data-element_type=\"widget\" data-widget_type=\"heading.default\">\n\t\t\t\t<div class=\"elementor-widget-container\">\n\t\t\t<h1 class=\"elementor-heading-title elementor-size-default\">Diario<\/h1>\t\t<\/div>\n\t\t\t\t<\/div>\n\t\t\t\t<div class=\"elementor-element elementor-element-c6b1879 elementor-widget__width-initial elementor-widget elementor-widget-text-editor\" data-id=\"c6b1879\" data-element_type=\"widget\" data-widget_type=\"text-editor.default\">\n\t\t\t\t<div class=\"elementor-widget-container\">\n\t\t\t\t\t\t\t<blockquote><p>Explora nuestra revista seleccionada de inspiraci\u00f3n, ideas e innovaci\u00f3n.<b>.<\/b><\/p><\/blockquote><blockquote><p>Desde consejos expertos sobre diamantes hasta ideas atemporales para propuestas de matrimonio, descubre c\u00f3mo Lumi\u00e8re celebra el brillo en todas sus facetas.<\/p><\/blockquote>\t\t\t\t\t\t<\/div>\n\t\t\t\t<\/div>\n\t\t\t\t\t<\/div>\n\t\t\t\t<\/div>\n\t\t<div class=\"elementor-element elementor-element-2427bb2 e-flex e-con-boxed e-con e-parent\" data-id=\"2427bb2\" data-element_type=\"container\">\n\t\t\t\t\t<div class=\"e-con-inner\">\n\t\t\t\t<div class=\"elementor-element elementor-element-8976f60 elementor-grid-3 elementor-grid-tablet-2 elementor-grid-mobile-1 elementor-posts--thumbnail-top elementor-widget elementor-widget-posts\" data-id=\"8976f60\" data-element_type=\"widget\" data-settings=\"{&quot;classic_columns&quot;:&quot;3&quot;,&quot;classic_columns_tablet&quot;:&quot;2&quot;,&quot;classic_columns_mobile&quot;:&quot;1&quot;,&quot;classic_row_gap&quot;:{&quot;unit&quot;:&quot;px&quot;,&quot;size&quot;:35,&quot;sizes&quot;:[]},&quot;classic_row_gap_tablet&quot;:{&quot;unit&quot;:&quot;px&quot;,&quot;size&quot;:&quot;&quot;,&quot;sizes&quot;:[]},&quot;classic_row_gap_mobile&quot;:{&quot;unit&quot;:&quot;px&quot;,&quot;size&quot;:&quot;&quot;,&quot;sizes&quot;:[]}}\" data-widget_type=\"posts.classic\">\n\t\t\t\t<div class=\"elementor-widget-container\">\n\t\t\t\t\t<div class=\"elementor-posts-container elementor-posts elementor-posts--skin-classic elementor-grid\">\n\t\t\t\t<article class=\"elementor-post elementor-grid-item post-10069 post type-post status-publish format-standard has-post-thumbnail hentry category-innovation-sustainability tag-conscious-consumerism tag-eco-friendly-engagement-rings tag-ethical-diamond-alternatives tag-ethical-fine-jewelry tag-lab-diamond-innovation tag-lab-grown-diamonds tag-lumiere-diamonds tag-modern-luxury-jewelry tag-sustainable-jewelry-brands tag-sustainable-luxury-jewelry\">\n\t\t\t\t<a class=\"elementor-post__thumbnail__link\" href=\"https:\/\/lumierediamonds.eu\/es\/blog\/lujo-sostenible-como-los-diamantes-cultivados-en-laboratorio-estan-cambiando-la-industria-de-la-joyeria\/\" tabindex=\"-1\" >\n\t\t\t<div class=\"elementor-post__thumbnail\"><img fetchpriority=\"high\" decoding=\"async\" width=\"800\" height=\"800\" src=\"https:\/\/lumierediamonds.eu\/wp-content\/uploads\/2025\/07\/Lumiere-Daisy-Eternity-Hoop-Earrings_0300CT_Y_1_1600X1600-1024x1024.jpg\" class=\"attachment-large size-large wp-image-9590\" alt=\"\" srcset=\"https:\/\/lumierediamonds.eu\/wp-content\/uploads\/2025\/07\/Lumiere-Daisy-Eternity-Hoop-Earrings_0300CT_Y_1_1600X1600-1024x1024.jpg 1024w, https:\/\/lumierediamonds.eu\/wp-content\/uploads\/2025\/07\/Lumiere-Daisy-Eternity-Hoop-Earrings_0300CT_Y_1_1600X1600-300x300.jpg 300w, https:\/\/lumierediamonds.eu\/wp-content\/uploads\/2025\/07\/Lumiere-Daisy-Eternity-Hoop-Earrings_0300CT_Y_1_1600X1600-150x150.jpg 150w, https:\/\/lumierediamonds.eu\/wp-content\/uploads\/2025\/07\/Lumiere-Daisy-Eternity-Hoop-Earrings_0300CT_Y_1_1600X1600-768x768.jpg 768w, https:\/\/lumierediamonds.eu\/wp-content\/uploads\/2025\/07\/Lumiere-Daisy-Eternity-Hoop-Earrings_0300CT_Y_1_1600X1600-1536x1536.jpg 1536w, https:\/\/lumierediamonds.eu\/wp-content\/uploads\/2025\/07\/Lumiere-Daisy-Eternity-Hoop-Earrings_0300CT_Y_1_1600X1600-600x600.jpg 600w, https:\/\/lumierediamonds.eu\/wp-content\/uploads\/2025\/07\/Lumiere-Daisy-Eternity-Hoop-Earrings_0300CT_Y_1_1600X1600-100x100.jpg 100w, https:\/\/lumierediamonds.eu\/wp-content\/uploads\/2025\/07\/Lumiere-Daisy-Eternity-Hoop-Earrings_0300CT_Y_1_1600X1600.jpg 1600w\" sizes=\"(max-width: 800px) 100vw, 800px\" \/><\/div>\n\t\t<\/a>\n\t\t\t\t<div class=\"elementor-post__text\">\n\t\t\t\t<h3 class=\"elementor-post__title\">\n\t\t\t<a href=\"https:\/\/lumierediamonds.eu\/es\/blog\/lujo-sostenible-como-los-diamantes-cultivados-en-laboratorio-estan-cambiando-la-industria-de-la-joyeria\/\" >\n\t\t\t\tLujo sostenible: c\u00f3mo los diamantes cultivados en laboratorio est\u00e1n cambiando la industria de la joyer\u00eda\t\t\t<\/a>\n\t\t<\/h3>\n\t\t\t\t<div class=\"elementor-post__excerpt\">\n\t\t\t<p>Descubra c\u00f3mo los diamantes cultivados en laboratorio est\u00e1n redefiniendo el lujo con \u00e9tica, innovaci\u00f3n y sostenibilidad. Descubra por qu\u00e9 la joyer\u00eda fina moderna est\u00e1 adoptando un futuro m\u00e1s limpio.<\/p>\n\t\t<\/div>\n\t\t\t\t<\/div>\n\t\t\t\t<\/article>\n\t\t\t\t<article class=\"elementor-post elementor-grid-item post-10052 post type-post status-publish format-standard has-post-thumbnail hentry category-education-guides tag-certified-diamonds tag-diamond-certification-guide tag-diamond-grading tag-diamond-quality-assurance tag-ethical-jewelry tag-gia-lab-grown-diamonds tag-gia-vs-igi tag-lab-diamond-report tag-lab-grown-diamond-certificate tag-lumiere-diamonds\">\n\t\t\t\t<a class=\"elementor-post__thumbnail__link\" href=\"https:\/\/lumierediamonds.eu\/es\/blog\/por-que-son-importantes-los-diamantes-cultivados-en-laboratorio-certificados-por-gia\/\" tabindex=\"-1\" >\n\t\t\t<div class=\"elementor-post__thumbnail\"><img decoding=\"async\" width=\"800\" height=\"800\" src=\"https:\/\/lumierediamonds.eu\/wp-content\/uploads\/2025\/07\/Lumiere-Milan-Emerald-Bezel-Pendant_0050CT_Y_1_1600X1600-1024x1024.jpg\" class=\"attachment-large size-large wp-image-9470\" alt=\"\" srcset=\"https:\/\/lumierediamonds.eu\/wp-content\/uploads\/2025\/07\/Lumiere-Milan-Emerald-Bezel-Pendant_0050CT_Y_1_1600X1600-1024x1024.jpg 1024w, https:\/\/lumierediamonds.eu\/wp-content\/uploads\/2025\/07\/Lumiere-Milan-Emerald-Bezel-Pendant_0050CT_Y_1_1600X1600-300x300.jpg 300w, https:\/\/lumierediamonds.eu\/wp-content\/uploads\/2025\/07\/Lumiere-Milan-Emerald-Bezel-Pendant_0050CT_Y_1_1600X1600-150x150.jpg 150w, https:\/\/lumierediamonds.eu\/wp-content\/uploads\/2025\/07\/Lumiere-Milan-Emerald-Bezel-Pendant_0050CT_Y_1_1600X1600-768x768.jpg 768w, https:\/\/lumierediamonds.eu\/wp-content\/uploads\/2025\/07\/Lumiere-Milan-Emerald-Bezel-Pendant_0050CT_Y_1_1600X1600-1536x1536.jpg 1536w, https:\/\/lumierediamonds.eu\/wp-content\/uploads\/2025\/07\/Lumiere-Milan-Emerald-Bezel-Pendant_0050CT_Y_1_1600X1600-600x600.jpg 600w, https:\/\/lumierediamonds.eu\/wp-content\/uploads\/2025\/07\/Lumiere-Milan-Emerald-Bezel-Pendant_0050CT_Y_1_1600X1600-100x100.jpg 100w, https:\/\/lumierediamonds.eu\/wp-content\/uploads\/2025\/07\/Lumiere-Milan-Emerald-Bezel-Pendant_0050CT_Y_1_1600X1600.jpg 1600w\" sizes=\"(max-width: 800px) 100vw, 800px\" \/><\/div>\n\t\t<\/a>\n\t\t\t\t<div class=\"elementor-post__text\">\n\t\t\t\t<h3 class=\"elementor-post__title\">\n\t\t\t<a href=\"https:\/\/lumierediamonds.eu\/es\/blog\/por-que-son-importantes-los-diamantes-cultivados-en-laboratorio-certificados-por-gia\/\" >\n\t\t\t\tPor qu\u00e9 son importantes los diamantes cultivados en laboratorio certificados por GIA\t\t\t<\/a>\n\t\t<\/h3>\n\t\t\t\t<div class=\"elementor-post__excerpt\">\n\t\t\t<p>Descubra por qu\u00e9 los diamantes cultivados en laboratorio con certificaci\u00f3n GIA ofrecen una confianza, calidad y transparencia inigualables. Descubra c\u00f3mo Lumi\u00e8re garantiza que cada diamante cumpla con los m\u00e1s altos est\u00e1ndares mundiales.<\/p>\n\t\t<\/div>\n\t\t\t\t<\/div>\n\t\t\t\t<\/article>\n\t\t\t\t<article class=\"elementor-post elementor-grid-item post-10047 post type-post status-publish format-standard has-post-thumbnail hentry category-style-trends tag-east-west-settings tag-engagement-ring-trends-2025 tag-lumiere-diamonds tag-minimalist-engagement-rings tag-modern-ring-styles tag-oval-engagement-rings tag-popular-lab-grown-rings tag-sustainable-engagement-rings tag-toi-et-moi-rings tag-yellow-gold-rings\">\n\t\t\t\t<a class=\"elementor-post__thumbnail__link\" href=\"https:\/\/lumierediamonds.eu\/es\/blog\/las-principales-tendencias-en-anillos-de-compromiso-para-2025\/\" tabindex=\"-1\" >\n\t\t\t<div class=\"elementor-post__thumbnail\"><img decoding=\"async\" width=\"800\" height=\"800\" src=\"https:\/\/lumierediamonds.eu\/wp-content\/uploads\/2024\/11\/Lumiere-The-Celeste-Emerald-Diamond-Engagement-Ring-in-18kt-White-Gold-1-1024x1024.jpg\" class=\"attachment-large size-large wp-image-5701\" alt=\"\" srcset=\"https:\/\/lumierediamonds.eu\/wp-content\/uploads\/2024\/11\/Lumiere-The-Celeste-Emerald-Diamond-Engagement-Ring-in-18kt-White-Gold-1-1024x1024.jpg 1024w, https:\/\/lumierediamonds.eu\/wp-content\/uploads\/2024\/11\/Lumiere-The-Celeste-Emerald-Diamond-Engagement-Ring-in-18kt-White-Gold-1-300x300.jpg 300w, https:\/\/lumierediamonds.eu\/wp-content\/uploads\/2024\/11\/Lumiere-The-Celeste-Emerald-Diamond-Engagement-Ring-in-18kt-White-Gold-1-150x150.jpg 150w, https:\/\/lumierediamonds.eu\/wp-content\/uploads\/2024\/11\/Lumiere-The-Celeste-Emerald-Diamond-Engagement-Ring-in-18kt-White-Gold-1-768x768.jpg 768w, https:\/\/lumierediamonds.eu\/wp-content\/uploads\/2024\/11\/Lumiere-The-Celeste-Emerald-Diamond-Engagement-Ring-in-18kt-White-Gold-1-1536x1536.jpg 1536w, https:\/\/lumierediamonds.eu\/wp-content\/uploads\/2024\/11\/Lumiere-The-Celeste-Emerald-Diamond-Engagement-Ring-in-18kt-White-Gold-1-600x600.jpg 600w, https:\/\/lumierediamonds.eu\/wp-content\/uploads\/2024\/11\/Lumiere-The-Celeste-Emerald-Diamond-Engagement-Ring-in-18kt-White-Gold-1-100x100.jpg 100w, https:\/\/lumierediamonds.eu\/wp-content\/uploads\/2024\/11\/Lumiere-The-Celeste-Emerald-Diamond-Engagement-Ring-in-18kt-White-Gold-1.jpg 1600w\" sizes=\"(max-width: 800px) 100vw, 800px\" \/><\/div>\n\t\t<\/a>\n\t\t\t\t<div class=\"elementor-post__text\">\n\t\t\t\t<h3 class=\"elementor-post__title\">\n\t\t\t<a href=\"https:\/\/lumierediamonds.eu\/es\/blog\/las-principales-tendencias-en-anillos-de-compromiso-para-2025\/\" >\n\t\t\t\tLas principales tendencias en anillos de compromiso para 2025\t\t\t<\/a>\n\t\t<\/h3>\n\t\t\t\t<div class=\"elementor-post__excerpt\">\n\t\t\t<p>Descubra las tendencias m\u00e1s cautivadoras en anillos de compromiso para 2025. Explore estilos modernos, brillo sostenible y los dise\u00f1os de diamantes cultivados en laboratorio m\u00e1s buscados del a\u00f1o.<\/p>\n\t\t<\/div>\n\t\t\t\t<\/div>\n\t\t\t\t<\/article>\n\t\t\t\t<article class=\"elementor-post elementor-grid-item post-10004 post type-post status-publish format-standard has-post-thumbnail hentry category-education-guides tag-conflict-free-diamonds tag-diamond-buying-guide tag-diamond-comparison tag-eco-friendly-jewelry tag-ethical-engagement-rings tag-gia-certified-diamonds tag-lab-grown-diamonds tag-lumiere-diamonds tag-natural-diamonds tag-sustainable-diamonds\">\n\t\t\t\t<a class=\"elementor-post__thumbnail__link\" href=\"https:\/\/lumierediamonds.eu\/es\/blog\/diamantes-cultivados-en-laboratorio-frente-a-diamantes-naturales-cual-es-la-diferencia-real\/\" tabindex=\"-1\" >\n\t\t\t<div class=\"elementor-post__thumbnail\"><img loading=\"lazy\" decoding=\"async\" width=\"800\" height=\"800\" src=\"https:\/\/lumierediamonds.eu\/wp-content\/uploads\/2025\/07\/Lumiere-Milan-Emerald-Diamond-Earrings_0200CT_W_1_1600X1600-1024x1024.jpg\" class=\"attachment-large size-large wp-image-9637\" alt=\"\" srcset=\"https:\/\/lumierediamonds.eu\/wp-content\/uploads\/2025\/07\/Lumiere-Milan-Emerald-Diamond-Earrings_0200CT_W_1_1600X1600-1024x1024.jpg 1024w, https:\/\/lumierediamonds.eu\/wp-content\/uploads\/2025\/07\/Lumiere-Milan-Emerald-Diamond-Earrings_0200CT_W_1_1600X1600-300x300.jpg 300w, https:\/\/lumierediamonds.eu\/wp-content\/uploads\/2025\/07\/Lumiere-Milan-Emerald-Diamond-Earrings_0200CT_W_1_1600X1600-150x150.jpg 150w, https:\/\/lumierediamonds.eu\/wp-content\/uploads\/2025\/07\/Lumiere-Milan-Emerald-Diamond-Earrings_0200CT_W_1_1600X1600-768x768.jpg 768w, https:\/\/lumierediamonds.eu\/wp-content\/uploads\/2025\/07\/Lumiere-Milan-Emerald-Diamond-Earrings_0200CT_W_1_1600X1600-1536x1536.jpg 1536w, https:\/\/lumierediamonds.eu\/wp-content\/uploads\/2025\/07\/Lumiere-Milan-Emerald-Diamond-Earrings_0200CT_W_1_1600X1600-600x600.jpg 600w, https:\/\/lumierediamonds.eu\/wp-content\/uploads\/2025\/07\/Lumiere-Milan-Emerald-Diamond-Earrings_0200CT_W_1_1600X1600-100x100.jpg 100w, https:\/\/lumierediamonds.eu\/wp-content\/uploads\/2025\/07\/Lumiere-Milan-Emerald-Diamond-Earrings_0200CT_W_1_1600X1600.jpg 1600w\" sizes=\"(max-width: 800px) 100vw, 800px\" \/><\/div>\n\t\t<\/a>\n\t\t\t\t<div class=\"elementor-post__text\">\n\t\t\t\t<h3 class=\"elementor-post__title\">\n\t\t\t<a href=\"https:\/\/lumierediamonds.eu\/es\/blog\/diamantes-cultivados-en-laboratorio-frente-a-diamantes-naturales-cual-es-la-diferencia-real\/\" >\n\t\t\t\tDiamantes cultivados en laboratorio frente a diamantes naturales: \u00bfcu\u00e1l es la diferencia real?\t\t\t<\/a>\n\t\t<\/h3>\n\t\t\t\t<div class=\"elementor-post__excerpt\">\n\t\t\t<p>Descubra las diferencias clave entre los diamantes cultivados en laboratorio y los naturales. Descubra cu\u00e1l es mejor para usted, desde el punto de vista \u00e9tico, financiero y cient\u00edfico. Su gu\u00eda para tomar decisiones sostenibles y brillantes.<\/p>\n\t\t<\/div>\n\t\t\t\t<\/div>\n\t\t\t\t<\/article>\n\t\t\t\t<\/div>\n\t\t\n\t\t\t\t<\/div>\n\t\t\t\t<\/div>\n\t\t\t\t\t<\/div>\n\t\t\t\t<\/div>\n\t\t\t\t<\/div>","protected":false},"excerpt":{"rendered":"<p>Explora el blog de Lumi\u00e8re, tu fuente de confianza para inspirarte en joyer\u00eda con diamantes, consejos de expertos y lo \u00faltimo en lujo sostenible. Desde ideas para propuestas de matrimonio hasta consejos de estilo y la artesan\u00eda detr\u00e1s de escena, descubre c\u00f3mo el brillo siempre est\u00e1 en el dise\u00f1o.<\/p>","protected":false},"author":1,"featured_media":9883,"parent":0,"menu_order":0,"comment_status":"closed","ping_status":"closed","template":"","meta":{"_acf_changed":false,"footnotes":""},"class_list":["post-10002","page","type-page","status-publish","has-post-thumbnail","hentry"],"acf":[],"jetpack_sharing_enabled":true,"_links":{"self":[{"href":"https:\/\/lumierediamonds.eu\/es\/wp-json\/wp\/v2\/pages\/10002","targetHints":{"allow":["GET"]}}],"collection":[{"href":"https:\/\/lumierediamonds.eu\/es\/wp-json\/wp\/v2\/pages"}],"about":[{"href":"https:\/\/lumierediamonds.eu\/es\/wp-json\/wp\/v2\/types\/page"}],"author":[{"embeddable":true,"href":"https:\/\/lumierediamonds.eu\/es\/wp-json\/wp\/v2\/users\/1"}],"replies":[{"embeddable":true,"href":"https:\/\/lumierediamonds.eu\/es\/wp-json\/wp\/v2\/comments?post=10002"}],"version-history":[{"count":16,"href":"https:\/\/lumierediamonds.eu\/es\/wp-json\/wp\/v2\/pages\/10002\/revisions"}],"predecessor-version":[{"id":14293,"href":"https:\/\/lumierediamonds.eu\/es\/wp-json\/wp\/v2\/pages\/10002\/revisions\/14293"}],"wp:featuredmedia":[{"embeddable":true,"href":"https:\/\/lumierediamonds.eu\/es\/wp-json\/wp\/v2\/media\/9883"}],"wp:attachment":[{"href":"https:\/\/lumierediamonds.eu\/es\/wp-json\/wp\/v2\/media?parent=10002"}],"curies":[{"name":"wp","href":"https:\/\/api.w.org\/{rel}","templated":true}]}}